{"id":32154,"date":"2025-02-20T23:32:20","date_gmt":"2025-02-20T22:32:20","guid":{"rendered":"http:\/\/olemosaic.com\/producto\/iman-de-metal-bailaora-negro-11-cm-3\/"},"modified":"2025-07-25T19:38:54","modified_gmt":"2025-07-25T17:38:54","slug":"iman-de-metal-bailarina-flamenco-preto-11-cm-3","status":"publish","type":"product","link":"https:\/\/olemosaic.com\/pt-pt\/produto\/iman-de-metal-bailarina-flamenco-preto-11-cm-3\/","title":{"rendered":"\u00cdman de metal. Bailarina de flamenco. Preto. Espanha. 11 cm."},"content":{"rendered":"<p>Este \u00edman met\u00e1lico de 11 cm \u00e9 uma representa\u00e7\u00e3o vibrante de uma bailarina de flamenco, um s\u00edmbolo ic\u00f3nico do folclore espanhol. O seu design cativante apresenta a bailarina com um vestido vermelho en\u00e9rgico adornado com detalhes amarelos e f\u00facsias, evocando a intensa paix\u00e3o e o colorido desta arte ancestral. A figura destaca-se elegantemente sobre um fundo preto, real\u00e7ando o dinamismo da sua pose e o esplendor do seu traje. O \u00edman, al\u00e9m disso, est\u00e1 decorado com um estilo de mosaico que acrescenta uma dimens\u00e3o art\u00edstica e cultural \u00e0 pe\u00e7a, enquanto a palavra &#8220;ESPA\u00d1A&#8221; na parte superior sublinha a sua origem.<\/p>\n<p>Este \u00edman n\u00e3o \u00e9 apenas uma excelente op\u00e7\u00e3o para decorar qualquer espa\u00e7o, mas tamb\u00e9m funciona como uma recorda\u00e7\u00e3o significativa da cultura andaluza, perfeito para quem deseja levar consigo um pedacinho de Espanha. Com a sua autenticidade e apelo visual, \u00e9 uma recorda\u00e7\u00e3o ideal para turistas que procuram uma lembran\u00e7a tang\u00edvel da sua visita. Na Ol\u00e9 Mosaic, orgulhamo-nos de ser distribuidores de recorda\u00e7\u00f5es de qualidade por grosso, e este \u00edman de bailarina representa a riqueza cultural e art\u00edstica das nossas tradi\u00e7\u00f5es. Perfeito para lojas de presentes tur\u00edsticos que procuram artigos aut\u00eanticos e representativos de Espanha, este \u00edman \u00e9 uma pe\u00e7a que encantar\u00e1 os visitantes.<\/p>\n","protected":false},"excerpt":{"rendered":"<p>\u00cdman de metal de 11 cm que representa uma bailarina de flamenco, um s\u00edmbolo do folclore espanhol. Este design atraente mostra a bailarina com um vibrante vestido vermelho com detalhes em amarelo e f\u00facsia, adornado com uma flor no cabelo, sobre um fundo preto. Decorado com um estilo de mosaico, o \u00edman inclui a palavra &#8220;ESPA\u00d1A&#8221; na parte superior, captando a ess\u00eancia da arte e da cultura andaluza. Ideal para levar um pedacinho de Espanha para casa.<\/p>\n","protected":false},"featured_media":8110,"template":"","meta":{"_acf_changed":false},"product_brand":[],"product_cat":[699],"product_tag":[],"class_list":{"0":"post-32154","1":"product","2":"type-product","3":"status-publish","4":"has-post-thumbnail","6":"product_cat-imanes","7":"pa_motivo-dancarinos","9":"first","10":"instock","11":"shipping-taxable","12":"product-type-simple"},"acf":[],"_links":{"self":[{"href":"https:\/\/olemosaic.com\/pt-pt\/wp-json\/wp\/v2\/product\/32154","targetHints":{"allow":["GET"]}}],"collection":[{"href":"https:\/\/olemosaic.com\/pt-pt\/wp-json\/wp\/v2\/product"}],"about":[{"href":"https:\/\/olemosaic.com\/pt-pt\/wp-json\/wp\/v2\/types\/product"}],"wp:featuredmedia":[{"embeddable":true,"href":"https:\/\/olemosaic.com\/pt-pt\/wp-json\/wp\/v2\/media\/8110"}],"wp:attachment":[{"href":"https:\/\/olemosaic.com\/pt-pt\/wp-json\/wp\/v2\/media?parent=32154"}],"wp:term":[{"taxonomy":"product_brand","embeddable":true,"href":"https:\/\/olemosaic.com\/pt-pt\/wp-json\/wp\/v2\/product_brand?post=32154"},{"taxonomy":"product_cat","embeddable":true,"href":"https:\/\/olemosaic.com\/pt-pt\/wp-json\/wp\/v2\/product_cat?post=32154"},{"taxonomy":"product_tag","embeddable":true,"href":"https:\/\/olemosaic.com\/pt-pt\/wp-json\/wp\/v2\/product_tag?post=32154"}],"curies":[{"name":"wp","href":"https:\/\/api.w.org\/{rel}","templated":true}]}}