{"id":32153,"date":"2025-02-20T23:32:20","date_gmt":"2025-02-20T22:32:20","guid":{"rendered":"http:\/\/olemosaic.com\/producto\/iman-de-metal-bailaora-negro-11-cm-2\/"},"modified":"2025-07-25T19:03:17","modified_gmt":"2025-07-25T17:03:17","slug":"iman-de-metal-bailarina-flamenco-preto-11-cm-2","status":"publish","type":"product","link":"https:\/\/olemosaic.com\/pt-pt\/produto\/iman-de-metal-bailarina-flamenco-preto-11-cm-2\/","title":{"rendered":"\u00cdman de metal. Bailarina de flamenco. Vestido vermelho e f\u00facsia. Preto. 11 cm."},"content":{"rendered":"<p>Este \u00edman met\u00e1lico de 11 cm \u00e9 uma representa\u00e7\u00e3o colorida do flamenco espanhol, que destaca a figura de quatro bailarinas de flamenco em pleno movimento. Cada bailarina exibe vestidos vibrantes que captam a ess\u00eancia da arte flamenca, com uma explos\u00e3o de cores como o vermelho e o azul, que evocam a paix\u00e3o e a energia desta dan\u00e7a tradicional. O fundo preto intensifica os detalhes, fazendo com que cada figura se destaque com clareza e eleg\u00e2ncia. O design estilizado reflete a beleza do traje de folhos, com cada prega cuidadosamente delineada para mostrar a fluidez da dan\u00e7a.<\/p>\n<p>Este \u00edman n\u00e3o \u00e9 apenas um objeto decorativo; \u00e9 um s\u00edmbolo da rica heran\u00e7a cultural da Andaluzia e do folclore espanhol, perfeito para quem deseja levar um peda\u00e7o da tradi\u00e7\u00e3o para casa. Representa a alegria e vitalidade das festividades locais, tornando-o uma recorda\u00e7\u00e3o ideal para turistas. Com o seu estilo aut\u00eantico e atraente, esta lembran\u00e7a \u00e9 uma excelente op\u00e7\u00e3o para adornar qualquer superf\u00edcie met\u00e1lica, desde frigor\u00edficos a escrit\u00f3rios.<\/p>\n<p>Na Ol\u00e9 Mosaic, especializamo-nos na distribui\u00e7\u00e3o de recorda\u00e7\u00f5es por grosso, fornecendo produtos que refletem a aut\u00eantica cultura espanhola. Este \u00edman de bailarinas \u00e9 uma op\u00e7\u00e3o perfeita para lojas de presentes tur\u00edsticos que desejem oferecer artigos significativos e representativos. Como grossistas de \u00edmanes, garantimos que cada produto combina artesanato, estilo e relev\u00e2ncia cultural.<\/p>\n","protected":false},"excerpt":{"rendered":"<p>\u00cdman met\u00e1lico de 11 cm que representa quatro bailarinas de flamenco, real\u00e7ando os seus trajes ricos em cores vibrantes como o vermelho e o azul. Com um fundo preto que intensifica os detalhes, cada figura \u00e9 elaborada com um design colorido e estilizado, captando a ess\u00eancia da dan\u00e7a flamenca. Este \u00edman \u00e9 uma bela representa\u00e7\u00e3o do folclore espanhol, ideal para adornar qualquer superf\u00edcie met\u00e1lica e recordar as tradi\u00e7\u00f5es da Andaluzia.<\/p>\n","protected":false},"featured_media":8161,"template":"","meta":{"_acf_changed":false},"product_brand":[],"product_cat":[699],"product_tag":[],"class_list":{"0":"post-32153","1":"product","2":"type-product","3":"status-publish","4":"has-post-thumbnail","6":"product_cat-imanes","7":"pa_motivo-dancarinos","9":"first","10":"instock","11":"shipping-taxable","12":"product-type-simple"},"acf":[],"_links":{"self":[{"href":"https:\/\/olemosaic.com\/pt-pt\/wp-json\/wp\/v2\/product\/32153","targetHints":{"allow":["GET"]}}],"collection":[{"href":"https:\/\/olemosaic.com\/pt-pt\/wp-json\/wp\/v2\/product"}],"about":[{"href":"https:\/\/olemosaic.com\/pt-pt\/wp-json\/wp\/v2\/types\/product"}],"wp:featuredmedia":[{"embeddable":true,"href":"https:\/\/olemosaic.com\/pt-pt\/wp-json\/wp\/v2\/media\/8161"}],"wp:attachment":[{"href":"https:\/\/olemosaic.com\/pt-pt\/wp-json\/wp\/v2\/media?parent=32153"}],"wp:term":[{"taxonomy":"product_brand","embeddable":true,"href":"https:\/\/olemosaic.com\/pt-pt\/wp-json\/wp\/v2\/product_brand?post=32153"},{"taxonomy":"product_cat","embeddable":true,"href":"https:\/\/olemosaic.com\/pt-pt\/wp-json\/wp\/v2\/product_cat?post=32153"},{"taxonomy":"product_tag","embeddable":true,"href":"https:\/\/olemosaic.com\/pt-pt\/wp-json\/wp\/v2\/product_tag?post=32153"}],"curies":[{"name":"wp","href":"https:\/\/api.w.org\/{rel}","templated":true}]}}