{"id":32152,"date":"2025-02-20T22:32:19","date_gmt":"2025-02-20T22:32:19","guid":{"rendered":"http:\/\/olemosaic.com\/producto\/iman-de-metal-punt-de-trobada-11-cm\/"},"modified":"2025-07-25T23:42:56","modified_gmt":"2025-07-25T21:42:56","slug":"iman-de-metal-punt-de-trobada-11-cm-pt-pt","status":"publish","type":"product","link":"https:\/\/olemosaic.com\/pt-pt\/produto\/iman-de-metal-punt-de-trobada-11-cm-pt-pt\/","title":{"rendered":"\u00cdman de metal. Punt de trobada. 11 cm."},"content":{"rendered":"<p>Este \u00edman met\u00e1lico de 11 cm \u00e9 uma homenagem vibrante ao ic\u00f3nico mosaico &#8220;Punt de trobada&#8221; de Joan Mir\u00f3, que capta a ess\u00eancia da arte moderna de Barcelona. Cada detalhe do design \u00e9 cuidadosamente elaborado, com uma rica paleta de cores que inclui vermelho, preto, azul e amarelo sobre um fundo branco que real\u00e7a o seu apelo visual. Os padr\u00f5es abstratos evocam o estilo \u00fanico de Mir\u00f3, com formas onduladas e din\u00e2micas que convidam \u00e0 imagina\u00e7\u00e3o e representam a fus\u00e3o entre a natureza e a criatividade do artista.<\/p>\n<p>Este \u00edman decorativo n\u00e3o \u00e9 apenas uma excelente forma de embelezar o seu frigor\u00edfico, mas tamb\u00e9m funciona como uma recorda\u00e7\u00e3o significativa da sua visita a Barcelona, levando um pedacinho da sua cultura e arte para a sua casa. O seu design colorido e alegre torna-o um presente ideal para turistas que procuram recorda\u00e7\u00f5es aut\u00eanticas que reflitam a identidade art\u00edstica da cidade. Na Ol\u00e9 Mosaic, dispomos de uma vasta gama de recorda\u00e7\u00f5es de arte, e este \u00edman destaca-se pela sua autenticidade e liga\u00e7\u00e3o cultural. Como distribuidores de \u00edmanes por grosso, oferecemos uma op\u00e7\u00e3o perfeita para lojas de presentes tur\u00edsticos que desejem proporcionar aos seus clientes uma representa\u00e7\u00e3o \u00fanica do legado de Mir\u00f3.<\/p>\n","protected":false},"excerpt":{"rendered":"<p>\u00cdman met\u00e1lico de 11 cm, inspirado no ic\u00f3nico mosaico &#8220;Punt de trobada&#8221; de Joan Mir\u00f3. Este \u00edman colorido apresenta um design vibrante com formas abstratas e uma ampla paleta de cores, como vermelho, preto, azul e amarelo, sobre um fundo branco que real\u00e7a a sua beleza. Ideal para decorar o seu frigor\u00edfico e levar um pedacinho de arte moderna de Barcelona para casa, com a ess\u00eancia \u00fanica que capta a fus\u00e3o entre a natureza e a criatividade do famoso artista.<\/p>\n","protected":false},"featured_media":7934,"template":"","meta":{"_acf_changed":false},"product_brand":[],"product_cat":[699],"product_tag":[],"class_list":{"0":"post-32152","1":"product","2":"type-product","3":"status-publish","4":"has-post-thumbnail","6":"product_cat-imanes","7":"pa_motivo-punt-de-trobada","9":"first","10":"instock","11":"shipping-taxable","12":"product-type-simple"},"acf":[],"_links":{"self":[{"href":"https:\/\/olemosaic.com\/pt-pt\/wp-json\/wp\/v2\/product\/32152","targetHints":{"allow":["GET"]}}],"collection":[{"href":"https:\/\/olemosaic.com\/pt-pt\/wp-json\/wp\/v2\/product"}],"about":[{"href":"https:\/\/olemosaic.com\/pt-pt\/wp-json\/wp\/v2\/types\/product"}],"wp:featuredmedia":[{"embeddable":true,"href":"https:\/\/olemosaic.com\/pt-pt\/wp-json\/wp\/v2\/media\/7934"}],"wp:attachment":[{"href":"https:\/\/olemosaic.com\/pt-pt\/wp-json\/wp\/v2\/media?parent=32152"}],"wp:term":[{"taxonomy":"product_brand","embeddable":true,"href":"https:\/\/olemosaic.com\/pt-pt\/wp-json\/wp\/v2\/product_brand?post=32152"},{"taxonomy":"product_cat","embeddable":true,"href":"https:\/\/olemosaic.com\/pt-pt\/wp-json\/wp\/v2\/product_cat?post=32152"},{"taxonomy":"product_tag","embeddable":true,"href":"https:\/\/olemosaic.com\/pt-pt\/wp-json\/wp\/v2\/product_tag?post=32152"}],"curies":[{"name":"wp","href":"https:\/\/api.w.org\/{rel}","templated":true}]}}