{"id":32151,"date":"2025-02-20T22:32:19","date_gmt":"2025-02-20T22:32:19","guid":{"rendered":"http:\/\/olemosaic.com\/producto\/iman-de-metal-salamandra-11-cm\/"},"modified":"2025-07-25T19:02:20","modified_gmt":"2025-07-25T17:02:20","slug":"iman-de-metal-salamandra-11-cm-pt-pt","status":"publish","type":"product","link":"https:\/\/olemosaic.com\/pt-pt\/produto\/iman-de-metal-salamandra-11-cm-pt-pt\/","title":{"rendered":"\u00cdman de metal. Salamandra. 11 cm."},"content":{"rendered":"<p>Este \u00edman met\u00e1lico de 11 cm, adornado com alegres salamandras, \u00e9 uma representa\u00e7\u00e3o vibrante da fauna caracter\u00edstica das regi\u00f5es quentes de Espanha, ideal para quem procura uma recorda\u00e7\u00e3o aut\u00eantica e colorida. O design apresenta salamandras em tons brilhantes de vermelho, azul e verde, dispostas com gra\u00e7a sobre um fundo que evoca a alegria do folclore espanhol. Rodeadas por um delicado padr\u00e3o floral, cada salamandra \u00e9 elaborada com detalhes que real\u00e7am a sua natureza l\u00fadica, simbolizando a riqueza e diversidade do ecossistema ib\u00e9rico.<\/p>\n<p>O \u00edman destaca-se pelo seu design de mosaico, que reflete a tradi\u00e7\u00e3o art\u00edstica da cer\u00e2mica e do azulejo espanhol, onde as cores intensas e as formas geom\u00e9tricas criam uma obra visualmente cativante. Esta recorda\u00e7\u00e3o n\u00e3o \u00e9 apenas um acess\u00f3rio funcional para decorar o frigor\u00edfico, mas tamb\u00e9m uma lembran\u00e7a do calor e do esp\u00edrito acolhedor de Espanha.<\/p>\n<p>Na Ol\u00e9 Mosaic, especializamo-nos na distribui\u00e7\u00e3o de recorda\u00e7\u00f5es por grosso, oferecendo pe\u00e7as aut\u00eanticas que representam a cultura e a arte de Espanha. Este \u00edman de salamandra \u00e9 uma excelente op\u00e7\u00e3o para lojas de presentes tur\u00edsticos que procurem produtos que encapsulem a ess\u00eancia do pa\u00eds e ofere\u00e7am aos turistas um peda\u00e7o da vibrante cultura espanhola.<\/p>\n","protected":false},"excerpt":{"rendered":"<p>\u00cdman met\u00e1lico de 11 cm decorado com alegres salamandras em cores brilhantes. Esta atraente recorda\u00e7\u00e3o representa a fauna caracter\u00edstica das regi\u00f5es quentes, adornada com um design de mosaico que inclui tonalidades vermelhas, azuis e verdes. As salamandras est\u00e3o rodeadas de elementos florais que conferem um toque vibrante, encapsulando o esp\u00edrito alegre do folclore espanhol. Ideal para decorar o seu frigor\u00edfico e levar um peda\u00e7o de Espanha para casa.<\/p>\n","protected":false},"featured_media":8953,"template":"","meta":{"_acf_changed":false},"product_brand":[],"product_cat":[699],"product_tag":[516],"class_list":{"0":"post-32151","1":"product","2":"type-product","3":"status-publish","4":"has-post-thumbnail","6":"product_cat-imanes","7":"product_tag-animais","8":"pa_motivo-salamandras","10":"first","11":"instock","12":"shipping-taxable","13":"product-type-simple"},"acf":[],"_links":{"self":[{"href":"https:\/\/olemosaic.com\/pt-pt\/wp-json\/wp\/v2\/product\/32151","targetHints":{"allow":["GET"]}}],"collection":[{"href":"https:\/\/olemosaic.com\/pt-pt\/wp-json\/wp\/v2\/product"}],"about":[{"href":"https:\/\/olemosaic.com\/pt-pt\/wp-json\/wp\/v2\/types\/product"}],"wp:featuredmedia":[{"embeddable":true,"href":"https:\/\/olemosaic.com\/pt-pt\/wp-json\/wp\/v2\/media\/8953"}],"wp:attachment":[{"href":"https:\/\/olemosaic.com\/pt-pt\/wp-json\/wp\/v2\/media?parent=32151"}],"wp:term":[{"taxonomy":"product_brand","embeddable":true,"href":"https:\/\/olemosaic.com\/pt-pt\/wp-json\/wp\/v2\/product_brand?post=32151"},{"taxonomy":"product_cat","embeddable":true,"href":"https:\/\/olemosaic.com\/pt-pt\/wp-json\/wp\/v2\/product_cat?post=32151"},{"taxonomy":"product_tag","embeddable":true,"href":"https:\/\/olemosaic.com\/pt-pt\/wp-json\/wp\/v2\/product_tag?post=32151"}],"curies":[{"name":"wp","href":"https:\/\/api.w.org\/{rel}","templated":true}]}}