{"id":32150,"date":"2025-02-20T22:32:19","date_gmt":"2025-02-20T22:32:19","guid":{"rendered":"http:\/\/olemosaic.com\/producto\/iman-de-metal-salamandra-negro-11-cm\/"},"modified":"2025-07-25T20:31:20","modified_gmt":"2025-07-25T18:31:20","slug":"iman-de-metal-salamandra-preto-11-cm","status":"publish","type":"product","link":"https:\/\/olemosaic.com\/pt-pt\/produto\/iman-de-metal-salamandra-preto-11-cm\/","title":{"rendered":"\u00cdman de metal. Salamandra. Preto. 11 cm."},"content":{"rendered":"<p>Este \u00edman met\u00e1lico, com uma representa\u00e7\u00e3o vibrante de uma salamandra, \u00e9 uma recorda\u00e7\u00e3o aut\u00eantica que capta a ess\u00eancia do folclore espanhol. Com dimens\u00f5es de 11 cm, o seu design de mosaico destaca-se sobre uma base preta. A salamandra, elaborada com uma explos\u00e3o de tons azuis, verdes, amarelos e vermelhos, ganha vida com detalhes que evocam a rica biodiversidade do pa\u00eds. \u00c0 sua volta, pequenos lagartos em diferentes cores acrescentam um toque l\u00fadico e atraente ao design, tornando este \u00edman uma pe\u00e7a visualmente cativante que certamente atrair\u00e1 todos os olhares.<\/p>\n<p>A salamandra, um s\u00edmbolo de transforma\u00e7\u00e3o e renova\u00e7\u00e3o em muitas culturas, tem uma liga\u00e7\u00e3o especial com as tradi\u00e7\u00f5es locais, sendo um elemento folcl\u00f3rico que representa a diversidade da fauna espanhola. Este \u00edman n\u00e3o \u00e9 apenas uma op\u00e7\u00e3o decorativa ideal para qualquer superf\u00edcie magn\u00e9tica, mas tamb\u00e9m se torna uma recorda\u00e7\u00e3o cultural e representativa, que encerra a beleza est\u00e9tica do artesanato espanhol.<\/p>\n<p>Na Ol\u00e9 Mosaic, oferecemos este \u00edman de salamandra como parte da nossa cole\u00e7\u00e3o de recorda\u00e7\u00f5es de Espanha, ideal para lojas de presentes tur\u00edsticos que procuram oferecer produtos aut\u00eanticos e cheios de significado. Com este \u00edman, os turistas n\u00e3o s\u00f3 levar\u00e3o um pedacinho de Espanha, mas tamb\u00e9m uma pe\u00e7a de arte que celebra a sua rica heran\u00e7a cultural.<\/p>\n","protected":false},"excerpt":{"rendered":"<p>\u00cdman met\u00e1lico com uma salamandra colorida, ideal para dar um toque vibrante a qualquer superf\u00edcie magn\u00e9tica. O seu design de mosaico, com tons azuis, verdes, amarelos e vermelhos, destaca-se sobre o fundo preto, real\u00e7ando o seu estilo distintivo. Mede 11 cm e apresenta pequenos detalhes de outros lagartos em diferentes cores, evocando o rico patrim\u00f3nio cultural espanhol. Perfeito como recorda\u00e7\u00e3o ou presente.<\/p>\n","protected":false},"featured_media":8800,"template":"","meta":{"_acf_changed":false},"product_brand":[],"product_cat":[699],"product_tag":[516],"class_list":{"0":"post-32150","1":"product","2":"type-product","3":"status-publish","4":"has-post-thumbnail","6":"product_cat-imanes","7":"product_tag-animais","8":"pa_motivo-salamandras","10":"first","11":"instock","12":"shipping-taxable","13":"product-type-simple"},"acf":[],"_links":{"self":[{"href":"https:\/\/olemosaic.com\/pt-pt\/wp-json\/wp\/v2\/product\/32150","targetHints":{"allow":["GET"]}}],"collection":[{"href":"https:\/\/olemosaic.com\/pt-pt\/wp-json\/wp\/v2\/product"}],"about":[{"href":"https:\/\/olemosaic.com\/pt-pt\/wp-json\/wp\/v2\/types\/product"}],"wp:featuredmedia":[{"embeddable":true,"href":"https:\/\/olemosaic.com\/pt-pt\/wp-json\/wp\/v2\/media\/8800"}],"wp:attachment":[{"href":"https:\/\/olemosaic.com\/pt-pt\/wp-json\/wp\/v2\/media?parent=32150"}],"wp:term":[{"taxonomy":"product_brand","embeddable":true,"href":"https:\/\/olemosaic.com\/pt-pt\/wp-json\/wp\/v2\/product_brand?post=32150"},{"taxonomy":"product_cat","embeddable":true,"href":"https:\/\/olemosaic.com\/pt-pt\/wp-json\/wp\/v2\/product_cat?post=32150"},{"taxonomy":"product_tag","embeddable":true,"href":"https:\/\/olemosaic.com\/pt-pt\/wp-json\/wp\/v2\/product_tag?post=32150"}],"curies":[{"name":"wp","href":"https:\/\/api.w.org\/{rel}","templated":true}]}}