{"id":32123,"date":"2025-02-20T22:32:19","date_gmt":"2025-02-20T22:32:19","guid":{"rendered":"http:\/\/olemosaic.com\/producto\/iman-de-metal-panoramica-sevilla-8-cm\/"},"modified":"2025-07-25T19:44:40","modified_gmt":"2025-07-25T17:44:40","slug":"iman-de-metal-panoramica-sevilha-8-cm","status":"publish","type":"product","link":"https:\/\/olemosaic.com\/pt-pt\/produto\/iman-de-metal-panoramica-sevilha-8-cm\/","title":{"rendered":"\u00cdman de metal. Panor\u00e2mica. Sevilha. 8 cm."},"content":{"rendered":"<p>Este \u00edman met\u00e1lico com uma vibrante panor\u00e2mica de Sevilha \u00e9 a recorda\u00e7\u00e3o perfeita para quem deseja levar um pedacinho da cidade andaluza. Com um design de 8 cm, este chamativo \u00edman apresenta uma representa\u00e7\u00e3o art\u00edstica da emblem\u00e1tica arquitetura sevilhana, captando a ess\u00eancia dos seus monumentos mais ic\u00f3nicos. Sobre um belo fundo de mosaico, o nome \u201cSEVILLA\u201d destaca-se com letras chamativas, criando um apelo visual que evoca a riqueza cultural da cidade.<\/p>\n<p>As cores vermelho, azul e amarelo real\u00e7am os detalhes arquitet\u00f3nicos, adicionando um toque de vida e dinamismo \u00e0 pe\u00e7a. Elementos como as palmeiras conferem uma frescura tropical, lembrando aos turistas o clima quente e acolhedor de Sevilha. Este \u00edman n\u00e3o \u00e9 apenas um objeto decorativo, mas tamb\u00e9m um souvenir aut\u00eantico que encapsula a beleza e o encanto desta cidade hist\u00f3rica, ideal para quem procura uma recorda\u00e7\u00e3o significativa.<\/p>\n<p>Na Ol\u00e9 Mosaic, especializamo-nos na distribui\u00e7\u00e3o de souvenirs por grosso, oferecendo artigos representativos que refletem a cultura local. Este \u00edman de Sevilha \u00e9 uma excelente op\u00e7\u00e3o para lojas de presentes tur\u00edsticos que desejem oferecer produtos aut\u00eanticos e coloridos aos seus clientes. Como grossistas de souvenirs, garantimos a qualidade e originalidade em cada artigo que distribu\u00edmos.<\/p>\n","protected":false},"excerpt":{"rendered":"<p>\u00cdman met\u00e1lico com uma colorida panor\u00e2mica de Sevilha, de 8 cm. Este atraente \u00edman apresenta uma representa\u00e7\u00e3o art\u00edstica da famosa arquitetura sevilhana, emoldurada sobre um vibrante fundo de mosaico. Com o nome &#8220;SEVILLA&#8221; em letras chamativas, evoca a ess\u00eancia cultural da cidade. Os detalhes em vermelho, azul e amarelo destacam os monumentos emblem\u00e1ticos, enquanto as palmeiras adicionam um toque fresco e tropical, perfeito para recordar a beleza desta cidade andaluza.<\/p>\n","protected":false},"featured_media":12820,"template":"","meta":{"_acf_changed":false},"product_brand":[],"product_cat":[699],"product_tag":[],"class_list":{"0":"post-32123","1":"product","2":"type-product","3":"status-publish","4":"has-post-thumbnail","6":"product_cat-imanes","7":"pa_ciudad-sevilla","8":"pa_motivo-panoramas","9":"pa_pais-espana","11":"first","12":"instock","13":"shipping-taxable","14":"product-type-simple"},"acf":[],"_links":{"self":[{"href":"https:\/\/olemosaic.com\/pt-pt\/wp-json\/wp\/v2\/product\/32123","targetHints":{"allow":["GET"]}}],"collection":[{"href":"https:\/\/olemosaic.com\/pt-pt\/wp-json\/wp\/v2\/product"}],"about":[{"href":"https:\/\/olemosaic.com\/pt-pt\/wp-json\/wp\/v2\/types\/product"}],"wp:featuredmedia":[{"embeddable":true,"href":"https:\/\/olemosaic.com\/pt-pt\/wp-json\/wp\/v2\/media\/12820"}],"wp:attachment":[{"href":"https:\/\/olemosaic.com\/pt-pt\/wp-json\/wp\/v2\/media?parent=32123"}],"wp:term":[{"taxonomy":"product_brand","embeddable":true,"href":"https:\/\/olemosaic.com\/pt-pt\/wp-json\/wp\/v2\/product_brand?post=32123"},{"taxonomy":"product_cat","embeddable":true,"href":"https:\/\/olemosaic.com\/pt-pt\/wp-json\/wp\/v2\/product_cat?post=32123"},{"taxonomy":"product_tag","embeddable":true,"href":"https:\/\/olemosaic.com\/pt-pt\/wp-json\/wp\/v2\/product_tag?post=32123"}],"curies":[{"name":"wp","href":"https:\/\/api.w.org\/{rel}","templated":true}]}}