{"id":32121,"date":"2025-02-20T23:32:19","date_gmt":"2025-02-20T22:32:19","guid":{"rendered":"http:\/\/olemosaic.com\/producto\/iman-de-metal-panoramica-mijas-plata-8-cm\/"},"modified":"2025-07-25T20:19:30","modified_gmt":"2025-07-25T18:19:30","slug":"iman-de-metal-panoramica-mijas-prata-8-cm","status":"publish","type":"product","link":"https:\/\/olemosaic.com\/pt-pt\/produto\/iman-de-metal-panoramica-mijas-prata-8-cm\/","title":{"rendered":"\u00cdman de metal. Panor\u00e2mica. Mijas. Prata. 8 cm."},"content":{"rendered":"<p>Este \u00edman met\u00e1lico com uma vibrante panor\u00e2mica de Mijas \u00e9 un produto atraente e representativo da cultura andaluza. Com um tamanho de 8 cm, este \u00edman capta na perfei\u00e7\u00e3o a ess\u00eancia da encantadora vila andaluza. A imagem destaca a ic\u00f3nica Pra\u00e7a de Touros, rodeada de casas caiadas que refletem a arquitetura t\u00edpica da regi\u00e3o, adornadas com palmeiras exuberantes que conferem um toque tropical \u00e0 paisagem.<\/p>\n<p>A t\u00e9cnica de estilo mosaico utilizada para ilustrar esta cena confere-lhe um efeito art\u00edstico e colorido, fazendo com que cada detalhe brilhe com vivacidade. As cores brilhantes e a variedade de tonalidades utilizadas na imagem criam uma sensa\u00e7\u00e3o de alegria e nostalgia, ideal para quem deseja levar um pedacinho de Mijas para casa. Este \u00edman n\u00e3o \u00e9 apenas um objeto decorativo, mas tamb\u00e9m um souvenir evocativo que recorda as belas vistas e o calor da Costa del Sol.<\/p>\n<p>Na Ol\u00e9 Mosaic, somos especialistas na distribui\u00e7\u00e3o de souvenirs por grosso e oferecemos produtos aut\u00eanticos como este \u00edman de Mijas, perfeito para turistas que procuram uma recorda\u00e7\u00e3o representativa da sua visita. A autenticidade e o estilo distintivo deste souvenir tornam-no uma escolha excecional para lojas de presentes tur\u00edsticos que desejem oferecer pe\u00e7as \u00fanicas aos seus clientes.<\/p>\n","protected":false},"excerpt":{"rendered":"<p>\u00cdman met\u00e1lico com uma vibrante panor\u00e2mica de Mijas. Este atraente \u00edman de 8 cm apresenta cores brilhantes num design que capta a ess\u00eancia da vila andaluza, destacando a ic\u00f3nica Pra\u00e7a de Touros e uma s\u00e9rie de casas caiadas adornadas com palmeiras. A t\u00e9cnica de estilo mosaico adiciona um toque art\u00edstico e distintivo, ideal para recordar os seus momentos neste encantador destino espanhol. Um souvenir perfeito para levar um pedacinho de Mijas para o seu lar.<\/p>\n","protected":false},"featured_media":9628,"template":"","meta":{"_acf_changed":false},"product_brand":[],"product_cat":[699],"product_tag":[],"class_list":{"0":"post-32121","1":"product","2":"type-product","3":"status-publish","4":"has-post-thumbnail","6":"product_cat-imanes","7":"pa_ciudad-mijas","8":"pa_motivo-panoramas","9":"pa_pais-espana","11":"first","12":"instock","13":"shipping-taxable","14":"product-type-simple"},"acf":[],"_links":{"self":[{"href":"https:\/\/olemosaic.com\/pt-pt\/wp-json\/wp\/v2\/product\/32121","targetHints":{"allow":["GET"]}}],"collection":[{"href":"https:\/\/olemosaic.com\/pt-pt\/wp-json\/wp\/v2\/product"}],"about":[{"href":"https:\/\/olemosaic.com\/pt-pt\/wp-json\/wp\/v2\/types\/product"}],"wp:featuredmedia":[{"embeddable":true,"href":"https:\/\/olemosaic.com\/pt-pt\/wp-json\/wp\/v2\/media\/9628"}],"wp:attachment":[{"href":"https:\/\/olemosaic.com\/pt-pt\/wp-json\/wp\/v2\/media?parent=32121"}],"wp:term":[{"taxonomy":"product_brand","embeddable":true,"href":"https:\/\/olemosaic.com\/pt-pt\/wp-json\/wp\/v2\/product_brand?post=32121"},{"taxonomy":"product_cat","embeddable":true,"href":"https:\/\/olemosaic.com\/pt-pt\/wp-json\/wp\/v2\/product_cat?post=32121"},{"taxonomy":"product_tag","embeddable":true,"href":"https:\/\/olemosaic.com\/pt-pt\/wp-json\/wp\/v2\/product_tag?post=32121"}],"curies":[{"name":"wp","href":"https:\/\/api.w.org\/{rel}","templated":true}]}}