{"id":32118,"date":"2025-02-20T23:32:18","date_gmt":"2025-02-20T22:32:18","guid":{"rendered":"http:\/\/olemosaic.com\/producto\/iman-de-metal-panoramica-barcelona-negro-8-cm-2\/"},"modified":"2025-07-25T18:55:34","modified_gmt":"2025-07-25T16:55:34","slug":"iman-de-metal-panoramica-barcelona-preto-8-cm-2","status":"publish","type":"product","link":"https:\/\/olemosaic.com\/pt-pt\/produto\/iman-de-metal-panoramica-barcelona-preto-8-cm-2\/","title":{"rendered":"\u00cdman de metal. Panor\u00e2mica. Casa Batll\u00f3. Barcelona. Preto. 8 cm."},"content":{"rendered":"<p>Este \u00edman met\u00e1lico com uma vibrante panor\u00e2mica de Barcelona \u00e9 uma pe\u00e7a leve e atraente que capta a ess\u00eancia da cidade condal. Com um tamanho de 8 cm, este \u00edman destaca-se pelo seu design colorido de estilo mosaico, que ilustra os emblem\u00e1ticos monumentos de Barcelona sobre um fundo preto que real\u00e7a a intensidade das suas cores. Nele apreciam-se representa\u00e7\u00f5es art\u00edsticas do famoso drag\u00e3o do Parc G\u00fcell, a majestosa Casa Batll\u00f3 e a ic\u00f3nica Sagrada Fam\u00edlia, todos reunidos numa \u00fanica e cativante imagem que celebra a arquitetura modernista e a criatividade de Antoni Gaud\u00ed.<\/p>\n<p>Este souvenir n\u00e3o \u00e9 apenas uma excelente recorda\u00e7\u00e3o da beleza arquitet\u00f3nica da cidade, mas tamb\u00e9m um elemento decorativo perfeito para qualquer superf\u00edcie met\u00e1lica, ideal para a casa ou para o escrit\u00f3rio. O \u00edman de Barcelona torna-se uma recorda\u00e7\u00e3o cultural significativa, que representa a rica heran\u00e7a art\u00edstica da regi\u00e3o.<\/p>\n<p>Na Ol\u00e9 Mosaic somos especialistas na distribui\u00e7\u00e3o de souvenirs por grosso. Este \u00edman da panor\u00e2mica de Barcelona \u00e9 uma op\u00e7\u00e3o perfeita para lojas de presentes tur\u00edsticos que procuram produtos aut\u00eanticos e carregados de relev\u00e2ncia cultural. Como grossistas de \u00edmanes, garantimos qualidade e originalidade em cada pe\u00e7a, fazendo com que este \u00edman seja um presente perfeito para os turistas que desejam levar um peda\u00e7o de Barcelona.<\/p>\n","protected":false},"excerpt":{"rendered":"<p>\u00cdman met\u00e1lico com uma vibrante panor\u00e2mica de Barcelona, que destaca os seus emblem\u00e1ticos monumentos num design colorido ao estilo mosaico. Com um tamanho de 8 cm, apresenta uma representa\u00e7\u00e3o art\u00edstica do famoso drag\u00e3o do Parc G\u00fcell, a Casa Batll\u00f3 e a Sagrada Fam\u00edlia, tudo sobre um fundo preto que real\u00e7a as cores intensas. Este souvenir \u00e9 ideal para recordar a beleza arquitet\u00f3nica da Cidade Condal e decorar qualquer superf\u00edcie met\u00e1lica.<\/p>\n","protected":false},"featured_media":11420,"template":"","meta":{"_acf_changed":false},"product_brand":[],"product_cat":[699],"product_tag":[],"class_list":{"0":"post-32118","1":"product","2":"type-product","3":"status-publish","4":"has-post-thumbnail","6":"product_cat-imanes","7":"pa_ciudad-barcelona","8":"pa_motivo-panoramas","9":"pa_pais-espana","11":"first","12":"instock","13":"shipping-taxable","14":"product-type-simple"},"acf":[],"_links":{"self":[{"href":"https:\/\/olemosaic.com\/pt-pt\/wp-json\/wp\/v2\/product\/32118","targetHints":{"allow":["GET"]}}],"collection":[{"href":"https:\/\/olemosaic.com\/pt-pt\/wp-json\/wp\/v2\/product"}],"about":[{"href":"https:\/\/olemosaic.com\/pt-pt\/wp-json\/wp\/v2\/types\/product"}],"wp:featuredmedia":[{"embeddable":true,"href":"https:\/\/olemosaic.com\/pt-pt\/wp-json\/wp\/v2\/media\/11420"}],"wp:attachment":[{"href":"https:\/\/olemosaic.com\/pt-pt\/wp-json\/wp\/v2\/media?parent=32118"}],"wp:term":[{"taxonomy":"product_brand","embeddable":true,"href":"https:\/\/olemosaic.com\/pt-pt\/wp-json\/wp\/v2\/product_brand?post=32118"},{"taxonomy":"product_cat","embeddable":true,"href":"https:\/\/olemosaic.com\/pt-pt\/wp-json\/wp\/v2\/product_cat?post=32118"},{"taxonomy":"product_tag","embeddable":true,"href":"https:\/\/olemosaic.com\/pt-pt\/wp-json\/wp\/v2\/product_tag?post=32118"}],"curies":[{"name":"wp","href":"https:\/\/api.w.org\/{rel}","templated":true}]}}