{"id":32116,"date":"2025-02-20T23:32:18","date_gmt":"2025-02-20T22:32:18","guid":{"rendered":"http:\/\/olemosaic.com\/producto\/iman-de-metal-panoramica-barcelona-8-cm-8\/"},"modified":"2025-07-25T20:46:37","modified_gmt":"2025-07-25T18:46:37","slug":"iman-de-metal-panoramica-barcelona-8-cm-8-pt-pt","status":"publish","type":"product","link":"https:\/\/olemosaic.com\/pt-pt\/produto\/iman-de-metal-panoramica-barcelona-8-cm-8-pt-pt\/","title":{"rendered":"\u00cdman de metal. Panor\u00e2mica. Mosaico. Arquitetura. Barcelona. 8 cm."},"content":{"rendered":"<p>Este \u00edman met\u00e1lico, com uma vibrante panor\u00e2mica de Barcelona, \u00e9 um souvenir imprescind\u00edvel para quem deseja levar consigo um peda\u00e7o da riqueza cultural da capital catal\u00e3. Com um tamanho de 8 cm, este \u00edman colorido apresenta um design art\u00edstico que evoca a ic\u00f3nica arquitetura da cidade, destacando elementos de mosaico e formas distintivas que representam a ess\u00eancia de Barcelona. A imagem inclui a famosa Sagrada Fam\u00edlia, com as suas impressionantes torres que se elevam em dire\u00e7\u00e3o ao c\u00e9u, juntamente com outros monumentos emblem\u00e1ticos que definem a paisagem urbana, tudo isto emoldurado por um fundo azul que simula o c\u00e9u luminoso da cidade.<\/p>\n<p>O acabamento brilhante real\u00e7a as cores vivas, desde os tons quentes que adornam a Sagrada Fam\u00edlia at\u00e9 aos diversos matizes que comp\u00f5em os mosaicos de outros monumentos, criando uma pe\u00e7a tanto decorativa como representativa. Este \u00edman n\u00e3o s\u00f3 cumpre a fun\u00e7\u00e3o pr\u00e1tica de segurar notas e recorda\u00e7\u00f5es, como tamb\u00e9m atua como um lembrete visual da beleza arquitet\u00f3nica de Barcelona, tornando-se um objeto de conversa e admira\u00e7\u00e3o.<\/p>\n<p>Na Ol\u00e9 Mosaic, oferecemos souvenirs aut\u00eanticos de Barcelona, como este \u00edman, refletindo a cultura e a est\u00e9tica da regi\u00e3o. Ideal para lojas de presentes tur\u00edsticos, este artigo capta a ess\u00eancia de um souvenir de Barcelona, permitindo aos visitantes levar uma recorda\u00e7\u00e3o significativa da sua experi\u00eancia. Como grossista de souvenirs, garantimos a qualidade e a autenticidade em cada produto.<\/p>\n","protected":false},"excerpt":{"rendered":"<p>\u00cdman met\u00e1lico com uma vibrante panor\u00e2mica de Barcelona, de 8 cm. Este \u00edman colorido apresenta um design art\u00edstico que evoca a ic\u00f3nica arquitetura da cidade, incluindo elementos de mosaico e formas distintivas. A representa\u00e7\u00e3o inclui a famosa Sagrada Fam\u00edlia e outros monumentos emblem\u00e1ticos, tudo sobre um fundo azul que simula o c\u00e9u. O seu acabamento brilhante e as cores vivas fazem deste \u00edman uma atraente recorda\u00e7\u00e3o da cultura catal\u00e3.<\/p>\n","protected":false},"featured_media":8992,"template":"","meta":{"_acf_changed":false},"product_brand":[],"product_cat":[699],"product_tag":[],"class_list":{"0":"post-32116","1":"product","2":"type-product","3":"status-publish","4":"has-post-thumbnail","6":"product_cat-imanes","7":"pa_ciudad-barcelona","8":"pa_motivo-panoramas","9":"pa_pais-espana","11":"first","12":"instock","13":"shipping-taxable","14":"product-type-simple"},"acf":[],"_links":{"self":[{"href":"https:\/\/olemosaic.com\/pt-pt\/wp-json\/wp\/v2\/product\/32116","targetHints":{"allow":["GET"]}}],"collection":[{"href":"https:\/\/olemosaic.com\/pt-pt\/wp-json\/wp\/v2\/product"}],"about":[{"href":"https:\/\/olemosaic.com\/pt-pt\/wp-json\/wp\/v2\/types\/product"}],"wp:featuredmedia":[{"embeddable":true,"href":"https:\/\/olemosaic.com\/pt-pt\/wp-json\/wp\/v2\/media\/8992"}],"wp:attachment":[{"href":"https:\/\/olemosaic.com\/pt-pt\/wp-json\/wp\/v2\/media?parent=32116"}],"wp:term":[{"taxonomy":"product_brand","embeddable":true,"href":"https:\/\/olemosaic.com\/pt-pt\/wp-json\/wp\/v2\/product_brand?post=32116"},{"taxonomy":"product_cat","embeddable":true,"href":"https:\/\/olemosaic.com\/pt-pt\/wp-json\/wp\/v2\/product_cat?post=32116"},{"taxonomy":"product_tag","embeddable":true,"href":"https:\/\/olemosaic.com\/pt-pt\/wp-json\/wp\/v2\/product_tag?post=32116"}],"curies":[{"name":"wp","href":"https:\/\/api.w.org\/{rel}","templated":true}]}}