{"id":32094,"date":"2025-02-20T23:32:18","date_gmt":"2025-02-20T22:32:18","guid":{"rendered":"http:\/\/olemosaic.com\/producto\/iman-de-metal-panoramica-barcelona-8-cm-6\/"},"modified":"2025-07-25T19:14:43","modified_gmt":"2025-07-25T17:14:43","slug":"iman-de-metal-panoramica-barcelona-8-cm-6-pt-pt","status":"publish","type":"product","link":"https:\/\/olemosaic.com\/pt-pt\/produto\/iman-de-metal-panoramica-barcelona-8-cm-6-pt-pt\/","title":{"rendered":"\u00cdman de metal. Panor\u00e2mica. Mosaico. Edif\u00edcios Gaud\u00ed. Barcelona. 8 cm."},"content":{"rendered":"<p>Este \u00edman met\u00e1lico com uma vibrante panor\u00e2mica de Barcelona \u00e9 a recorda\u00e7\u00e3o perfeita para quem deseja levar um peda\u00e7o desta emblem\u00e1tica cidade. Com um tamanho de 8 cm, n\u00e3o \u00e9 apenas um acess\u00f3rio decorativo, mas tamb\u00e9m uma janela para a rica heran\u00e7a cultural da capital catal\u00e3. O seu design colorido e atraente inclui \u00edcones emblem\u00e1ticos como a majestosa Sagrada Fam\u00edlia com as suas intrincadas torres, a forma singular da Casa Mil\u00e0 e o exuberante Parque G\u00fcell, tudo representado num estilo que evoca o famoso mosaico de Gaud\u00ed, conhecido pelo seu engenho art\u00edstico e uso da cor.<\/p>\n<p>A frase &#8220;I \u2665 Barcelona&#8221; real\u00e7a a paix\u00e3o que cada visitante sente por esta cidade, tornando o \u00edman num s\u00edmbolo de amor e admira\u00e7\u00e3o. Ideal para decorar qualquer frigor\u00edfico, esta recorda\u00e7\u00e3o n\u00e3o s\u00f3 recordar\u00e1 momentos especiais em Barcelona, como tamb\u00e9m servir\u00e1 como um espl\u00eandido tema de conversa. Na Ol\u00e9 Mosaic, oferecemos recorda\u00e7\u00f5es aut\u00eanticas que refletem a ess\u00eancia de cada regi\u00e3o, e este \u00edman de Barcelona \u00e9 uma excelente op\u00e7\u00e3o para lojas de presentes tur\u00edsticos que procuram produtos que liguem emocionalmente os visitantes. Como distribuidores de recorda\u00e7\u00f5es, garantimos a qualidade e autenticidade que cada viajante deseja levar para casa.<\/p>\n","protected":false},"excerpt":{"rendered":"<p>\u00cdman met\u00e1lico com uma vibrante panor\u00e2mica de Barcelona, de 8 cm. Este atraente \u00edman apresenta um design colorido que inclui \u00edcones emblem\u00e1ticos da cidade, como a Sagrada Fam\u00edlia e o Parque G\u00fcell, com um estilo que recorda o mosaico, evocando o car\u00e1ter artisticamente rico da capital catal\u00e3. Com o texto &#8220;I \u2665 Barcelona&#8221;, captura a ess\u00eancia de la cidade num formato compacto e decorativo, ideal para recordar momentos especiais.<\/p>\n","protected":false},"featured_media":11415,"template":"","meta":{"_acf_changed":false},"product_brand":[],"product_cat":[699],"product_tag":[],"class_list":{"0":"post-32094","1":"product","2":"type-product","3":"status-publish","4":"has-post-thumbnail","6":"product_cat-imanes","7":"pa_ciudad-barcelona","8":"pa_motivo-panoramas","9":"pa_pais-espana","11":"first","12":"instock","13":"shipping-taxable","14":"product-type-simple"},"acf":[],"_links":{"self":[{"href":"https:\/\/olemosaic.com\/pt-pt\/wp-json\/wp\/v2\/product\/32094","targetHints":{"allow":["GET"]}}],"collection":[{"href":"https:\/\/olemosaic.com\/pt-pt\/wp-json\/wp\/v2\/product"}],"about":[{"href":"https:\/\/olemosaic.com\/pt-pt\/wp-json\/wp\/v2\/types\/product"}],"wp:featuredmedia":[{"embeddable":true,"href":"https:\/\/olemosaic.com\/pt-pt\/wp-json\/wp\/v2\/media\/11415"}],"wp:attachment":[{"href":"https:\/\/olemosaic.com\/pt-pt\/wp-json\/wp\/v2\/media?parent=32094"}],"wp:term":[{"taxonomy":"product_brand","embeddable":true,"href":"https:\/\/olemosaic.com\/pt-pt\/wp-json\/wp\/v2\/product_brand?post=32094"},{"taxonomy":"product_cat","embeddable":true,"href":"https:\/\/olemosaic.com\/pt-pt\/wp-json\/wp\/v2\/product_cat?post=32094"},{"taxonomy":"product_tag","embeddable":true,"href":"https:\/\/olemosaic.com\/pt-pt\/wp-json\/wp\/v2\/product_tag?post=32094"}],"curies":[{"name":"wp","href":"https:\/\/api.w.org\/{rel}","templated":true}]}}