{"id":32093,"date":"2025-02-20T22:32:18","date_gmt":"2025-02-20T22:32:18","guid":{"rendered":"http:\/\/olemosaic.com\/producto\/iman-de-metal-panoramica-sevilla-negro-11-cm\/"},"modified":"2025-07-25T18:58:10","modified_gmt":"2025-07-25T16:58:10","slug":"iman-de-metal-panoramica-sevilha-preto-11-cm","status":"publish","type":"product","link":"https:\/\/olemosaic.com\/pt-pt\/produto\/iman-de-metal-panoramica-sevilha-preto-11-cm\/","title":{"rendered":"\u00cdman de metal. Panor\u00e2mica. Sevilha. Preto. 11 cm."},"content":{"rendered":"<p>Este \u00edman met\u00e1lico com uma vibrante panor\u00e2mica de Sevilha \u00e9 a recorda\u00e7\u00e3o ideal para quem deseja levar um pouco da beleza andaluza para casa. Com os seus 11 cm, este atraente \u00edman apresenta um design colorido que captura a ess\u00eancia arquitet\u00f3nica da cidade, destacando edif\u00edcios emblem\u00e1ticos como a Giralda e o Arquivo das \u00cdndias. O seu fundo preto real\u00e7a as cores vivas dos elementos decorativos, criando um contraste que atrai o olhar e evoca o encanto de Sevilha. Cada detalhe da ilustra\u00e7\u00e3o \u00e9 uma obra de arte que reflete a rica hist\u00f3ria e cultura desta cidade.<\/p>\n<p>Esta recorda\u00e7\u00e3o \u00e9 perfeita para recordar momentos vividos nas ruas sevilhanas, onde a hist\u00f3ria se mistura com a modernidade. O seu design meticulosamente elaborado n\u00e3o \u00e9 apenas um acess\u00f3rio funcional para prender notas e fotografias, mas tamb\u00e9m uma pe\u00e7a de conversa que convida a partilhar a beleza da cidade. Na Ol\u00e9 Mosaic, somos distribuidores de recorda\u00e7\u00f5es por grosso que oferecem produtos aut\u00eanticos e representativos de Espanha. Este \u00edman de Sevilha \u00e9 uma excelente op\u00e7\u00e3o para lojas de presentes tur\u00edsticos que procuram recorda\u00e7\u00f5es de qualidade e relev\u00e2ncia cultural, sendo uma lembran\u00e7a perfeita que real\u00e7a a singularidade da cidade andaluza.<\/p>\n","protected":false},"excerpt":{"rendered":"<p>\u00cdman met\u00e1lico de 11 cm com uma vibrante panor\u00e2mica de Sevilha. Este atraente \u00edman apresenta um design colorido que captura a ess\u00eancia arquitet\u00f3nica da cidade, mostrando detalhes dos seus emblem\u00e1ticos edif\u00edcios como a Giralda e o Arquivo das \u00cdndias. Com um fundo preto que real\u00e7a as cores vivas e os elementos decorativos, esta recorda\u00e7\u00e3o \u00e9 perfeita para recordar o encanto sevilhano e adicionar um toque de cor a qualquer superf\u00edcie met\u00e1lica.<\/p>\n","protected":false},"featured_media":8795,"template":"","meta":{"_acf_changed":false},"product_brand":[],"product_cat":[699],"product_tag":[],"class_list":{"0":"post-32093","1":"product","2":"type-product","3":"status-publish","4":"has-post-thumbnail","6":"product_cat-imanes","7":"pa_ciudad-sevilla","8":"pa_motivo-panoramas","9":"pa_pais-espana","11":"first","12":"instock","13":"shipping-taxable","14":"product-type-simple"},"acf":[],"_links":{"self":[{"href":"https:\/\/olemosaic.com\/pt-pt\/wp-json\/wp\/v2\/product\/32093","targetHints":{"allow":["GET"]}}],"collection":[{"href":"https:\/\/olemosaic.com\/pt-pt\/wp-json\/wp\/v2\/product"}],"about":[{"href":"https:\/\/olemosaic.com\/pt-pt\/wp-json\/wp\/v2\/types\/product"}],"wp:featuredmedia":[{"embeddable":true,"href":"https:\/\/olemosaic.com\/pt-pt\/wp-json\/wp\/v2\/media\/8795"}],"wp:attachment":[{"href":"https:\/\/olemosaic.com\/pt-pt\/wp-json\/wp\/v2\/media?parent=32093"}],"wp:term":[{"taxonomy":"product_brand","embeddable":true,"href":"https:\/\/olemosaic.com\/pt-pt\/wp-json\/wp\/v2\/product_brand?post=32093"},{"taxonomy":"product_cat","embeddable":true,"href":"https:\/\/olemosaic.com\/pt-pt\/wp-json\/wp\/v2\/product_cat?post=32093"},{"taxonomy":"product_tag","embeddable":true,"href":"https:\/\/olemosaic.com\/pt-pt\/wp-json\/wp\/v2\/product_tag?post=32093"}],"curies":[{"name":"wp","href":"https:\/\/api.w.org\/{rel}","templated":true}]}}