{"id":32079,"date":"2025-02-20T22:32:17","date_gmt":"2025-02-20T22:32:17","guid":{"rendered":"http:\/\/olemosaic.com\/producto\/iman-de-metal-panoramica-segovia-8-cm\/"},"modified":"2025-07-25T19:04:21","modified_gmt":"2025-07-25T17:04:21","slug":"iman-de-metal-panoramica-segovia-8-cm-pt-pt","status":"publish","type":"product","link":"https:\/\/olemosaic.com\/pt-pt\/produto\/iman-de-metal-panoramica-segovia-8-cm-pt-pt\/","title":{"rendered":"\u00cdman de metal. Panor\u00e2mica. Seg\u00f3via. 8 cm."},"content":{"rendered":"<p>Este \u00edman met\u00e1lico, com uma colorida panor\u00e2mica do famoso Aqueduto de Seg\u00f3via, \u00e9 uma aut\u00eantica recorda\u00e7\u00e3o desta hist\u00f3rica cidade espanhola. Com os seus 8 cm, o seu design vibrante captura a majestosidade do aqueduto, declarado Patrim\u00f3nio da Humanidade pela UNESCO, destacando a sua imponente estrutura num estilo de mosaico que evoca a beleza arquitet\u00f3nica da antiguidade. O intenso fundo azul contrasta maravilhosamente com os tons quentes e terrosos da pedra do aqueduto, enquanto a encantadora arquitetura do centro hist\u00f3rico se insinua ao fundo, criando uma composi\u00e7\u00e3o visual cativante.<\/p>\n<p>O \u00edman inclui o texto &#8220;SEGOVIA&#8221; em letras destacadas, o que n\u00e3o s\u00f3 adiciona um toque de autenticidade, como tamb\u00e9m o torna um excelente souvenir para quem procura uma recorda\u00e7\u00e3o que simbolize a sua visita a esta emblem\u00e1tica cidade. Este produto \u00e9 ideal para turistas que desejam levar um pedacinho da cultura e da hist\u00f3ria de Seg\u00f3via, sendo tamb\u00e9m uma op\u00e7\u00e3o perfeita para lojas de presentes tur\u00edsticos que procurem souvenirs representativos.<\/p>\n<p>Na Ol\u00e9 Mosaic dedicamo-nos \u00e0 distribui\u00e7\u00e3o de souvenirs por grosso, oferecendo artigos aut\u00eanticos que refletem a riqueza cultural de Espanha. Este \u00edman n\u00e3o s\u00f3 \u00e9 uma excelente escolha para turistas, como tamb\u00e9m representa uma oferta interessante para grossistas de souvenirs, garantindo que cada detalhe desperte o interesse dos visitantes pela beleza e pela hist\u00f3ria de Seg\u00f3via.<\/p>\n","protected":false},"excerpt":{"rendered":"<p>\u00cdman met\u00e1lico com uma colorida panor\u00e2mica do famoso Aqueduto de Seg\u00f3via. Com um tamanho de 8 cm, este \u00edman apresenta uma vibrante ilustra\u00e7\u00e3o em estilo mosaico que captura a majestosidade do aqueduto, rodeado pela encantadora arquitetura do centro hist\u00f3rico. O fundo azul intenso contrasta maravilhosamente com os tons quentes da pedra, e inclui a palavra &#8220;SEGOVIA&#8221; em letras destacadas, o que o torna uma excelente recorda\u00e7\u00e3o desta hist\u00f3rica cidade.<\/p>\n","protected":false},"featured_media":10453,"template":"","meta":{"_acf_changed":false},"product_brand":[],"product_cat":[699],"product_tag":[],"class_list":{"0":"post-32079","1":"product","2":"type-product","3":"status-publish","4":"has-post-thumbnail","6":"product_cat-imanes","7":"pa_ciudad-segovia","8":"pa_motivo-panoramas","9":"pa_pais-espana","11":"first","12":"instock","13":"shipping-taxable","14":"product-type-simple"},"acf":[],"_links":{"self":[{"href":"https:\/\/olemosaic.com\/pt-pt\/wp-json\/wp\/v2\/product\/32079","targetHints":{"allow":["GET"]}}],"collection":[{"href":"https:\/\/olemosaic.com\/pt-pt\/wp-json\/wp\/v2\/product"}],"about":[{"href":"https:\/\/olemosaic.com\/pt-pt\/wp-json\/wp\/v2\/types\/product"}],"wp:featuredmedia":[{"embeddable":true,"href":"https:\/\/olemosaic.com\/pt-pt\/wp-json\/wp\/v2\/media\/10453"}],"wp:attachment":[{"href":"https:\/\/olemosaic.com\/pt-pt\/wp-json\/wp\/v2\/media?parent=32079"}],"wp:term":[{"taxonomy":"product_brand","embeddable":true,"href":"https:\/\/olemosaic.com\/pt-pt\/wp-json\/wp\/v2\/product_brand?post=32079"},{"taxonomy":"product_cat","embeddable":true,"href":"https:\/\/olemosaic.com\/pt-pt\/wp-json\/wp\/v2\/product_cat?post=32079"},{"taxonomy":"product_tag","embeddable":true,"href":"https:\/\/olemosaic.com\/pt-pt\/wp-json\/wp\/v2\/product_tag?post=32079"}],"curies":[{"name":"wp","href":"https:\/\/api.w.org\/{rel}","templated":true}]}}