{"id":32078,"date":"2025-02-20T22:32:17","date_gmt":"2025-02-20T22:32:17","guid":{"rendered":"http:\/\/olemosaic.com\/producto\/iman-de-metal-panoramica-toledo-plata-8-cm\/"},"modified":"2025-07-25T18:36:47","modified_gmt":"2025-07-25T16:36:47","slug":"iman-de-metal-panoramica-toledo-prata-8-cm","status":"publish","type":"product","link":"https:\/\/olemosaic.com\/pt-pt\/produto\/iman-de-metal-panoramica-toledo-prata-8-cm\/","title":{"rendered":"\u00cdman de metal. Panor\u00e2mica. Toledo. Prata. 8 cm."},"content":{"rendered":"<p>Este \u00edman met\u00e1lico, com uma colorida panor\u00e2mica de Toledo, \u00e9 a representa\u00e7\u00e3o perfeita da majestosidade desta cidade hist\u00f3rica. Com um tamanho de 8 cm, este atraente souvenir apresenta um design inspirado em mosaicos que celebra a rica heran\u00e7a arquitet\u00f3nica de Toledo, uma das cidades mais emblem\u00e1ticas de Espanha. O \u00edman destaca a ic\u00f3nica Catedral, com as suas impressionantes torres e detalhes g\u00f3ticos, juntamente com o majestoso Alc\u00e1zar, um s\u00edmbolo da hist\u00f3ria militar da regi\u00e3o. A palavra &#8220;TOLEDO&#8221;, impressa em letras vibrantes, posiciona-se orgulhosamente na parte superior, enquanto uma borda multicolor rodeia a panor\u00e2mica, evocando a tradi\u00e7\u00e3o cultural de la regi\u00e3o e adicionando um toque de modernidade.<\/p>\n<p>Este souvenir n\u00e3o \u00e9 apenas um \u00edman decorativo, mas uma recorda\u00e7\u00e3o tang\u00edvel da beleza e da riqueza cultural de Toledo, ideal para aqueles que desejam levar um peda\u00e7o de hist\u00f3ria para as suas casas. A Ol\u00e9 Mosaic orgulha-se de oferecer este tipo de souvenirs aut\u00eanticos que representam a ess\u00eancia de Espanha. Perfeito para as lojas de presentes tur\u00edsticos, este \u00edman encapsula a magia de Toledo, tornando-se uma op\u00e7\u00e3o ideal tanto para turistas como para colecionadores. Cada \u00edman \u00e9 um testemunho do artesanato local e da paix\u00e3o pela cultura, fazendo deste \u00edman de Toledo uma excelente escolha para quem aprecia souvenirs de qualidade.<\/p>\n","protected":false},"excerpt":{"rendered":"<p>\u00cdman de metal com uma colorida panor\u00e2mica de Toledo, que destaca a majestosidade dos seus monumentos num design inspirado em mosaicos. Com um tamanho de 8 cm, apresenta detalhes art\u00edsticos que representam a arquitetura distintiva da cidade, incluindo a ic\u00f3nica Catedral e o Alc\u00e1zar. A palavra &#8220;TOLEDO&#8221; \u00e9 exibida impressa em letras vibrantes, emoldurada por uma borda multicolor que evoca a tradi\u00e7\u00e3o cultural da regi\u00e3o. Um souvenir ideal para recordar a beleza deste destino hist\u00f3rico.<\/p>\n","protected":false},"featured_media":9901,"template":"","meta":{"_acf_changed":false},"product_brand":[],"product_cat":[699],"product_tag":[],"class_list":{"0":"post-32078","1":"product","2":"type-product","3":"status-publish","4":"has-post-thumbnail","6":"product_cat-imanes","7":"pa_ciudad-toledo","8":"pa_motivo-panoramas","9":"pa_pais-espana","11":"first","12":"instock","13":"shipping-taxable","14":"product-type-simple"},"acf":[],"_links":{"self":[{"href":"https:\/\/olemosaic.com\/pt-pt\/wp-json\/wp\/v2\/product\/32078","targetHints":{"allow":["GET"]}}],"collection":[{"href":"https:\/\/olemosaic.com\/pt-pt\/wp-json\/wp\/v2\/product"}],"about":[{"href":"https:\/\/olemosaic.com\/pt-pt\/wp-json\/wp\/v2\/types\/product"}],"wp:featuredmedia":[{"embeddable":true,"href":"https:\/\/olemosaic.com\/pt-pt\/wp-json\/wp\/v2\/media\/9901"}],"wp:attachment":[{"href":"https:\/\/olemosaic.com\/pt-pt\/wp-json\/wp\/v2\/media?parent=32078"}],"wp:term":[{"taxonomy":"product_brand","embeddable":true,"href":"https:\/\/olemosaic.com\/pt-pt\/wp-json\/wp\/v2\/product_brand?post=32078"},{"taxonomy":"product_cat","embeddable":true,"href":"https:\/\/olemosaic.com\/pt-pt\/wp-json\/wp\/v2\/product_cat?post=32078"},{"taxonomy":"product_tag","embeddable":true,"href":"https:\/\/olemosaic.com\/pt-pt\/wp-json\/wp\/v2\/product_tag?post=32078"}],"curies":[{"name":"wp","href":"https:\/\/api.w.org\/{rel}","templated":true}]}}