{"id":32076,"date":"2025-02-20T22:32:16","date_gmt":"2025-02-20T22:32:16","guid":{"rendered":"http:\/\/olemosaic.com\/producto\/iman-de-metal-panoramica-madrid-8-cm\/"},"modified":"2025-07-25T20:38:00","modified_gmt":"2025-07-25T18:38:00","slug":"iman-de-metal-panoramica-madrid-8-cm-pt-pt","status":"publish","type":"product","link":"https:\/\/olemosaic.com\/pt-pt\/produto\/iman-de-metal-panoramica-madrid-8-cm-pt-pt\/","title":{"rendered":"\u00cdman de metal. Panor\u00e2mica. Madrid. 8 cm."},"content":{"rendered":"<p>Este \u00edman met\u00e1lico, com uma colorida panor\u00e2mica de Madrid, \u00e9 o souvenir perfeito para quem quer levar uma recorda\u00e7\u00e3o emblem\u00e1tica da capital espanhola. Com um tamanho de 8 cm, este atraente \u00edman apresenta uma representa\u00e7\u00e3o art\u00edstica em mosaico da ic\u00f3nica Puerta de Alcal\u00e1, um monumento que simboliza a hist\u00f3ria e grandeza da cidade. A ilustra\u00e7\u00e3o captura n\u00e3o s\u00f3 a majestosidade da porta, mas tamb\u00e9m outros elementos emblem\u00e1ticos como os le\u00f5es e um carro, tudo isto sobre um vibrante fundo azul que real\u00e7a as cores brilhantes e o design moderno do \u00edman.<\/p>\n<p>Os detalhes meticulosamente cuidados, desde as texturas da pedra da Puerta de Alcal\u00e1 at\u00e9 aos delicados motivos da decora\u00e7\u00e3o, fazem desta pe\u00e7a um objeto de grande valor est\u00e9tico e cultural. Este \u00edman n\u00e3o s\u00f3 \u00e9 um pr\u00e1tico acess\u00f3rio para o lar, como tamb\u00e9m uma recorda\u00e7\u00e3o visual da rica heran\u00e7a de Madrid, ideal para colecionadores e como presente significativo para amigos e familiares.<\/p>\n<p>Na Ol\u00e9 Mosaic oferecemos este \u00edman, juntamente com uma variedade de souvenirs de Madrid de alta qualidade, perfeitos para lojas de presentes tur\u00edsticos que procuram artigos aut\u00eanticos e representativos da cultura espanhola. Este \u00edman com a panor\u00e2mica madrilena \u00e9 uma brilhante adi\u00e7\u00e3o a qualquer cole\u00e7\u00e3o de souvenirs de Madrid, destacando a sua relev\u00e2ncia cultural e a sua autenticidade como recorda\u00e7\u00e3o de uma viagem inesquec\u00edvel.<\/p>\n","protected":false},"excerpt":{"rendered":"<p>\u00cdman met\u00e1lico com uma colorida panor\u00e2mica de Madrid, de 8 cm. Este atraente \u00edman apresenta uma representa\u00e7\u00e3o em mosaico da ic\u00f3nica Puerta de Alcal\u00e1, acompanhada de elementos emblem\u00e1ticos como le\u00f5es e um carro, sobre um vibrante fundo azul. As suas tonalidades brilhantes e o design art\u00edstico conferem-lhe um toque moderno e atraente, ideal para recordar a beleza da capital espanhola. Uma recorda\u00e7\u00e3o perfeita para colecionadores ou como presente.<\/p>\n","protected":false},"featured_media":9900,"template":"","meta":{"_acf_changed":false},"product_brand":[],"product_cat":[699],"product_tag":[],"class_list":{"0":"post-32076","1":"product","2":"type-product","3":"status-publish","4":"has-post-thumbnail","6":"product_cat-imanes","7":"pa_ciudad-madrid","8":"pa_motivo-panoramas","9":"pa_pais-espana","11":"first","12":"instock","13":"shipping-taxable","14":"product-type-simple"},"acf":[],"_links":{"self":[{"href":"https:\/\/olemosaic.com\/pt-pt\/wp-json\/wp\/v2\/product\/32076","targetHints":{"allow":["GET"]}}],"collection":[{"href":"https:\/\/olemosaic.com\/pt-pt\/wp-json\/wp\/v2\/product"}],"about":[{"href":"https:\/\/olemosaic.com\/pt-pt\/wp-json\/wp\/v2\/types\/product"}],"wp:featuredmedia":[{"embeddable":true,"href":"https:\/\/olemosaic.com\/pt-pt\/wp-json\/wp\/v2\/media\/9900"}],"wp:attachment":[{"href":"https:\/\/olemosaic.com\/pt-pt\/wp-json\/wp\/v2\/media?parent=32076"}],"wp:term":[{"taxonomy":"product_brand","embeddable":true,"href":"https:\/\/olemosaic.com\/pt-pt\/wp-json\/wp\/v2\/product_brand?post=32076"},{"taxonomy":"product_cat","embeddable":true,"href":"https:\/\/olemosaic.com\/pt-pt\/wp-json\/wp\/v2\/product_cat?post=32076"},{"taxonomy":"product_tag","embeddable":true,"href":"https:\/\/olemosaic.com\/pt-pt\/wp-json\/wp\/v2\/product_tag?post=32076"}],"curies":[{"name":"wp","href":"https:\/\/api.w.org\/{rel}","templated":true}]}}