{"id":32075,"date":"2025-02-20T22:32:16","date_gmt":"2025-02-20T22:32:16","guid":{"rendered":"http:\/\/olemosaic.com\/producto\/iman-de-metal-panoramica-lisboa-8-cm\/"},"modified":"2025-07-25T18:42:28","modified_gmt":"2025-07-25T16:42:28","slug":"iman-de-metal-panoramica-lisboa-8-cm-pt-pt","status":"publish","type":"product","link":"https:\/\/olemosaic.com\/pt-pt\/produto\/iman-de-metal-panoramica-lisboa-8-cm-pt-pt\/","title":{"rendered":"\u00cdman de metal. Panor\u00e2mica. Lisboa. 8 cm."},"content":{"rendered":"<p>Este \u00edman met\u00e1lico com uma colorida panor\u00e2mica de Lisboa \u00e9 uma recorda\u00e7\u00e3o imprescind\u00edvel para quem deseja levar um pedacinho desta encantadora cidade europeia. Com os seus 8 cm, este atraente \u00edman apresenta uma ilustra\u00e7\u00e3o vibrante que destaca o ic\u00f3nico el\u00e9trico amarelo, s\u00edmbolo da idiossincrasia lisboeta, percorrendo as pitorescas ruas calcetadas da capital portuguesa. A imagem \u00e9 emoldurada por uma borda decorada com mosaicos em tons de azul e amarelo, evocando a rica tradi\u00e7\u00e3o azulejar da regi\u00e3o. Esta pe\u00e7a captura na perfei\u00e7\u00e3o o calor das casas coloridas que caracterizam a arquitetura t\u00edpica de Lisboa, com toques arquitet\u00f3nicos que recordam a hist\u00f3ria e a vibrante cultura da cidade.<\/p>\n<p>A inclus\u00e3o do texto &#8220;LISBOA&#8221; em letras brancas adiciona um elemento identificativo que enfatiza a sua autenticidade como recorda\u00e7\u00e3o representativa. Ideal para turistas que procuram souvenirs de alta qualidade, este \u00edman n\u00e3o s\u00f3 \u00e9 funcional, como tamb\u00e9m um s\u00edmbolo visual da rica hist\u00f3ria cultural de Lisboa. Na Ol\u00e9 Mosaic, somos distribuidores de souvenirs aut\u00eanticos, e este \u00edman \u00e9 uma excelente op\u00e7\u00e3o para lojas de presentes tur\u00edsticos que queiram oferecer produtos que realcem a ess\u00eancia do turismo em Lisboa. Com este \u00edman de panor\u00e2mica lisboeta, os compradores podem levar uma recorda\u00e7\u00e3o vis\u00edvel e cheia de vida da sua visita \u00e0 capital portuguesa.<\/p>\n","protected":false},"excerpt":{"rendered":"<p>\u00cdman met\u00e1lico com uma colorida panor\u00e2mica de Lisboa, de 8 cm. Este atraente \u00edman apresenta uma vibrante ilustra\u00e7\u00e3o do emblem\u00e1tico el\u00e9trico amarelo percorrendo as pitorescas ruas da cidade, juntamente com casas de tons quentes que representam a arquitetura t\u00edpica lisboeta. Decorado com uma borda de mosaicos azuis e amarelos, inclui o texto \u00abLISBOA\u00bb em letras brancas, capturando a ess\u00eancia cultural desta bela cidade europeia.<\/p>\n","protected":false},"featured_media":11201,"template":"","meta":{"_acf_changed":false},"product_brand":[],"product_cat":[699],"product_tag":[],"class_list":{"0":"post-32075","1":"product","2":"type-product","3":"status-publish","4":"has-post-thumbnail","6":"product_cat-imanes","7":"pa_ciudad-lisboa","8":"pa_motivo-panoramas","9":"pa_pais-portugal","11":"first","12":"instock","13":"shipping-taxable","14":"product-type-simple"},"acf":[],"_links":{"self":[{"href":"https:\/\/olemosaic.com\/pt-pt\/wp-json\/wp\/v2\/product\/32075","targetHints":{"allow":["GET"]}}],"collection":[{"href":"https:\/\/olemosaic.com\/pt-pt\/wp-json\/wp\/v2\/product"}],"about":[{"href":"https:\/\/olemosaic.com\/pt-pt\/wp-json\/wp\/v2\/types\/product"}],"wp:featuredmedia":[{"embeddable":true,"href":"https:\/\/olemosaic.com\/pt-pt\/wp-json\/wp\/v2\/media\/11201"}],"wp:attachment":[{"href":"https:\/\/olemosaic.com\/pt-pt\/wp-json\/wp\/v2\/media?parent=32075"}],"wp:term":[{"taxonomy":"product_brand","embeddable":true,"href":"https:\/\/olemosaic.com\/pt-pt\/wp-json\/wp\/v2\/product_brand?post=32075"},{"taxonomy":"product_cat","embeddable":true,"href":"https:\/\/olemosaic.com\/pt-pt\/wp-json\/wp\/v2\/product_cat?post=32075"},{"taxonomy":"product_tag","embeddable":true,"href":"https:\/\/olemosaic.com\/pt-pt\/wp-json\/wp\/v2\/product_tag?post=32075"}],"curies":[{"name":"wp","href":"https:\/\/api.w.org\/{rel}","templated":true}]}}