{"id":32044,"date":"2025-02-20T22:32:16","date_gmt":"2025-02-20T22:32:16","guid":{"rendered":"http:\/\/olemosaic.com\/producto\/iman-de-metal-panoramica-barcelona-negro-8-cm\/"},"modified":"2025-07-25T20:15:58","modified_gmt":"2025-07-25T18:15:58","slug":"iman-de-metal-panoramica-barcelona-preto-8-cm","status":"publish","type":"product","link":"https:\/\/olemosaic.com\/pt-pt\/produto\/iman-de-metal-panoramica-barcelona-preto-8-cm\/","title":{"rendered":"\u00cdman de metal. Panor\u00e2mica. Barcelona. Preto. 8 cm."},"content":{"rendered":"<p>Este \u00edman met\u00e1lico com uma colorida panor\u00e2mica de Barcelona \u00e9 uma pe\u00e7a de destaque que capta a ess\u00eancia art\u00edstica e cultural desta emblem\u00e1tica cidade. Com os seus 8 cm de tamanho, o \u00edman apresenta uma vibrante representa\u00e7\u00e3o de alguns dos monumentos mais ic\u00f3nicos de Barcelona, como a majestosa Sagrada Fam\u00edlia e o fascinante Parque G\u00fcell, ambos express\u00f5es supremas do modernismo catal\u00e3o. Os detalhes foram meticulosamente desenhados num estilo de mosaico que reflete o uso distintivo de cores vivas que caracteriza a obra de Antoni Gaud\u00ed.<\/p>\n<p>O fundo preto real\u00e7a maravilhosamente as cores saturadas, conferindo a cada detalhe um brilho especial que atrai o olhar. Na parte superior, a palavra &#8220;Barcelona&#8221; \u00e9 exibida em letras grandes e apelativas, garantindo que este \u00edman n\u00e3o seja apenas uma recorda\u00e7\u00e3o, mas tamb\u00e9m uma declara\u00e7\u00e3o de amor \u00e0 cidade. Este souvenir \u00e9 perfeito para turistas que procuram uma forma de levar para casa um peda\u00e7o da vibrante cultura barcelonesa e da sua rica hist\u00f3ria arquitet\u00f3nica.<\/p>\n<p>Como distribuidor de recorda\u00e7\u00f5es por grosso, a Ol\u00e9 Mosaic oferece produtos aut\u00eanticos e representativos que celebram a diversidade cultural de Espanha. Este \u00edman de Barcelona \u00e9 uma excelente op\u00e7\u00e3o para lojas de presentes tur\u00edsticos, combinando design, artesanato e relev\u00e2ncia cultural num \u00fanico artigo.<\/p>\n","protected":false},"excerpt":{"rendered":"<p>\u00cdman met\u00e1lico com uma colorida panor\u00e2mica de Barcelona, de 8 cm. Este atraente \u00edman representa monumentos ic\u00f3nicos da cidade, como a Sagrada Fam\u00edlia e o Parque G\u00fcell, decorados com um design de mosaico vibrante. O fundo preto real\u00e7a os detalhes em cores vivas, enquanto a palavra &#8220;Barcelona&#8221; se apresenta em letras grandes na parte superior, capturando a ess\u00eancia art\u00edstica e cultural desta emblem\u00e1tica cidade.<\/p>\n","protected":false},"featured_media":6953,"template":"","meta":{"_acf_changed":false},"product_brand":[],"product_cat":[699],"product_tag":[],"class_list":{"0":"post-32044","1":"product","2":"type-product","3":"status-publish","4":"has-post-thumbnail","6":"product_cat-imanes","7":"pa_ciudad-barcelona","8":"pa_motivo-panoramas","9":"pa_pais-espana","11":"first","12":"instock","13":"shipping-taxable","14":"product-type-simple"},"acf":[],"_links":{"self":[{"href":"https:\/\/olemosaic.com\/pt-pt\/wp-json\/wp\/v2\/product\/32044","targetHints":{"allow":["GET"]}}],"collection":[{"href":"https:\/\/olemosaic.com\/pt-pt\/wp-json\/wp\/v2\/product"}],"about":[{"href":"https:\/\/olemosaic.com\/pt-pt\/wp-json\/wp\/v2\/types\/product"}],"wp:featuredmedia":[{"embeddable":true,"href":"https:\/\/olemosaic.com\/pt-pt\/wp-json\/wp\/v2\/media\/6953"}],"wp:attachment":[{"href":"https:\/\/olemosaic.com\/pt-pt\/wp-json\/wp\/v2\/media?parent=32044"}],"wp:term":[{"taxonomy":"product_brand","embeddable":true,"href":"https:\/\/olemosaic.com\/pt-pt\/wp-json\/wp\/v2\/product_brand?post=32044"},{"taxonomy":"product_cat","embeddable":true,"href":"https:\/\/olemosaic.com\/pt-pt\/wp-json\/wp\/v2\/product_cat?post=32044"},{"taxonomy":"product_tag","embeddable":true,"href":"https:\/\/olemosaic.com\/pt-pt\/wp-json\/wp\/v2\/product_tag?post=32044"}],"curies":[{"name":"wp","href":"https:\/\/api.w.org\/{rel}","templated":true}]}}