{"id":32043,"date":"2025-02-20T23:32:16","date_gmt":"2025-02-20T22:32:16","guid":{"rendered":"http:\/\/olemosaic.com\/producto\/iman-de-metal-panoramica-barcelona-plata-8-cm-2\/"},"modified":"2025-07-25T18:58:27","modified_gmt":"2025-07-25T16:58:27","slug":"iman-de-metal-panoramica-barcelona-prata-8-cm-2","status":"publish","type":"product","link":"https:\/\/olemosaic.com\/pt-pt\/produto\/iman-de-metal-panoramica-barcelona-prata-8-cm-2\/","title":{"rendered":"\u00cdman de metal. Panor\u00e2mica. Collserola. Barcelona. Prata. 8 cm."},"content":{"rendered":"<p>Este \u00edman met\u00e1lico, com uma colorida panor\u00e2mica de Barcelona, \u00e9 uma recorda\u00e7\u00e3o vibrante e cativante que capta a ess\u00eancia desta emblem\u00e1tica cidade. Com dimens\u00f5es de 8 cm, o seu design em estilo mosaico apresenta \u00edcones inesquec\u00edveis como a majestosa Sagrada Fam\u00edlia, a Torre de Collserola e a hist\u00f3rica coluna de Colombo, todos elegantemente dispostos numa paisagem urbana que real\u00e7a a diversidade arquitet\u00f3nica de Barcelona. Utilizando uma paleta de cores vivas, este \u00edman transforma a experi\u00eancia visual numa homenagem \u00e0 criatividade e \u00e0 arte que caracterizam a capital catal\u00e3.<\/p>\n<p>O texto &#8220;I \u2665 Barcelona&#8221; adiciona um toque terno e memor\u00e1vel, tornando este produto um excelente presente ou um objeto de cole\u00e7\u00e3o ideal para aqueles que desejam levar um peda\u00e7o da cultura barcelonesa. Este \u00edman n\u00e3o s\u00f3 funciona como um pr\u00e1tico acess\u00f3rio para o lar, como tamb\u00e9m serve como um s\u00edmbolo constante da recorda\u00e7\u00e3o das aventuras vividas nesta vibrante cidade.<\/p>\n<p>Na Ol\u00e9 Mosaic, somos distribuidores de recorda\u00e7\u00f5es de alta qualidade e este \u00edman de Barcelona \u00e9 uma op\u00e7\u00e3o perfeita para lojas de presentes tur\u00edsticos que procuram oferecer aut\u00eanticas recorda\u00e7\u00f5es da cidade. A sua relev\u00e2ncia cultural e est\u00e9tica tornam-no um excelente objeto para turistas e amantes de recorda\u00e7\u00f5es ic\u00f3nicas de Barcelona.<\/p>\n","protected":false},"excerpt":{"rendered":"<p>\u00cdman met\u00e1lico com uma colorida panor\u00e2mica de Barcelona, de 8 cm. Este atraente \u00edman apresenta um design vibrante em mosaico, destacando elementos emblem\u00e1ticos como a Sagrada Fam\u00edlia, a Torre de Collserola e a coluna de Colombo. As cores vivas e os detalhes gr\u00e1ficos real\u00e7am a singularidade da cidade, enquanto o texto &#8220;I \u2665 Barcelona&#8221; adiciona um toque memor\u00e1vel. Ideal para recordar a sua viagem ou para oferecer.<\/p>\n","protected":false},"featured_media":11417,"template":"","meta":{"_acf_changed":false},"product_brand":[],"product_cat":[699],"product_tag":[],"class_list":{"0":"post-32043","1":"product","2":"type-product","3":"status-publish","4":"has-post-thumbnail","6":"product_cat-imanes","7":"pa_ciudad-barcelona","8":"pa_motivo-panoramas","9":"pa_pais-espana","11":"first","12":"instock","13":"shipping-taxable","14":"product-type-simple"},"acf":[],"_links":{"self":[{"href":"https:\/\/olemosaic.com\/pt-pt\/wp-json\/wp\/v2\/product\/32043","targetHints":{"allow":["GET"]}}],"collection":[{"href":"https:\/\/olemosaic.com\/pt-pt\/wp-json\/wp\/v2\/product"}],"about":[{"href":"https:\/\/olemosaic.com\/pt-pt\/wp-json\/wp\/v2\/types\/product"}],"wp:featuredmedia":[{"embeddable":true,"href":"https:\/\/olemosaic.com\/pt-pt\/wp-json\/wp\/v2\/media\/11417"}],"wp:attachment":[{"href":"https:\/\/olemosaic.com\/pt-pt\/wp-json\/wp\/v2\/media?parent=32043"}],"wp:term":[{"taxonomy":"product_brand","embeddable":true,"href":"https:\/\/olemosaic.com\/pt-pt\/wp-json\/wp\/v2\/product_brand?post=32043"},{"taxonomy":"product_cat","embeddable":true,"href":"https:\/\/olemosaic.com\/pt-pt\/wp-json\/wp\/v2\/product_cat?post=32043"},{"taxonomy":"product_tag","embeddable":true,"href":"https:\/\/olemosaic.com\/pt-pt\/wp-json\/wp\/v2\/product_tag?post=32043"}],"curies":[{"name":"wp","href":"https:\/\/api.w.org\/{rel}","templated":true}]}}