{"id":32042,"date":"2025-02-20T23:32:16","date_gmt":"2025-02-20T22:32:16","guid":{"rendered":"http:\/\/olemosaic.com\/producto\/iman-de-metal-panoramica-barcelona-8-cm-5\/"},"modified":"2025-07-25T20:18:45","modified_gmt":"2025-07-25T18:18:45","slug":"iman-de-metal-panoramica-barcelona-8-cm-5-pt-pt","status":"publish","type":"product","link":"https:\/\/olemosaic.com\/pt-pt\/produto\/iman-de-metal-panoramica-barcelona-8-cm-5-pt-pt\/","title":{"rendered":"\u00cdman de metal. Panor\u00e2mica. Monumento a Colombo. Barcelona. 8 cm."},"content":{"rendered":"<p>Este \u00edman met\u00e1lico, com uma colorida panor\u00e2mica de Barcelona, \u00e9 uma recorda\u00e7\u00e3o imprescind\u00edvel para qualquer amante desta vibrante cidade. Com os seus 8 cm de tamanho, o \u00edman apresenta uma representa\u00e7\u00e3o art\u00edstica da emblem\u00e1tica Sagrada Fam\u00edlia e do famoso mosaico do Parque G\u00fcell, ambas obras-primas do g\u00e9nio arquitet\u00f3nico Antoni Gaud\u00ed. A escolha de cores vivas e detalhes intrincados, como os mosaicos do parque e as torres da catedral, proporciona uma sensa\u00e7\u00e3o de movimento e vida que capta na perfei\u00e7\u00e3o a ess\u00eancia de Barcelona. O texto &#8220;Barcelona&#8221; em letras apelativas destaca ainda mais o \u00edman, tornando-o n\u00e3o apenas um objeto funcional, mas uma pe\u00e7a decorativa que evoca mem\u00f3rias das maravilhas da cidade.<\/p>\n<p>Este \u00edman n\u00e3o \u00e9 apenas um souvenir, mas uma celebra\u00e7\u00e3o do patrim\u00f3nio cultural de Barcelona, ideal para quem deseja levar um pedacinho da cidade ao regressar a casa. Na Ol\u00e9 Mosaic, orgulhamo-nos de ser distribuidores de recorda\u00e7\u00f5es aut\u00eanticas e relevantes para turistas, oferecendo uma vasta gama de produtos que destacam a magia de locais ic\u00f3nicos. Este \u00edman met\u00e1lico \u00e9 uma excelente escolha para lojas de presentes tur\u00edsticos que desejem oferecer recorda\u00e7\u00f5es aut\u00eanticas de Barcelona, perfeitas para recordar a visita a esta encantadora cidade.<\/p>\n","protected":false},"excerpt":{"rendered":"<p>\u00cdman met\u00e1lico com uma colorida panor\u00e2mica de Barcelona, de 8 cm. Este atraente \u00edman apresenta uma vibrante representa\u00e7\u00e3o da Sagrada Fam\u00edlia e do famoso mosaico do Parque G\u00fcell, destacando o estilo arquitet\u00f3nico de Antoni Gaud\u00ed. Os detalhes cer\u00e2micos e o uso de tons vivos, combinados com a palavra &#8220;Barcelona&#8221; em letras apelativas, fazem deste produto uma recorda\u00e7\u00e3o ideal que capta a ess\u00eancia da cidade.<\/p>\n","protected":false},"featured_media":11403,"template":"","meta":{"_acf_changed":false},"product_brand":[],"product_cat":[699],"product_tag":[],"class_list":{"0":"post-32042","1":"product","2":"type-product","3":"status-publish","4":"has-post-thumbnail","6":"product_cat-imanes","7":"pa_ciudad-barcelona","8":"pa_motivo-panoramas","9":"pa_pais-espana","11":"first","12":"instock","13":"shipping-taxable","14":"product-type-simple"},"acf":[],"_links":{"self":[{"href":"https:\/\/olemosaic.com\/pt-pt\/wp-json\/wp\/v2\/product\/32042","targetHints":{"allow":["GET"]}}],"collection":[{"href":"https:\/\/olemosaic.com\/pt-pt\/wp-json\/wp\/v2\/product"}],"about":[{"href":"https:\/\/olemosaic.com\/pt-pt\/wp-json\/wp\/v2\/types\/product"}],"wp:featuredmedia":[{"embeddable":true,"href":"https:\/\/olemosaic.com\/pt-pt\/wp-json\/wp\/v2\/media\/11403"}],"wp:attachment":[{"href":"https:\/\/olemosaic.com\/pt-pt\/wp-json\/wp\/v2\/media?parent=32042"}],"wp:term":[{"taxonomy":"product_brand","embeddable":true,"href":"https:\/\/olemosaic.com\/pt-pt\/wp-json\/wp\/v2\/product_brand?post=32042"},{"taxonomy":"product_cat","embeddable":true,"href":"https:\/\/olemosaic.com\/pt-pt\/wp-json\/wp\/v2\/product_cat?post=32042"},{"taxonomy":"product_tag","embeddable":true,"href":"https:\/\/olemosaic.com\/pt-pt\/wp-json\/wp\/v2\/product_tag?post=32042"}],"curies":[{"name":"wp","href":"https:\/\/api.w.org\/{rel}","templated":true}]}}