{"id":32041,"date":"2025-02-20T23:32:15","date_gmt":"2025-02-20T22:32:15","guid":{"rendered":"http:\/\/olemosaic.com\/producto\/iman-de-metal-panoramica-barcelona-8-cm-4\/"},"modified":"2025-07-25T20:35:25","modified_gmt":"2025-07-25T18:35:25","slug":"iman-de-metal-panoramica-barcelona-8-cm-4-pt-pt","status":"publish","type":"product","link":"https:\/\/olemosaic.com\/pt-pt\/produto\/iman-de-metal-panoramica-barcelona-8-cm-4-pt-pt\/","title":{"rendered":"\u00cdman de metal. Panor\u00e2mica. Modernismo catal\u00e3o. Barcelona. 8 cm."},"content":{"rendered":"<p>Este \u00edman met\u00e1lico com uma colorida panor\u00e2mica de Barcelona \u00e9 uma aut\u00eantica homenagem \u00e0 arte e \u00e0 arquitetura da Cidade Condal. Com dimens\u00f5es de 8 cm, o seu design vibrante inspira-se nas cria\u00e7\u00f5es do ic\u00f3nico arquiteto Antoni Gaud\u00ed, representando elementos emblem\u00e1ticos como o Parque G\u00fcell e a majestosa Sagrada Fam\u00edlia. A mistura de tons azuis, vermelhos e amarelos confere um ar festivo e alegre, enquanto o fundo texturizado simula um mosaico, evocando as famosas obras cer\u00e2micas que se encontram por toda a cidade.<\/p>\n<p>Esta recorda\u00e7\u00e3o n\u00e3o \u00e9 apenas um objeto decorativo, mas uma janela para o esp\u00edrito art\u00edstico de Barcelona, ideal para rememorar momentos inesquec\u00edveis vividos nas suas ruas movimentadas. A sua autenticidade e a qualidade do material tornam-no uma excelente escolha para quem deseja levar para casa um peda\u00e7o da rica heran\u00e7a cultural desta regi\u00e3o. Na Ol\u00e9 Mosaic, dedicamo-nos \u00e0 distribui\u00e7\u00e3o de recorda\u00e7\u00f5es por grosso, e este \u00edman de Barcelona \u00e9 uma op\u00e7\u00e3o perfeita para lojas de presentes tur\u00edsticos que desejem oferecer artigos que realcem a vitalidade e singularidade da cidade. Uma recorda\u00e7\u00e3o que n\u00e3o s\u00f3 adorna o lar, mas tamb\u00e9m conta a hist\u00f3ria de uma das cidades mais belas de Espanha.<\/p>\n","protected":false},"excerpt":{"rendered":"<p>\u00cdman met\u00e1lico com uma colorida panor\u00e2mica de Barcelona, de 8 cm. Este \u00edman apresenta um design vibrante inspirado na obra do famoso arquiteto Antoni Gaud\u00ed, com elementos ic\u00f3nicos como o Parque G\u00fcell e a Sagrada Fam\u00edlia. O uso de tons azuis, vermelhos e amarelos confere-lhe um ar festivo, e o fundo texturizado simula um mosaico. Uma recorda\u00e7\u00e3o perfeita que capta a ess\u00eancia e o esp\u00edrito art\u00edstico da cidade.<\/p>\n","protected":false},"featured_media":11423,"template":"","meta":{"_acf_changed":false},"product_brand":[],"product_cat":[699],"product_tag":[],"class_list":{"0":"post-32041","1":"product","2":"type-product","3":"status-publish","4":"has-post-thumbnail","6":"product_cat-imanes","7":"pa_ciudad-barcelona","8":"pa_motivo-panoramas","9":"pa_pais-espana","11":"first","12":"instock","13":"shipping-taxable","14":"product-type-simple"},"acf":[],"_links":{"self":[{"href":"https:\/\/olemosaic.com\/pt-pt\/wp-json\/wp\/v2\/product\/32041","targetHints":{"allow":["GET"]}}],"collection":[{"href":"https:\/\/olemosaic.com\/pt-pt\/wp-json\/wp\/v2\/product"}],"about":[{"href":"https:\/\/olemosaic.com\/pt-pt\/wp-json\/wp\/v2\/types\/product"}],"wp:featuredmedia":[{"embeddable":true,"href":"https:\/\/olemosaic.com\/pt-pt\/wp-json\/wp\/v2\/media\/11423"}],"wp:attachment":[{"href":"https:\/\/olemosaic.com\/pt-pt\/wp-json\/wp\/v2\/media?parent=32041"}],"wp:term":[{"taxonomy":"product_brand","embeddable":true,"href":"https:\/\/olemosaic.com\/pt-pt\/wp-json\/wp\/v2\/product_brand?post=32041"},{"taxonomy":"product_cat","embeddable":true,"href":"https:\/\/olemosaic.com\/pt-pt\/wp-json\/wp\/v2\/product_cat?post=32041"},{"taxonomy":"product_tag","embeddable":true,"href":"https:\/\/olemosaic.com\/pt-pt\/wp-json\/wp\/v2\/product_tag?post=32041"}],"curies":[{"name":"wp","href":"https:\/\/api.w.org\/{rel}","templated":true}]}}