{"id":32024,"date":"2025-02-20T22:32:14","date_gmt":"2025-02-20T22:32:14","guid":{"rendered":"http:\/\/olemosaic.com\/producto\/iman-de-metal-panoramica-barcelona-plata-8-cm\/"},"modified":"2025-07-25T19:00:04","modified_gmt":"2025-07-25T17:00:04","slug":"iman-de-metal-panoramica-barcelona-prata-8-cm","status":"publish","type":"product","link":"https:\/\/olemosaic.com\/pt-pt\/produto\/iman-de-metal-panoramica-barcelona-prata-8-cm\/","title":{"rendered":"\u00cdman de metal. Panor\u00e2mica. Barcelona. Prata. 8 cm."},"content":{"rendered":"<p>Este \u00edman met\u00e1lico com a panor\u00e2mica de Barcelona \u00e9 uma representa\u00e7\u00e3o vibrante da cidade. Mede 8 cm e foi concebido para captar a ess\u00eancia da arte modernista catal\u00e3. O \u00edman apresenta um mosaico requintado que destaca a emblem\u00e1tica Sagrada Fam\u00edlia, obra-prima de Antoni Gaud\u00ed, juntamente com o famoso drag\u00e3o de mosaico do Park G\u00fcell. Estes dois s\u00edmbolos ic\u00f3nicos entrela\u00e7am-se sobre um fundo de cores brilhantes, criando um efeito visual cativante que real\u00e7a a beleza arquitet\u00f3nica de Barcelona.<\/p>\n<p>A combina\u00e7\u00e3o de tons quentes e frios n\u00e3o s\u00f3 confere um toque art\u00edstico, como tamb\u00e9m reflete a rica heran\u00e7a cultural da cidade. Este \u00edman \u00e9 um souvenir perfeito que representa as tradi\u00e7\u00f5es e a vibrante hist\u00f3ria de Barcelona, ideal para quem deseja levar um fragmento da cidade para casa. O seu design em prata e os detalhes meticulosamente elaborados fazem deste produto um excelente elemento decorativo para qualquer espa\u00e7o, seja no frigor\u00edfico ou como parte de uma cole\u00e7\u00e3o.<\/p>\n<p>Na Ol\u00e9 Mosaic, oferecemos este \u00edman de Barcelona como parte da nossa exclusiva sele\u00e7\u00e3o de souvenirs de alta qualidade. \u00c9 uma op\u00e7\u00e3o perfeita para os retalhistas que procuram souvenirs aut\u00eanticos e representativos da cultura espanhola, destacando a paix\u00e3o pela arte e pela arquitetura que caracteriza a regi\u00e3o. Como grossistas de souvenirs, garantimos autenticidade e design \u00fanico em cada pe\u00e7a.<\/p>\n","protected":false},"excerpt":{"rendered":"<p>\u00cdman met\u00e1lico com uma atraente panor\u00e2mica de Barcelona, de 8 cm. Este colorido \u00edman apresenta um design em mosaico que capta a ess\u00eancia da cidade, destacando a emblem\u00e1tica Sagrada Fam\u00edlia e o famoso drag\u00e3o do Parc G\u00fcell. Os tons brilhantes de cor entrela\u00e7am-se sobre um fundo prateado, criando um efeito visual vibrante que reflete a arquitetura modernista da regi\u00e3o. Ideal para adicionar um toque de arte e cultura a qualquer espa\u00e7o.<\/p>\n","protected":false},"featured_media":11402,"template":"","meta":{"_acf_changed":false},"product_brand":[],"product_cat":[699],"product_tag":[],"class_list":{"0":"post-32024","1":"product","2":"type-product","3":"status-publish","4":"has-post-thumbnail","6":"product_cat-imanes","7":"pa_ciudad-barcelona","8":"pa_motivo-panoramas","9":"pa_pais-espana","11":"first","12":"instock","13":"shipping-taxable","14":"product-type-simple"},"acf":[],"_links":{"self":[{"href":"https:\/\/olemosaic.com\/pt-pt\/wp-json\/wp\/v2\/product\/32024","targetHints":{"allow":["GET"]}}],"collection":[{"href":"https:\/\/olemosaic.com\/pt-pt\/wp-json\/wp\/v2\/product"}],"about":[{"href":"https:\/\/olemosaic.com\/pt-pt\/wp-json\/wp\/v2\/types\/product"}],"wp:featuredmedia":[{"embeddable":true,"href":"https:\/\/olemosaic.com\/pt-pt\/wp-json\/wp\/v2\/media\/11402"}],"wp:attachment":[{"href":"https:\/\/olemosaic.com\/pt-pt\/wp-json\/wp\/v2\/media?parent=32024"}],"wp:term":[{"taxonomy":"product_brand","embeddable":true,"href":"https:\/\/olemosaic.com\/pt-pt\/wp-json\/wp\/v2\/product_brand?post=32024"},{"taxonomy":"product_cat","embeddable":true,"href":"https:\/\/olemosaic.com\/pt-pt\/wp-json\/wp\/v2\/product_cat?post=32024"},{"taxonomy":"product_tag","embeddable":true,"href":"https:\/\/olemosaic.com\/pt-pt\/wp-json\/wp\/v2\/product_tag?post=32024"}],"curies":[{"name":"wp","href":"https:\/\/api.w.org\/{rel}","templated":true}]}}