{"id":32021,"date":"2025-02-20T22:32:14","date_gmt":"2025-02-20T22:32:14","guid":{"rendered":"http:\/\/olemosaic.com\/producto\/iman-de-metal-toro-sevilla-8-cm\/"},"modified":"2025-07-25T19:17:02","modified_gmt":"2025-07-25T17:17:02","slug":"iman-de-metal-touro-sevilha-8-cm","status":"publish","type":"product","link":"https:\/\/olemosaic.com\/pt-pt\/produto\/iman-de-metal-touro-sevilha-8-cm\/","title":{"rendered":"\u00cdman de metal. Touro. Sevilha. 8 cm."},"content":{"rendered":"<p>Este \u00edman met\u00e1lico com la representa\u00e7\u00e3o de um touro \u00e9 um souvenir emblem\u00e1tico que capta a ess\u00eancia da cultura espanhola, especialmente popular em Sevilha. Com dimens\u00f5es de 8 cm, est\u00e1 decorado com um design vibrante e colorido que lembra um mosaico, utilizando uma paleta de tons vermelhos e amarelos que simbolizam a paix\u00e3o e a vitalidade da arte e da tradi\u00e7\u00e3o espanholas. O touro, s\u00edmbolo de for\u00e7a e coragem, destaca-se no centro da pe\u00e7a, com detalhes que conferem dinamismo e profundidade \u00e0 sua silhueta.<\/p>\n<p>O fundo azul claro adiciona frescura e um contraste atraente, complementando o design luminoso do animal. A palavra &#8220;SEVILHA&#8221; destaca-se em letras proeminentes, ligando o souvenir diretamente \u00e0 rica heran\u00e7a cultural desta ic\u00f3nica cidade andaluza. Este \u00edman n\u00e3o \u00e9 apenas uma recorda\u00e7\u00e3o visual, mas tamb\u00e9m evoca a hist\u00f3ria e o folclore da regi\u00e3o, onde as touradas fazem parte do seu legado cultural.<\/p>\n<p>Na Ol\u00e9 Mosaic, distribuidores de souvenirs por grosso, este \u00edman de touro \u00e9 uma escolha perfeita para as lojas de presentes tur\u00edsticos que procuram oferecer produtos aut\u00eanticos que realcem a identidade de Sevilha. Um presente ideal para quem deseja levar um peda\u00e7o de Espanha para casa.<\/p>\n","protected":false},"excerpt":{"rendered":"<p>\u00cdman met\u00e1lico com a representa\u00e7\u00e3o de um touro, s\u00edmbolo emblem\u00e1tico da cultura espanhola, especialmente popular em Sevilha. Com um tamanho de 8 cm, este \u00edman est\u00e1 decorado com um design vibrante e colorido em tons vermelhos e amarelos, que imita um mosaico. O fundo, com um c\u00e9u azul, confere frescura, enquanto a palavra &#8220;SEVILHA&#8221; em letras proeminentes destaca a liga\u00e7\u00e3o com a cidade. Ideal para recordar a sua visita ou como presente.<\/p>\n","protected":false},"featured_media":9993,"template":"","meta":{"_acf_changed":false},"product_brand":[],"product_cat":[699],"product_tag":[516],"class_list":{"0":"post-32021","1":"product","2":"type-product","3":"status-publish","4":"has-post-thumbnail","6":"product_cat-imanes","7":"product_tag-animais","8":"pa_ciudad-sevilla","9":"pa_motivo-touros","10":"pa_pais-espana","12":"first","13":"instock","14":"shipping-taxable","15":"product-type-simple"},"acf":[],"_links":{"self":[{"href":"https:\/\/olemosaic.com\/pt-pt\/wp-json\/wp\/v2\/product\/32021","targetHints":{"allow":["GET"]}}],"collection":[{"href":"https:\/\/olemosaic.com\/pt-pt\/wp-json\/wp\/v2\/product"}],"about":[{"href":"https:\/\/olemosaic.com\/pt-pt\/wp-json\/wp\/v2\/types\/product"}],"wp:featuredmedia":[{"embeddable":true,"href":"https:\/\/olemosaic.com\/pt-pt\/wp-json\/wp\/v2\/media\/9993"}],"wp:attachment":[{"href":"https:\/\/olemosaic.com\/pt-pt\/wp-json\/wp\/v2\/media?parent=32021"}],"wp:term":[{"taxonomy":"product_brand","embeddable":true,"href":"https:\/\/olemosaic.com\/pt-pt\/wp-json\/wp\/v2\/product_brand?post=32021"},{"taxonomy":"product_cat","embeddable":true,"href":"https:\/\/olemosaic.com\/pt-pt\/wp-json\/wp\/v2\/product_cat?post=32021"},{"taxonomy":"product_tag","embeddable":true,"href":"https:\/\/olemosaic.com\/pt-pt\/wp-json\/wp\/v2\/product_tag?post=32021"}],"curies":[{"name":"wp","href":"https:\/\/api.w.org\/{rel}","templated":true}]}}