{"id":31999,"date":"2025-02-20T22:32:14","date_gmt":"2025-02-20T22:32:14","guid":{"rendered":"http:\/\/olemosaic.com\/producto\/iman-de-metal-bulldog-barcelona-negro-8-cm\/"},"modified":"2025-07-25T19:36:31","modified_gmt":"2025-07-25T17:36:31","slug":"iman-de-metal-bulldog-barcelona-preto-8-cm","status":"publish","type":"product","link":"https:\/\/olemosaic.com\/pt-pt\/produto\/iman-de-metal-bulldog-barcelona-preto-8-cm\/","title":{"rendered":"\u00cdman de metal. Bulldog. Barcelona. Preto. 8 cm."},"content":{"rendered":"<p>Este \u00edman met\u00e1lico, com a figura de um bulldog, \u00e9 um souvenir cativante que capta a ess\u00eancia vibrante de Barcelona. Com os seus 8 cm, este \u00edman destaca-se pelo seu design contempor\u00e2neo em forma de mosaico multicolorido, evocando a c\u00e9lebre obra do modernismo catal\u00e3o. A imagem do bulldog, um s\u00edmbolo de lealdade e carinho, apresenta-se sobre um fundo preto atrativo, que real\u00e7a ainda mais as cores vivas e as formas geom\u00e9tricas do mosaico, criando um efeito visual moderno e art\u00edstico.<\/p>\n<p>Este souvenir n\u00e3o s\u00f3 encapsula a rica tradi\u00e7\u00e3o art\u00edstica de Barcelona, como tamb\u00e9m se torna um lembrete constante das suas ruas cheias de hist\u00f3ria e cultura. A liga\u00e7\u00e3o cultural deste \u00edman reside na fus\u00e3o entre um \u00edcone atual e o legado art\u00edstico da cidade, o que o torna ideal para turistas que procuram algo aut\u00eantico e significativo, al\u00e9m de ser uma op\u00e7\u00e3o distintiva para colecionadores.<\/p>\n<p>Na Ol\u00e9 Mosaic, especializamo-nos na distribui\u00e7\u00e3o de souvenirs por grosso, oferecendo produtos que celebram a autenticidade e a diversidade cultural de Espanha. Este \u00edman de bulldog \u00e9 uma excelente escolha para lojas de presentes tur\u00edsticos, garantindo n\u00e3o s\u00f3 qualidade, mas tamb\u00e9m um design que atrai a aten\u00e7\u00e3o e o interesse dos visitantes.<\/p>\n","protected":false},"excerpt":{"rendered":"<p>\u00cdman met\u00e1lico com a figura de um bulldog, representado num vibrante design de mosaico multicolorido. Com 8 cm de tamanho, este \u00edman capta a ess\u00eancia de Barcelona atrav\u00e9s de um estilo art\u00edstico contempor\u00e2neo. A figura do bulldog destaca-se sobre um fundo preto, real\u00e7ando as cores vivas e as formas geom\u00e9tricas do mosaico. \u00c9 uma recorda\u00e7\u00e3o ideal que combina modernidade e o esp\u00edrito da cidade.<\/p>\n","protected":false},"featured_media":12856,"template":"","meta":{"_acf_changed":false},"product_brand":[],"product_cat":[699],"product_tag":[],"class_list":{"0":"post-31999","1":"product","2":"type-product","3":"status-publish","4":"has-post-thumbnail","6":"product_cat-imanes","7":"pa_ciudad-barcelona","8":"pa_motivo-bulldogs","9":"pa_pais-espana","11":"first","12":"instock","13":"shipping-taxable","14":"product-type-simple"},"acf":[],"_links":{"self":[{"href":"https:\/\/olemosaic.com\/pt-pt\/wp-json\/wp\/v2\/product\/31999","targetHints":{"allow":["GET"]}}],"collection":[{"href":"https:\/\/olemosaic.com\/pt-pt\/wp-json\/wp\/v2\/product"}],"about":[{"href":"https:\/\/olemosaic.com\/pt-pt\/wp-json\/wp\/v2\/types\/product"}],"wp:featuredmedia":[{"embeddable":true,"href":"https:\/\/olemosaic.com\/pt-pt\/wp-json\/wp\/v2\/media\/12856"}],"wp:attachment":[{"href":"https:\/\/olemosaic.com\/pt-pt\/wp-json\/wp\/v2\/media?parent=31999"}],"wp:term":[{"taxonomy":"product_brand","embeddable":true,"href":"https:\/\/olemosaic.com\/pt-pt\/wp-json\/wp\/v2\/product_brand?post=31999"},{"taxonomy":"product_cat","embeddable":true,"href":"https:\/\/olemosaic.com\/pt-pt\/wp-json\/wp\/v2\/product_cat?post=31999"},{"taxonomy":"product_tag","embeddable":true,"href":"https:\/\/olemosaic.com\/pt-pt\/wp-json\/wp\/v2\/product_tag?post=31999"}],"curies":[{"name":"wp","href":"https:\/\/api.w.org\/{rel}","templated":true}]}}