{"id":31996,"date":"2025-02-20T23:32:13","date_gmt":"2025-02-20T22:32:13","guid":{"rendered":"http:\/\/olemosaic.com\/producto\/iman-de-metal-sagrada-familia-barcelona-8-cm-2\/"},"modified":"2025-07-25T20:08:32","modified_gmt":"2025-07-25T18:08:32","slug":"iman-de-metal-sagrada-familia-barcelona-8-cm-2-pt-pt","status":"publish","type":"product","link":"https:\/\/olemosaic.com\/pt-pt\/produto\/iman-de-metal-sagrada-familia-barcelona-8-cm-2-pt-pt\/","title":{"rendered":"\u00cdman de metal. Sagrada Fam\u00edlia. Mosaico. Antoni Gaud\u00ed. Barcelona. Fundo azul. 8 cm."},"content":{"rendered":"<p>Este \u00edman met\u00e1lico com a ilustra\u00e7\u00e3o da Sagrada Fam\u00edlia \u00e9 uma representa\u00e7\u00e3o vibrante de um dos monumentos mais emblem\u00e1ticos de Barcelona. Com os seus 8 cm, este \u00edman destaca-se pelo seu design colorido, que capta a beleza majestosa da bas\u00edlica, uma obra-prima da arquitetura modernista desenhada por Antoni Gaud\u00ed. As suas torres inclinadas e as ornamenta\u00e7\u00f5es de trencad\u00eds, que adornam a fachada, est\u00e3o representadas com um detalhe meticuloso, tornando-o uma recorda\u00e7\u00e3o que reflete a singularidade deste patrim\u00f3nio cultural. O fundo azul do \u00edman complementa perfeitamente a ilustra\u00e7\u00e3o, criando um contraste atrativo que real\u00e7a cada elemento arquitet\u00f3nico.<\/p>\n<p>O nome &#8220;Barcelona&#8221; apresenta-se em letras brancas, adicionando um toque de eleg\u00e2ncia e clareza, o que faz com que este \u00edman n\u00e3o seja apenas funcional, mas tamb\u00e9m uma pe\u00e7a decorativa que capta a ess\u00eancia da cidade. Este souvenir n\u00e3o \u00e9 apenas uma recorda\u00e7\u00e3o f\u00edsica; \u00e9 uma liga\u00e7\u00e3o emocional com a rica hist\u00f3ria e o esp\u00edrito vibrante de Barcelona, o que o torna um presente ideal para quem procura levar uma parte desta maravilhosa cidade.<\/p>\n<p>Na Ol\u00e9 Mosaic, especializamo-nos na distribui\u00e7\u00e3o de souvenirs por grosso, e este \u00edman da Sagrada Fam\u00edlia \u00e9 uma excelente op\u00e7\u00e3o para lojas de presentes tur\u00edsticos que desejem oferecer produtos aut\u00eanticos e culturalmente relevantes. Como grossistas de souvenirs, garantimos a qualidade e a originalidade em cada pe\u00e7a, assegurando que cada cliente tenha a oportunidade de levar um fragmento de Barcelona para casa.<\/p>\n","protected":false},"excerpt":{"rendered":"<p>\u00cdman met\u00e1lico com uma ilustra\u00e7\u00e3o vibrante da Sagrada Fam\u00edlia, um dos monumentos mais emblem\u00e1ticos de Barcelona. Com um tamanho de 8 cm, este \u00edman apresenta um design colorido que real\u00e7a os detalhes arquitet\u00f3nicos da bas\u00edlica, com as suas torres inclinadas e os belos trencad\u00eds que adornam a sua fachada. O fundo azul adorna a cena, complementado pelo nome \u00abBarcelona\u00bb em letras brancas, o que torna este \u00edman uma recorda\u00e7\u00e3o perfeita da cidade.<\/p>\n","protected":false},"featured_media":11383,"template":"","meta":{"_acf_changed":false},"product_brand":[],"product_cat":[699],"product_tag":[],"class_list":{"0":"post-31996","1":"product","2":"type-product","3":"status-publish","4":"has-post-thumbnail","6":"product_cat-imanes","7":"pa_ciudad-barcelona","8":"pa_motivo-sagrada-familia","9":"pa_pais-espana","11":"first","12":"instock","13":"shipping-taxable","14":"product-type-simple"},"acf":[],"_links":{"self":[{"href":"https:\/\/olemosaic.com\/pt-pt\/wp-json\/wp\/v2\/product\/31996","targetHints":{"allow":["GET"]}}],"collection":[{"href":"https:\/\/olemosaic.com\/pt-pt\/wp-json\/wp\/v2\/product"}],"about":[{"href":"https:\/\/olemosaic.com\/pt-pt\/wp-json\/wp\/v2\/types\/product"}],"wp:featuredmedia":[{"embeddable":true,"href":"https:\/\/olemosaic.com\/pt-pt\/wp-json\/wp\/v2\/media\/11383"}],"wp:attachment":[{"href":"https:\/\/olemosaic.com\/pt-pt\/wp-json\/wp\/v2\/media?parent=31996"}],"wp:term":[{"taxonomy":"product_brand","embeddable":true,"href":"https:\/\/olemosaic.com\/pt-pt\/wp-json\/wp\/v2\/product_brand?post=31996"},{"taxonomy":"product_cat","embeddable":true,"href":"https:\/\/olemosaic.com\/pt-pt\/wp-json\/wp\/v2\/product_cat?post=31996"},{"taxonomy":"product_tag","embeddable":true,"href":"https:\/\/olemosaic.com\/pt-pt\/wp-json\/wp\/v2\/product_tag?post=31996"}],"curies":[{"name":"wp","href":"https:\/\/api.w.org\/{rel}","templated":true}]}}