{"id":31974,"date":"2025-02-20T22:32:13","date_gmt":"2025-02-20T22:32:13","guid":{"rendered":"http:\/\/olemosaic.com\/producto\/iman-de-metal-toro-alicante-negro-8-cm\/"},"modified":"2025-07-25T19:09:15","modified_gmt":"2025-07-25T17:09:15","slug":"iman-de-metal-touro-alicante-preto-8-cm","status":"publish","type":"product","link":"https:\/\/olemosaic.com\/pt-pt\/produto\/iman-de-metal-touro-alicante-preto-8-cm\/","title":{"rendered":"\u00cdman de metal. Touro. Alicante. Preto. 8 cm."},"content":{"rendered":"<p>Este \u00edman met\u00e1lico com forma de touro, inspirado na vibrante cultura alicantina, \u00e9 um souvenir aut\u00eantico que captura a ess\u00eancia desta regi\u00e3o espanhola. Com um tamanho de 8 cm, o seu design chamativo destaca-se pela utiliza\u00e7\u00e3o de um mosaico colorido que real\u00e7a a figura do touro, um s\u00edmbolo da tradi\u00e7\u00e3o espanhola. A representa\u00e7\u00e3o do touro \u00e9 elaborada com diversos tons que evocam a alegria e a arte de Alicante, contrastando de maneira espetacular sobre um fundo preto que potencia a sua visibilidade.<\/p>\n<p>A palavra &#8220;Alicante&#8221; apresenta-se em letras proeminentes e coloridas de um lado da imagem, acrescentando um toque distintivo e refor\u00e7ando a liga\u00e7\u00e3o com a regi\u00e3o. Este detalhe n\u00e3o s\u00f3 o torna um objeto decorativo, mas tamb\u00e9m uma recorda\u00e7\u00e3o significativa da rica cultura e patrim\u00f3nio que caracteriza Alicante.<\/p>\n<p>Este \u00edman \u00e9 uma excelente op\u00e7\u00e3o para turistas que procuram souvenirs de qualidade que reflitam a verdadeira ess\u00eancia de Espanha. Na Ol\u00e9 Mosaic, como grossista de souvenirs, oferecemos produtos aut\u00eanticos que celebram a tradi\u00e7\u00e3o local, fazendo deste \u00edman de touro uma recorda\u00e7\u00e3o ideal para quem deseja levar um pedacinho de Alicante para casa. Perfeito para lojas de presentes tur\u00edsticos que desejem ampliar a sua oferta com artigos que n\u00e3o s\u00e3o apenas bonitos, mas que tamb\u00e9m contam hist\u00f3rias.<\/p>\n","protected":false},"excerpt":{"rendered":"<p>\u00cdman met\u00e1lico com forma de touro, inspirado na cultura alicantina. Este \u00edman de 8 cm apresenta um design colorido e vibrante, que evoca a ess\u00eancia da arte em mosaico. O touro, s\u00edmbolo de la tradi\u00e7\u00e3o espanhola, \u00e9 elaborado em tons variados que se destacam sobre um fundo preto, enquanto a palavra \u00abAlicante\u00bb, em letras proeminentes, acrescenta um toque distintivo. Ideal para recordar e partilhar a beleza da regi\u00e3o.<\/p>\n","protected":false},"featured_media":10017,"template":"","meta":{"_acf_changed":false},"product_brand":[],"product_cat":[699],"product_tag":[516],"class_list":{"0":"post-31974","1":"product","2":"type-product","3":"status-publish","4":"has-post-thumbnail","6":"product_cat-imanes","7":"product_tag-animais","8":"pa_ciudad-alicante","9":"pa_motivo-touros","10":"pa_pais-espana","12":"first","13":"instock","14":"shipping-taxable","15":"product-type-simple"},"acf":[],"_links":{"self":[{"href":"https:\/\/olemosaic.com\/pt-pt\/wp-json\/wp\/v2\/product\/31974","targetHints":{"allow":["GET"]}}],"collection":[{"href":"https:\/\/olemosaic.com\/pt-pt\/wp-json\/wp\/v2\/product"}],"about":[{"href":"https:\/\/olemosaic.com\/pt-pt\/wp-json\/wp\/v2\/types\/product"}],"wp:featuredmedia":[{"embeddable":true,"href":"https:\/\/olemosaic.com\/pt-pt\/wp-json\/wp\/v2\/media\/10017"}],"wp:attachment":[{"href":"https:\/\/olemosaic.com\/pt-pt\/wp-json\/wp\/v2\/media?parent=31974"}],"wp:term":[{"taxonomy":"product_brand","embeddable":true,"href":"https:\/\/olemosaic.com\/pt-pt\/wp-json\/wp\/v2\/product_brand?post=31974"},{"taxonomy":"product_cat","embeddable":true,"href":"https:\/\/olemosaic.com\/pt-pt\/wp-json\/wp\/v2\/product_cat?post=31974"},{"taxonomy":"product_tag","embeddable":true,"href":"https:\/\/olemosaic.com\/pt-pt\/wp-json\/wp\/v2\/product_tag?post=31974"}],"curies":[{"name":"wp","href":"https:\/\/api.w.org\/{rel}","templated":true}]}}