{"id":31972,"date":"2025-02-20T22:32:13","date_gmt":"2025-02-20T22:32:13","guid":{"rendered":"http:\/\/olemosaic.com\/producto\/iman-de-metal-toro-malaga-negro-8-cm\/"},"modified":"2025-07-25T18:50:22","modified_gmt":"2025-07-25T16:50:22","slug":"iman-de-metal-touro-malaga-preto-8-cm","status":"publish","type":"product","link":"https:\/\/olemosaic.com\/pt-pt\/produto\/iman-de-metal-touro-malaga-preto-8-cm\/","title":{"rendered":"\u00cdman de metal. Touro. M\u00e1laga. Preto. 8 cm."},"content":{"rendered":"<p>Este \u00edman met\u00e1lico com forma de touro \u00e9 uma recorda\u00e7\u00e3o vibrante e aut\u00eantica de M\u00e1laga, ideal para quem deseja levar um peda\u00e7o da rica cultura andaluza. Com dimens\u00f5es de 8 cm, o \u00edman destaca-se pelo seu design colorido inspirado nos mosaicos, que retrata um touro numa pose imponente. O fundo preto real\u00e7a os tons brilhantes do design, onde cada fragmento de cor parece ganhar vida, evocando a vitalidade e a energia do folclore andaluz.<\/p>\n<p>O touro, s\u00edmbolo de for\u00e7a e identidade na cultura espanhola, reflete a profunda liga\u00e7\u00e3o entre M\u00e1laga e as suas tradi\u00e7\u00f5es taurom\u00e1quicas. A inscri\u00e7\u00e3o &#8220;M\u00c1LAGA&#8221; numa lateral acrescenta um toque distintivo que o torna um aut\u00eantico souvenir da cidade. Este \u00edman n\u00e3o \u00e9 apenas uma decora\u00e7\u00e3o funcional para a casa, mas tamb\u00e9m atua como um lembrete das tradi\u00e7\u00f5es e da arte que caracterizam a Andaluzia.<\/p>\n<p>Na Ol\u00e9 Mosaic especializamo-nos na distribui\u00e7\u00e3o de souvenirs por grosso, e este \u00edman de touro \u00e9 uma excelente op\u00e7\u00e3o para lojas de presentes tur\u00edsticos que procuram produtos que representem a ess\u00eancia de M\u00e1laga. Um souvenir imprescind\u00edvel para turistas que procuram pe\u00e7as artesanais que celebrem a riqueza cultural da regi\u00e3o.<\/p>\n","protected":false},"excerpt":{"rendered":"<p>\u00cdman de metal com forma de touro, de 8 cm, inspirado na cultura andaluza e emblem\u00e1tico de M\u00e1laga. Este \u00edman colorido apresenta um design de mosaico em tons brilhantes que representa um touro numa pose imponente, destacando-se sobre um fundo preto que real\u00e7a as suas cores vivas. A palavra &#8220;M\u00c1LAGA&#8221; est\u00e1 impressa numa lateral, acrescentando um toque distintivo a este souvenir perfeito para recordar a ess\u00eancia da Andaluzia.<\/p>\n","protected":false},"featured_media":10002,"template":"","meta":{"_acf_changed":false},"product_brand":[],"product_cat":[699],"product_tag":[516],"class_list":{"0":"post-31972","1":"product","2":"type-product","3":"status-publish","4":"has-post-thumbnail","6":"product_cat-imanes","7":"product_tag-animais","8":"pa_ciudad-malaga","9":"pa_motivo-touros","10":"pa_pais-espana","12":"first","13":"instock","14":"shipping-taxable","15":"product-type-simple"},"acf":[],"_links":{"self":[{"href":"https:\/\/olemosaic.com\/pt-pt\/wp-json\/wp\/v2\/product\/31972","targetHints":{"allow":["GET"]}}],"collection":[{"href":"https:\/\/olemosaic.com\/pt-pt\/wp-json\/wp\/v2\/product"}],"about":[{"href":"https:\/\/olemosaic.com\/pt-pt\/wp-json\/wp\/v2\/types\/product"}],"wp:featuredmedia":[{"embeddable":true,"href":"https:\/\/olemosaic.com\/pt-pt\/wp-json\/wp\/v2\/media\/10002"}],"wp:attachment":[{"href":"https:\/\/olemosaic.com\/pt-pt\/wp-json\/wp\/v2\/media?parent=31972"}],"wp:term":[{"taxonomy":"product_brand","embeddable":true,"href":"https:\/\/olemosaic.com\/pt-pt\/wp-json\/wp\/v2\/product_brand?post=31972"},{"taxonomy":"product_cat","embeddable":true,"href":"https:\/\/olemosaic.com\/pt-pt\/wp-json\/wp\/v2\/product_cat?post=31972"},{"taxonomy":"product_tag","embeddable":true,"href":"https:\/\/olemosaic.com\/pt-pt\/wp-json\/wp\/v2\/product_tag?post=31972"}],"curies":[{"name":"wp","href":"https:\/\/api.w.org\/{rel}","templated":true}]}}