{"id":31970,"date":"2025-02-20T22:32:12","date_gmt":"2025-02-20T22:32:12","guid":{"rendered":"http:\/\/olemosaic.com\/producto\/iman-de-metal-salamandra-mojacar-plata-8-cm\/"},"modified":"2025-07-25T19:32:33","modified_gmt":"2025-07-25T17:32:33","slug":"iman-de-metal-salamandra-mojacar-prata-8-cm","status":"publish","type":"product","link":"https:\/\/olemosaic.com\/pt-pt\/produto\/iman-de-metal-salamandra-mojacar-prata-8-cm\/","title":{"rendered":"\u00cdman de metal. Salamandra. Moj\u00e1car. Prata. 8 cm."},"content":{"rendered":"<p>Este \u00edman met\u00e1lico com forma de salamandra \u00e9 uma pe\u00e7a encantadora que captura a ess\u00eancia vibrante de Moj\u00e1car, uma pitoresca vila costeira espanhola. Fabricado com um design cuidado de 8 cm, este atraente \u00edman apresenta uma salamandra decorada em tons chamativos de azul, verde e amarelo, evocando a rica tradi\u00e7\u00e3o de mosaicos que caracteriza esta localidade. O seu fundo branco texturizado simula o efeito dos azulejos, acrescentando um toque artesanal que real\u00e7a a arte popular da regi\u00e3o. Na parte superior, o nome &#8220;MOJ\u00c1CAR&#8221; aparece em letras coloridas, impregnando o produto de um ar festivo e alegre, ao qual se junta um pequeno detalhe gr\u00e1fico de outra salamandra, que complementa perfeitamente a composi\u00e7\u00e3o.<\/p>\n<p>O simbolismo da salamandra, que representa a transforma\u00e7\u00e3o e a energia na cultura local, torna este \u00edman uma recorda\u00e7\u00e3o significativa e aut\u00eantica. Este souvenir n\u00e3o \u00e9 apenas uma op\u00e7\u00e3o ideal para quem procura levar um pedacinho da beleza de Moj\u00e1car para casa, mas tamb\u00e9m \u00e9 um excelente artigo para lojas de presentes tur\u00edsticos que desejam oferecer aos seus clientes uma lembran\u00e7a representativa da rica heran\u00e7a cultural de Espanha. Na Ol\u00e9 Mosaic, somos especialistas na distribui\u00e7\u00e3o de souvenirs por grosso e este \u00edman de salamandra \u00e9 um produto que se destaca pelo seu design \u00fanico e pela sua liga\u00e7\u00e3o ao folclore local, tornando-se uma pe\u00e7a-chave para qualquer cole\u00e7\u00e3o de souvenirs de Moj\u00e1car.<\/p>\n","protected":false},"excerpt":{"rendered":"<p>\u00cdman met\u00e1lico com forma de salamandra, inspirado no colorido mosaico de Moj\u00e1car. Este atraente \u00edman, de 8 cm, apresenta uma salamandra desenhada em tons vibrantes de azul, verde e amarelo, que se destaca sobre um fundo branco texturizado que simula o efeito dos azulejos. Na parte superior, o texto \u00abMOJ\u00c1CAR\u00bb aparece em letras coloridas, complementado por um pequeno detalhe gr\u00e1fico de outra salamandra. Ideal para recordar a beleza e o folclore desta encantadora localidade espanhola.<\/p>\n","protected":false},"featured_media":12891,"template":"","meta":{"_acf_changed":false},"product_brand":[],"product_cat":[699],"product_tag":[516],"class_list":{"0":"post-31970","1":"product","2":"type-product","3":"status-publish","4":"has-post-thumbnail","6":"product_cat-imanes","7":"product_tag-animais","8":"pa_ciudad-mojacar","9":"pa_motivo-salamandras","10":"pa_pais-espana","12":"first","13":"instock","14":"shipping-taxable","15":"product-type-simple"},"acf":[],"_links":{"self":[{"href":"https:\/\/olemosaic.com\/pt-pt\/wp-json\/wp\/v2\/product\/31970","targetHints":{"allow":["GET"]}}],"collection":[{"href":"https:\/\/olemosaic.com\/pt-pt\/wp-json\/wp\/v2\/product"}],"about":[{"href":"https:\/\/olemosaic.com\/pt-pt\/wp-json\/wp\/v2\/types\/product"}],"wp:featuredmedia":[{"embeddable":true,"href":"https:\/\/olemosaic.com\/pt-pt\/wp-json\/wp\/v2\/media\/12891"}],"wp:attachment":[{"href":"https:\/\/olemosaic.com\/pt-pt\/wp-json\/wp\/v2\/media?parent=31970"}],"wp:term":[{"taxonomy":"product_brand","embeddable":true,"href":"https:\/\/olemosaic.com\/pt-pt\/wp-json\/wp\/v2\/product_brand?post=31970"},{"taxonomy":"product_cat","embeddable":true,"href":"https:\/\/olemosaic.com\/pt-pt\/wp-json\/wp\/v2\/product_cat?post=31970"},{"taxonomy":"product_tag","embeddable":true,"href":"https:\/\/olemosaic.com\/pt-pt\/wp-json\/wp\/v2\/product_tag?post=31970"}],"curies":[{"name":"wp","href":"https:\/\/api.w.org\/{rel}","templated":true}]}}