{"id":31957,"date":"2025-02-20T22:32:12","date_gmt":"2025-02-20T22:32:12","guid":{"rendered":"http:\/\/olemosaic.com\/producto\/iman-de-metal-salamandra-alicante-plata-8-cm\/"},"modified":"2025-07-25T19:03:07","modified_gmt":"2025-07-25T17:03:07","slug":"iman-de-metal-salamandra-alicante-prateado-8-cm","status":"publish","type":"product","link":"https:\/\/olemosaic.com\/pt-pt\/produto\/iman-de-metal-salamandra-alicante-prateado-8-cm\/","title":{"rendered":"\u00cdman de metal. Salamandra. Alicante. Prateado. 8 cm."},"content":{"rendered":"<p>Este \u00edman met\u00e1lico com forma de salamandra \u00e9 uma encantadora recorda\u00e7\u00e3o de Alicante, inspirado na rica fauna e na vibrante cultura da regi\u00e3o. Com dimens\u00f5es de 8 cm, este atraente \u00edman apresenta um design cativante que combina cores azul, verde e amarelo num estilo de mosaico, reminiscente da cer\u00e2mica tradicional alicantina. A salamandra, s\u00edmbolo de transforma\u00e7\u00e3o e natureza, ganha vida gra\u00e7as aos tons brilhantes que evocam a paisagem mediterr\u00e2nica e a vida selvagem local.<\/p>\n<p>A inscri\u00e7\u00e3o &#8220;ALICANTE&#8221; na parte superior do \u00edman acrescenta um toque distintivo, tornando-o uma recorda\u00e7\u00e3o decorativa ideal para quem visitou esta bela cidade costeira. Perfeito para os amantes da natureza e colecionadores de recorda\u00e7\u00f5es, este \u00edman adapta-se facilmente a qualquer superf\u00edcie met\u00e1lica, acrescentando um toque de alegria e um pedacinho de Alicante \u00e0 decora\u00e7\u00e3o da casa.<\/p>\n<p>Na Ol\u00e9 Mosaic, especializamo-nos na distribui\u00e7\u00e3o de recorda\u00e7\u00f5es por grosso que refletem a autenticidade e o patrim\u00f3nio cultural de Espanha. Este \u00edman de salamandra n\u00e3o s\u00f3 \u00e9 uma recorda\u00e7\u00e3o representativa, como tamb\u00e9m uma excelente op\u00e7\u00e3o para lojas de presentes tur\u00edsticos que procuram produtos originais e cheios de significado. Com o seu design art\u00edstico e liga\u00e7\u00e3o cultural, esta recorda\u00e7\u00e3o \u00e9 a forma perfeita de levar um pouco da saudade alicantina para casa.<\/p>\n","protected":false},"excerpt":{"rendered":"<p>\u00cdman met\u00e1lico com forma de salamandra, inspirado na rica fauna alicantina. Este atraente \u00edman, de 8 cm, apresenta um vibrante design em azul, verde e amarelo, imitando um mosaico que evoca a cultura local. Destaca-se a inscri\u00e7\u00e3o &#8220;ALICANTE&#8221; na parte superior, o que o torna uma excelente recorda\u00e7\u00e3o decorativa. Ideal para amantes da natureza e colecionadores, acrescentar\u00e1 um toque de alegria a qualquer superf\u00edcie met\u00e1lica.<\/p>\n","protected":false},"featured_media":12894,"template":"","meta":{"_acf_changed":false},"product_brand":[],"product_cat":[699],"product_tag":[516],"class_list":{"0":"post-31957","1":"product","2":"type-product","3":"status-publish","4":"has-post-thumbnail","6":"product_cat-imanes","7":"product_tag-animais","8":"pa_ciudad-alicante","9":"pa_motivo-salamandras","10":"pa_pais-espana","12":"first","13":"instock","14":"shipping-taxable","15":"product-type-simple"},"acf":[],"_links":{"self":[{"href":"https:\/\/olemosaic.com\/pt-pt\/wp-json\/wp\/v2\/product\/31957","targetHints":{"allow":["GET"]}}],"collection":[{"href":"https:\/\/olemosaic.com\/pt-pt\/wp-json\/wp\/v2\/product"}],"about":[{"href":"https:\/\/olemosaic.com\/pt-pt\/wp-json\/wp\/v2\/types\/product"}],"wp:featuredmedia":[{"embeddable":true,"href":"https:\/\/olemosaic.com\/pt-pt\/wp-json\/wp\/v2\/media\/12894"}],"wp:attachment":[{"href":"https:\/\/olemosaic.com\/pt-pt\/wp-json\/wp\/v2\/media?parent=31957"}],"wp:term":[{"taxonomy":"product_brand","embeddable":true,"href":"https:\/\/olemosaic.com\/pt-pt\/wp-json\/wp\/v2\/product_brand?post=31957"},{"taxonomy":"product_cat","embeddable":true,"href":"https:\/\/olemosaic.com\/pt-pt\/wp-json\/wp\/v2\/product_cat?post=31957"},{"taxonomy":"product_tag","embeddable":true,"href":"https:\/\/olemosaic.com\/pt-pt\/wp-json\/wp\/v2\/product_tag?post=31957"}],"curies":[{"name":"wp","href":"https:\/\/api.w.org\/{rel}","templated":true}]}}