{"id":31956,"date":"2025-02-20T22:32:12","date_gmt":"2025-02-20T22:32:12","guid":{"rendered":"http:\/\/olemosaic.com\/producto\/iman-de-metal-salamandra-mojacar-8-cm\/"},"modified":"2025-07-25T23:53:20","modified_gmt":"2025-07-25T21:53:20","slug":"iman-de-metal-salamandra-mojacar-8-cm-pt-pt","status":"publish","type":"product","link":"https:\/\/olemosaic.com\/pt-pt\/produto\/iman-de-metal-salamandra-mojacar-8-cm-pt-pt\/","title":{"rendered":"\u00cdman de metal. Salamandra. Moj\u00e1car. 8 cm."},"content":{"rendered":"<p>Este \u00edman met\u00e1lico com forma de salamandra \u00e9 uma recorda\u00e7\u00e3o alegre e vibrante de Moj\u00e1car, desenhado para os amantes da cultura andaluza. Com dimens\u00f5es de 8 cm, este \u00edman destaca-se pelo seu colorido design, que utiliza tons azuis, verdes, amarelos e vermelhos. A salamandra, um s\u00edmbolo associado \u00e0 riqueza cultural da regi\u00e3o, \u00e9 representada com detalhes intrincados que evocam os tradicionais mosaicos andaluzes. O seu fundo, que simula os ladrilhos t\u00edpicos da arquitetura local, acrescenta uma textura \u00fanica, tornando este souvenir esteticamente atraente e culturalmente significativo ao mesmo tempo.<\/p>\n<p>O nome &#8220;Moj\u00e1car&#8221; aparece em letras chamativas na parte superior do \u00edman, sublinhando a sua origem e tornando esta pe\u00e7a uma excelente recorda\u00e7\u00e3o para quem visitou esta encantadora vila costeira de Almeria. A salamandra, al\u00e9m de ser um elemento decorativo, faz parte da rica tradi\u00e7\u00e3o folcl\u00f3rica de Moj\u00e1car, refletindo a liga\u00e7\u00e3o da comunidade com o seu ambiente natural e arquitet\u00f3nico.<\/p>\n<p>Na Ol\u00e9 Mosaic, oferecemos uma cuidada sele\u00e7\u00e3o de souvenirs que celebram a autenticidade das tradi\u00e7\u00f5es locais, e este \u00edman de salamandra \u00e9 uma op\u00e7\u00e3o ideal para lojas de presentes tur\u00edsticos que procuram produtos que realcem a cultura espanhola. \u00c9 uma recorda\u00e7\u00e3o que n\u00e3o s\u00f3 embeleza qualquer frigor\u00edfico, como tamb\u00e9m narra uma hist\u00f3ria cultural, tornando-se assim um objeto de interesse para turistas que desejam levar consigo um peda\u00e7o da ess\u00eancia andaluza.<\/p>\n","protected":false},"excerpt":{"rendered":"<p>\u00cdman met\u00e1lico com forma de salamandra, inspirado na emblem\u00e1tica cultura de Moj\u00e1car. Este colorido \u00edman de 8 cm apresenta um design vibrante em tons azuis, verdes, amarelos e vermelhos, evocando o famoso mosaico andaluz. A salamandra est\u00e1 adornada com detalhes intrincados sobre um fundo texturizado que recorda os ladrilhos tradicionais, e o nome \u201cMoj\u00e1car\u201d destaca-se com letras chamativas na parte superior, tornando-o uma recorda\u00e7\u00e3o \u00fanica e atraente.<\/p>\n","protected":false},"featured_media":12892,"template":"","meta":{"_acf_changed":false},"product_brand":[],"product_cat":[699],"product_tag":[516],"class_list":{"0":"post-31956","1":"product","2":"type-product","3":"status-publish","4":"has-post-thumbnail","6":"product_cat-imanes","7":"product_tag-animais","8":"pa_ciudad-mojacar","9":"pa_motivo-salamandras","10":"pa_pais-espana","12":"first","13":"instock","14":"shipping-taxable","15":"product-type-simple"},"acf":[],"_links":{"self":[{"href":"https:\/\/olemosaic.com\/pt-pt\/wp-json\/wp\/v2\/product\/31956","targetHints":{"allow":["GET"]}}],"collection":[{"href":"https:\/\/olemosaic.com\/pt-pt\/wp-json\/wp\/v2\/product"}],"about":[{"href":"https:\/\/olemosaic.com\/pt-pt\/wp-json\/wp\/v2\/types\/product"}],"wp:featuredmedia":[{"embeddable":true,"href":"https:\/\/olemosaic.com\/pt-pt\/wp-json\/wp\/v2\/media\/12892"}],"wp:attachment":[{"href":"https:\/\/olemosaic.com\/pt-pt\/wp-json\/wp\/v2\/media?parent=31956"}],"wp:term":[{"taxonomy":"product_brand","embeddable":true,"href":"https:\/\/olemosaic.com\/pt-pt\/wp-json\/wp\/v2\/product_brand?post=31956"},{"taxonomy":"product_cat","embeddable":true,"href":"https:\/\/olemosaic.com\/pt-pt\/wp-json\/wp\/v2\/product_cat?post=31956"},{"taxonomy":"product_tag","embeddable":true,"href":"https:\/\/olemosaic.com\/pt-pt\/wp-json\/wp\/v2\/product_tag?post=31956"}],"curies":[{"name":"wp","href":"https:\/\/api.w.org\/{rel}","templated":true}]}}