{"id":31955,"date":"2025-02-20T22:32:12","date_gmt":"2025-02-20T22:32:12","guid":{"rendered":"http:\/\/olemosaic.com\/producto\/iman-de-metal-gato-gran-canaria-plata-8-cm\/"},"modified":"2025-07-25T19:40:41","modified_gmt":"2025-07-25T17:40:41","slug":"iman-de-metal-gato-gran-canaria-prateado-8-cm","status":"publish","type":"product","link":"https:\/\/olemosaic.com\/pt-pt\/produto\/iman-de-metal-gato-gran-canaria-prateado-8-cm\/","title":{"rendered":"\u00cdman de metal. Gato. Gran Canaria. Prateado. 8 cm."},"content":{"rendered":"<p>Este \u00edman met\u00e1lico com forma de gato \u00e9 uma vibrante representa\u00e7\u00e3o da arte colorida de Gran Canaria, uma das joias do arquip\u00e9lago can\u00e1rio. Com dimens\u00f5es de 8 cm, este \u00edman destaca-se pelo seu design de mosaico, que combina uma paleta de cores intensas, como o vermelho, azul, verde e amarelo, criando um efeito visual cativante que atrai o olhar. A figura do gato, com os seus contornos estilizados e olhos expressivos, real\u00e7a a riqueza da fauna can\u00e1ria e acrescenta um toque de simpatia e alegria a qualquer espa\u00e7o. O texto &#8220;Gran Canaria&#8221; aparece numa tonalidade chamativa, o que torna este \u00edman uma recorda\u00e7\u00e3o memor\u00e1vel e um excelente souvenir da ilha, perfeito para adornar o frigor\u00edfico ou qualquer superf\u00edcie met\u00e1lica da casa.<\/p>\n<p>A liga\u00e7\u00e3o cultural deste \u00edman vai al\u00e9m do seu design; representa a vida vibrante e a paisagem colorida de Gran Canaria, conhecida pela sua biodiversidade e tradi\u00e7\u00f5es culturais. Cada vez que vir este \u00edman, recordar-lhe-\u00e1 o calor das suas gentes e a beleza das suas paisagens. Na Ol\u00e9 Mosaic, especializamo-nos na distribui\u00e7\u00e3o de souvenirs por grosso, e este \u00edman de gato simboliza a autenticidade e a arte local, sendo uma op\u00e7\u00e3o ideal para lojas de presentes tur\u00edsticos que procuram produtos \u00fanicos e relevantes. Como grossista de souvenirs de Gran Canaria, garantimos que cada pe\u00e7a que oferecemos captura a ess\u00eancia desta bela ilha.<\/p>\n","protected":false},"excerpt":{"rendered":"<p>\u00cdman met\u00e1lico com forma de gato, inspirado na colorida arte de Gran Canaria. Este \u00edman de 8 cm destaca-se pelo seu design mosaico, com uma vibrante paleta de cores que inclui vermelho, azul, verde e amarelo, criando um efeito visual impactante. A inscri\u00e7\u00e3o &#8220;Gran Canaria&#8221; numa cor chamativa torna-o uma recorda\u00e7\u00e3o perfeita da ilha, ideal para decorar o seu frigor\u00edfico ou qualquer superf\u00edcie met\u00e1lica.<\/p>\n","protected":false},"featured_media":12842,"template":"","meta":{"_acf_changed":false},"product_brand":[],"product_cat":[699],"product_tag":[516],"class_list":{"0":"post-31955","1":"product","2":"type-product","3":"status-publish","4":"has-post-thumbnail","6":"product_cat-imanes","7":"product_tag-animais","8":"pa_ciudad-gran-canaria","9":"pa_motivo-gatos","10":"pa_pais-espana","12":"first","13":"instock","14":"shipping-taxable","15":"product-type-simple"},"acf":[],"_links":{"self":[{"href":"https:\/\/olemosaic.com\/pt-pt\/wp-json\/wp\/v2\/product\/31955","targetHints":{"allow":["GET"]}}],"collection":[{"href":"https:\/\/olemosaic.com\/pt-pt\/wp-json\/wp\/v2\/product"}],"about":[{"href":"https:\/\/olemosaic.com\/pt-pt\/wp-json\/wp\/v2\/types\/product"}],"wp:featuredmedia":[{"embeddable":true,"href":"https:\/\/olemosaic.com\/pt-pt\/wp-json\/wp\/v2\/media\/12842"}],"wp:attachment":[{"href":"https:\/\/olemosaic.com\/pt-pt\/wp-json\/wp\/v2\/media?parent=31955"}],"wp:term":[{"taxonomy":"product_brand","embeddable":true,"href":"https:\/\/olemosaic.com\/pt-pt\/wp-json\/wp\/v2\/product_brand?post=31955"},{"taxonomy":"product_cat","embeddable":true,"href":"https:\/\/olemosaic.com\/pt-pt\/wp-json\/wp\/v2\/product_cat?post=31955"},{"taxonomy":"product_tag","embeddable":true,"href":"https:\/\/olemosaic.com\/pt-pt\/wp-json\/wp\/v2\/product_tag?post=31955"}],"curies":[{"name":"wp","href":"https:\/\/api.w.org\/{rel}","templated":true}]}}