{"id":31949,"date":"2025-02-20T22:32:10","date_gmt":"2025-02-20T22:32:10","guid":{"rendered":"http:\/\/olemosaic.com\/producto\/iman-de-metal-toro-marbella-plata-8-cm\/"},"modified":"2025-07-25T20:31:08","modified_gmt":"2025-07-25T18:31:08","slug":"iman-de-metal-touro-marbella-prata-8-cm","status":"publish","type":"product","link":"https:\/\/olemosaic.com\/pt-pt\/produto\/iman-de-metal-touro-marbella-prata-8-cm\/","title":{"rendered":"\u00cdman de metal. Touro. Marbella. Prata. 8 cm."},"content":{"rendered":"<p>Este \u00edman met\u00e1lico, com o design de um touro, \u00e9 uma representa\u00e7\u00e3o vibrante e aut\u00eantica da cultura espanhola, perfeito como recorda\u00e7\u00e3o de Marbella. Com um atraente di\u00e2metro de 8 cm, destaca-se pelo seu design apelativo, que capta a ess\u00eancia da arte e da tradi\u00e7\u00e3o ib\u00e9rica. A imagem central apresenta um touro em cores vibrantes, que v\u00e3o do vermelho intenso ao amarelo e laranja, criando um efeito de mosaico que evoca a rica heran\u00e7a art\u00edstica da regi\u00e3o. O fundo branco adiciona um contraste moderno e elegante, enquanto os delicados contornos prateados emolduram a pe\u00e7a com um toque sofisticado.<\/p>\n<p>A palavra &#8220;MARBELLA&#8221; \u00e9 impressa com um arco-\u00edris de cores, adicionando um elemento l\u00fadico e festivo que atrai a aten\u00e7\u00e3o e evoca a alegria da vida neste famoso destino tur\u00edstico. Este \u00edman n\u00e3o \u00e9 apenas um objeto decorativo, mas tamb\u00e9m um s\u00edmbolo do legado taurino espanhol, que recorda aos visitantes a profunda liga\u00e7\u00e3o cultural entre o toureiro e a comunidade.<\/p>\n<p>Na Ol\u00e9 Mosaic, especializamo-nos na distribui\u00e7\u00e3o de recorda\u00e7\u00f5es por grosso, e este \u00edman de touro \u00e9 uma excelente op\u00e7\u00e3o para aquelas lojas que procuram produtos aut\u00eanticos que representem a cultura espanhola. Com o seu design \u00fanico e relev\u00e2ncia cultural, este \u00edman de Marbella \u00e9 a recorda\u00e7\u00e3o perfeita para os turistas que desejem levar um peda\u00e7o de Espanha para casa.<\/p>\n","protected":false},"excerpt":{"rendered":"<p>\u00cdman met\u00e1lico com design de um touro, s\u00edmbolo da cultura espanhola, perfeito como recorda\u00e7\u00e3o de Marbella. Com um di\u00e2metro de 8 cm, este \u00edman destaca-se pelas suas cores vibrantes e um acabamento em tons vermelhos, amarelos e laranjas que simulam um mosaico. O fundo branco e os contornos prateados complementam o design, enquanto a palavra &#8220;MARBELLA&#8221; \u00e9 impressa num arco-\u00edris de cores, tornando-o uma recorda\u00e7\u00e3o atraente e visualmente impactante.<\/p>\n","protected":false},"featured_media":9986,"template":"","meta":{"_acf_changed":false},"product_brand":[],"product_cat":[699],"product_tag":[516],"class_list":{"0":"post-31949","1":"product","2":"type-product","3":"status-publish","4":"has-post-thumbnail","6":"product_cat-imanes","7":"product_tag-animais","8":"pa_ciudad-marbella","9":"pa_motivo-touros","10":"pa_pais-espana","12":"first","13":"instock","14":"shipping-taxable","15":"product-type-simple"},"acf":[],"_links":{"self":[{"href":"https:\/\/olemosaic.com\/pt-pt\/wp-json\/wp\/v2\/product\/31949","targetHints":{"allow":["GET"]}}],"collection":[{"href":"https:\/\/olemosaic.com\/pt-pt\/wp-json\/wp\/v2\/product"}],"about":[{"href":"https:\/\/olemosaic.com\/pt-pt\/wp-json\/wp\/v2\/types\/product"}],"wp:featuredmedia":[{"embeddable":true,"href":"https:\/\/olemosaic.com\/pt-pt\/wp-json\/wp\/v2\/media\/9986"}],"wp:attachment":[{"href":"https:\/\/olemosaic.com\/pt-pt\/wp-json\/wp\/v2\/media?parent=31949"}],"wp:term":[{"taxonomy":"product_brand","embeddable":true,"href":"https:\/\/olemosaic.com\/pt-pt\/wp-json\/wp\/v2\/product_brand?post=31949"},{"taxonomy":"product_cat","embeddable":true,"href":"https:\/\/olemosaic.com\/pt-pt\/wp-json\/wp\/v2\/product_cat?post=31949"},{"taxonomy":"product_tag","embeddable":true,"href":"https:\/\/olemosaic.com\/pt-pt\/wp-json\/wp\/v2\/product_tag?post=31949"}],"curies":[{"name":"wp","href":"https:\/\/api.w.org\/{rel}","templated":true}]}}