{"id":31927,"date":"2025-02-20T22:32:10","date_gmt":"2025-02-20T22:32:10","guid":{"rendered":"http:\/\/olemosaic.com\/producto\/iman-de-metal-toro-mijas-plata-8-cm\/"},"modified":"2025-07-25T19:35:31","modified_gmt":"2025-07-25T17:35:31","slug":"iman-de-metal-touro-mijas-prata-8-cm","status":"publish","type":"product","link":"https:\/\/olemosaic.com\/pt-pt\/produto\/iman-de-metal-touro-mijas-prata-8-cm\/","title":{"rendered":"\u00cdman de metal. Touro. Mijas. Prata. 8 cm."},"content":{"rendered":"<p>Este \u00edman met\u00e1lico com design de touro \u00e9 um s\u00edmbolo aut\u00eantico de Mijas, um dos destinos mais emblem\u00e1ticos da Costa del Sol. Com 8 cm de tamanho, destaca-se pelo seu vibrante mosaico de cores quentes, que real\u00e7am a ic\u00f3nica figura do touro, um elemento fundamental da cultura espanhola. O fundo branco simula um trencad\u00eds, uma t\u00e9cnica tradicional que utiliza peda\u00e7os de cer\u00e2mica para criar impressionantes obras de arte, proporcionando um contraste atraente com os tons intensos do touro. Este design captura a ess\u00eancia da arte e da tradi\u00e7\u00e3o andaluza, tornando-o uma recorda\u00e7\u00e3o perfeita para quem deseja levar um pedacinho deste vibrante destino.<\/p>\n<p>Este \u00edman n\u00e3o \u00e9 apenas uma pe\u00e7a decorativa, mas tamb\u00e9m representa a heran\u00e7a cultural de Espanha, especialmente a de Mijas, famosa pelo seu encanto andaluz e pelo seu legado taurom\u00e1quico. \u00c9 um souvenir ideal para turistas que procuram uma recorda\u00e7\u00e3o aut\u00eantica e representativa da regi\u00e3o. Na Ol\u00e9 Mosaic, como distribuidores de souvenirs por grosso, oferecemos este \u00edman de touro, uma excelente op\u00e7\u00e3o para lojas de presentes tur\u00edsticos que desejem exibir produtos de qualidade com significado cultural. Este \u00edman met\u00e1lico \u00e9 um presente ideal e uma recorda\u00e7\u00e3o constante da beleza e da tradi\u00e7\u00e3o da Costa del Sol.<\/p>\n","protected":false},"excerpt":{"rendered":"<p>\u00cdman met\u00e1lico com design de touro que representa a ess\u00eancia de Mijas, um dos destinos mais emblem\u00e1ticos da Costa del Sol. Este \u00edman, de 8 cm, exibe um vibrante mosaico de cores quentes que real\u00e7am a figura do touro, um s\u00edmbolo cultural de Espanha. Com um fundo branco que simula o trencad\u00eds e detalhes que captam a aten\u00e7\u00e3o, \u00e9 uma recorda\u00e7\u00e3o perfeita para os amantes da arte e da tradi\u00e7\u00e3o espanhola.<\/p>\n","protected":false},"featured_media":9977,"template":"","meta":{"_acf_changed":false},"product_brand":[],"product_cat":[699],"product_tag":[516],"class_list":{"0":"post-31927","1":"product","2":"type-product","3":"status-publish","4":"has-post-thumbnail","6":"product_cat-imanes","7":"product_tag-animais","8":"pa_ciudad-mijas","9":"pa_motivo-touros","10":"pa_pais-espana","12":"first","13":"instock","14":"shipping-taxable","15":"product-type-simple"},"acf":[],"_links":{"self":[{"href":"https:\/\/olemosaic.com\/pt-pt\/wp-json\/wp\/v2\/product\/31927","targetHints":{"allow":["GET"]}}],"collection":[{"href":"https:\/\/olemosaic.com\/pt-pt\/wp-json\/wp\/v2\/product"}],"about":[{"href":"https:\/\/olemosaic.com\/pt-pt\/wp-json\/wp\/v2\/types\/product"}],"wp:featuredmedia":[{"embeddable":true,"href":"https:\/\/olemosaic.com\/pt-pt\/wp-json\/wp\/v2\/media\/9977"}],"wp:attachment":[{"href":"https:\/\/olemosaic.com\/pt-pt\/wp-json\/wp\/v2\/media?parent=31927"}],"wp:term":[{"taxonomy":"product_brand","embeddable":true,"href":"https:\/\/olemosaic.com\/pt-pt\/wp-json\/wp\/v2\/product_brand?post=31927"},{"taxonomy":"product_cat","embeddable":true,"href":"https:\/\/olemosaic.com\/pt-pt\/wp-json\/wp\/v2\/product_cat?post=31927"},{"taxonomy":"product_tag","embeddable":true,"href":"https:\/\/olemosaic.com\/pt-pt\/wp-json\/wp\/v2\/product_tag?post=31927"}],"curies":[{"name":"wp","href":"https:\/\/api.w.org\/{rel}","templated":true}]}}