{"id":31925,"date":"2025-02-20T22:32:10","date_gmt":"2025-02-20T22:32:10","guid":{"rendered":"http:\/\/olemosaic.com\/producto\/iman-de-metal-salamandra-mallorca-negro-8-cm\/"},"modified":"2025-07-25T18:54:20","modified_gmt":"2025-07-25T16:54:20","slug":"iman-de-metal-salamandra-maiorca-preto-8-cm","status":"publish","type":"product","link":"https:\/\/olemosaic.com\/pt-pt\/produto\/iman-de-metal-salamandra-maiorca-preto-8-cm\/","title":{"rendered":"\u00cdman de metal. Salamandra. Maiorca. Preto. 8 cm."},"content":{"rendered":"<p>Este \u00edman met\u00e1lico com design de salamandras \u00e9 uma recorda\u00e7\u00e3o imprescind\u00edvel para os visitantes de Maiorca, capturando a ess\u00eancia vibrante da fauna local atrav\u00e9s de uma arte visual \u00fanica. Mede 8 cm e apresenta uma base preta que contrasta na perfei\u00e7\u00e3o com as cores intensas das salamandras, adornadas com um elegante estilo mosaico que presta homenagem \u00e0 rica tradi\u00e7\u00e3o art\u00edstica da ilha. As salamandras s\u00e3o elaboradas com uma paleta de cores vivas, que inclui tons azuis, verdes e vermelhos brilhantes, criando um efeito visual cativante que evoca a diversidade e a beleza natural de Maiorca. A palavra &#8220;MALLORCA&#8221;, destacada na parte superior do \u00edman, ressalta em cores vibrantes, simbolizando a mistura cultural da regi\u00e3o. Este \u00edman n\u00e3o \u00e9 apenas um elemento decorativo atraente, mas tamb\u00e9m um s\u00edmbolo das tradi\u00e7\u00f5es e da fauna desta preciosa ilha mediterr\u00e2nica. Na Ol\u00e9 Mosaic, orgulhamo-nos de oferecer recorda\u00e7\u00f5es aut\u00eanticas de Maiorca que destacam a cultura local e a beleza natural; este \u00edman de salamandras \u00e9 uma op\u00e7\u00e3o ideal para turistas em busca de recorda\u00e7\u00f5es genu\u00ednas que reflitam a ess\u00eancia da sua viagem. Como grossista de \u00edmanes, garantimos produtos de qualidade que real\u00e7am o apelo de qualquer loja de presentes tur\u00edsticos.<\/p>\n","protected":false},"excerpt":{"rendered":"<p>\u00cdman met\u00e1lico com design de salamandras, inspirado na fauna de Maiorca. Mede 8 cm e apresenta uma base preta que real\u00e7a as cores vivas das salamandras, decoradas com um estilo mosaico que evoca a tradi\u00e7\u00e3o art\u00edstica da ilha. A palavra &#8220;MALLORCA&#8221; aparece em cores vibrantes, aludindo \u00e0 diversidade cultural e natural do local. Um souvenir ideal para recordar a beleza de Maiorca.<\/p>\n","protected":false},"featured_media":13529,"template":"","meta":{"_acf_changed":false},"product_brand":[],"product_cat":[699],"product_tag":[516],"class_list":{"0":"post-31925","1":"product","2":"type-product","3":"status-publish","4":"has-post-thumbnail","6":"product_cat-imanes","7":"product_tag-animais","8":"pa_ciudad-mallorca","9":"pa_motivo-salamandras","10":"pa_pais-espana","12":"first","13":"instock","14":"shipping-taxable","15":"product-type-simple"},"acf":[],"_links":{"self":[{"href":"https:\/\/olemosaic.com\/pt-pt\/wp-json\/wp\/v2\/product\/31925","targetHints":{"allow":["GET"]}}],"collection":[{"href":"https:\/\/olemosaic.com\/pt-pt\/wp-json\/wp\/v2\/product"}],"about":[{"href":"https:\/\/olemosaic.com\/pt-pt\/wp-json\/wp\/v2\/types\/product"}],"wp:featuredmedia":[{"embeddable":true,"href":"https:\/\/olemosaic.com\/pt-pt\/wp-json\/wp\/v2\/media\/13529"}],"wp:attachment":[{"href":"https:\/\/olemosaic.com\/pt-pt\/wp-json\/wp\/v2\/media?parent=31925"}],"wp:term":[{"taxonomy":"product_brand","embeddable":true,"href":"https:\/\/olemosaic.com\/pt-pt\/wp-json\/wp\/v2\/product_brand?post=31925"},{"taxonomy":"product_cat","embeddable":true,"href":"https:\/\/olemosaic.com\/pt-pt\/wp-json\/wp\/v2\/product_cat?post=31925"},{"taxonomy":"product_tag","embeddable":true,"href":"https:\/\/olemosaic.com\/pt-pt\/wp-json\/wp\/v2\/product_tag?post=31925"}],"curies":[{"name":"wp","href":"https:\/\/api.w.org\/{rel}","templated":true}]}}