{"id":31898,"date":"2025-02-20T22:32:09","date_gmt":"2025-02-20T22:32:09","guid":{"rendered":"http:\/\/olemosaic.com\/producto\/iman-de-metal-salamandra-mojacar-negro-8-cm\/"},"modified":"2025-07-25T19:09:31","modified_gmt":"2025-07-25T17:09:31","slug":"iman-de-metal-salamandra-mojacar-preto-8-cm","status":"publish","type":"product","link":"https:\/\/olemosaic.com\/pt-pt\/produto\/iman-de-metal-salamandra-mojacar-preto-8-cm\/","title":{"rendered":"\u00cdman de metal. Salamandra. Moj\u00e1car. Preto. 8 cm."},"content":{"rendered":"<p>Este \u00edman met\u00e1lico com design de salamandra \u00e9 uma representa\u00e7\u00e3o vibrante e aut\u00eantica da arte e da cultura de Moj\u00e1car, uma encantadora vila andaluza conhecida pelos seus mosaicos coloridos. Com um tamanho de 8 cm, o \u00edman apresenta uma salamandra estilizada numa deslumbrante paleta de cores que inclui azul, verde, vermelho e amarelo, contrastando na perfei\u00e7\u00e3o com o fundo preto. A elegante figura da salamandra, rodeada de detalhes art\u00edsticos, capta a ess\u00eancia vivaz da natureza e inspira-se nos motivos tradicionais da regi\u00e3o, evocando o ambiente mediterr\u00e2nico deste pitoresco destino.<\/p>\n<p>Este \u00edman n\u00e3o \u00e9 apenas um elemento decorativo ideal para qualquer superf\u00edcie met\u00e1lica, mas tamb\u00e9m uma excelente recorda\u00e7\u00e3o de Moj\u00e1car. Os turistas poder\u00e3o levar para casa um peda\u00e7o desta bela localidade, tornando este souvenir numa escolha perfeita para quem procura algo aut\u00eantico e representativo da sua viagem. A salamandra tamb\u00e9m simboliza a adapta\u00e7\u00e3o e a criatividade do povo andaluz, refletindo a sua rica heran\u00e7a cultural.<\/p>\n<p>Na Ol\u00e9 Mosaic, especializamo-nos na distribui\u00e7\u00e3o de souvenirs por grosso, oferecendo op\u00e7\u00f5es como este \u00edman que combinam design e cultura. \u00c9 um produto ideal para lojas de presentes tur\u00edsticos que desejem oferecer aos seus clientes recorda\u00e7\u00f5es \u00fanicas e significativas de Espanha. Este \u00edman de Moj\u00e1car \u00e9 um souvenir perfeito para colecionadores e um exemplo destacado da beleza da arte andaluza.<\/p>\n","protected":false},"excerpt":{"rendered":"<p>\u00cdman met\u00e1lico com design de salamandra inspirado nos coloridos mosaicos de Moj\u00e1car. Este \u00edman apresenta uma encantadora salamandra em vibrantes tons de azul, verde, vermelho e amarelo, sobre um fundo preto que real\u00e7a a sua eleg\u00e2ncia. Com os seus 8 cm, \u00e9 uma pe\u00e7a ideal para adornar qualquer superf\u00edcie met\u00e1lica, evocando a arte e a cultura da pitoresca vila andaluza de Moj\u00e1car. Perfeito para colecionadores ou como recorda\u00e7\u00e3o desta bela regi\u00e3o.<\/p>\n","protected":false},"featured_media":12890,"template":"","meta":{"_acf_changed":false},"product_brand":[],"product_cat":[699],"product_tag":[516],"class_list":{"0":"post-31898","1":"product","2":"type-product","3":"status-publish","4":"has-post-thumbnail","6":"product_cat-imanes","7":"product_tag-animais","8":"pa_ciudad-mojacar","9":"pa_motivo-salamandras","10":"pa_pais-espana","12":"first","13":"instock","14":"shipping-taxable","15":"product-type-simple"},"acf":[],"_links":{"self":[{"href":"https:\/\/olemosaic.com\/pt-pt\/wp-json\/wp\/v2\/product\/31898","targetHints":{"allow":["GET"]}}],"collection":[{"href":"https:\/\/olemosaic.com\/pt-pt\/wp-json\/wp\/v2\/product"}],"about":[{"href":"https:\/\/olemosaic.com\/pt-pt\/wp-json\/wp\/v2\/types\/product"}],"wp:featuredmedia":[{"embeddable":true,"href":"https:\/\/olemosaic.com\/pt-pt\/wp-json\/wp\/v2\/media\/12890"}],"wp:attachment":[{"href":"https:\/\/olemosaic.com\/pt-pt\/wp-json\/wp\/v2\/media?parent=31898"}],"wp:term":[{"taxonomy":"product_brand","embeddable":true,"href":"https:\/\/olemosaic.com\/pt-pt\/wp-json\/wp\/v2\/product_brand?post=31898"},{"taxonomy":"product_cat","embeddable":true,"href":"https:\/\/olemosaic.com\/pt-pt\/wp-json\/wp\/v2\/product_cat?post=31898"},{"taxonomy":"product_tag","embeddable":true,"href":"https:\/\/olemosaic.com\/pt-pt\/wp-json\/wp\/v2\/product_tag?post=31898"}],"curies":[{"name":"wp","href":"https:\/\/api.w.org\/{rel}","templated":true}]}}