{"id":31897,"date":"2025-02-20T22:32:09","date_gmt":"2025-02-20T22:32:09","guid":{"rendered":"http:\/\/olemosaic.com\/producto\/iman-de-metal-salamandra-lanzarote-negro-8-cm\/"},"modified":"2025-07-25T19:44:56","modified_gmt":"2025-07-25T17:44:56","slug":"iman-de-metal-salamandra-lanzarote-preto-8-cm","status":"publish","type":"product","link":"https:\/\/olemosaic.com\/pt-pt\/produto\/iman-de-metal-salamandra-lanzarote-preto-8-cm\/","title":{"rendered":"\u00cdman de metal. Salamandra. Lanzarote. Preto. 8 cm."},"content":{"rendered":"<p>Este \u00edman met\u00e1lico com design de salamandra \u00e9 uma vibrante homenagem \u00e0 natureza \u00fanica de Lanzarote. Com dimens\u00f5es de 8 cm, este atraente \u00edman apresenta uma representa\u00e7\u00e3o colorida, onde um cativante padr\u00e3o de mosaico se destaca sobre um fundo preto profundo. Os tons verdes, azuis e amarelos entrela\u00e7am-se harmoniosamente, captando a ess\u00eancia da paisagem vulc\u00e2nica e da fauna da ilha, enquanto o t\u00edtulo &#8220;LANZAROTE&#8221;, impresso em letras multicoloridas na parte superior, adiciona um toque art\u00edstico e cultural ao design.<\/p>\n<p>A salamandra, um s\u00edmbolo da biodiversidade de Lanzarote, evoca o calor do clima can\u00e1rio e a rica heran\u00e7a natural da regi\u00e3o. Este detalhe n\u00e3o s\u00f3 confere valor est\u00e9tico ao \u00edman, como tamb\u00e9m real\u00e7a a liga\u00e7\u00e3o cultural entre o objeto e o seu lugar de origem, tornando-o numa recorda\u00e7\u00e3o representativa da ilha que os turistas apreciar\u00e3o.<\/p>\n<p>Na Ol\u00e9 Mosaic, especializamo-nos na distribui\u00e7\u00e3o de souvenirs de alta qualidade por grosso, e este \u00edman de salamandra representa uma excelente op\u00e7\u00e3o para as lojas de presentes tur\u00edsticos que procuram artigos aut\u00eanticos. Este \u00edman \u00e9 mais do que um simples objeto decorativo; \u00e9 um peda\u00e7o de Lanzarote que os visitantes podem levar para casa, recordando a sua viagem a esta bela ilha can\u00e1ria.<\/p>\n","protected":false},"excerpt":{"rendered":"<p>\u00cdman met\u00e1lico com design de salamandra, inspirado na natureza de Lanzarote. Este atraente \u00edman de 8 cm apresenta uma colorida representa\u00e7\u00e3o em mosaico, sobre um fundo preto que real\u00e7a o vibrante padr\u00e3o da salamandra. Detalhes em verde, azul e amarelo combinam-se para criar um efeito visual apelativo, e o nome &#8220;LANZAROTE&#8221; est\u00e1 impresso em letras multicoloridas na parte superior, adicionando um toque criativo e cultural a esta recorda\u00e7\u00e3o da ilha.<\/p>\n","protected":false},"featured_media":12881,"template":"","meta":{"_acf_changed":false},"product_brand":[],"product_cat":[699],"product_tag":[516],"class_list":{"0":"post-31897","1":"product","2":"type-product","3":"status-publish","4":"has-post-thumbnail","6":"product_cat-imanes","7":"product_tag-animais","8":"pa_ciudad-lanzarote","9":"pa_motivo-salamandras","10":"pa_pais-espana","12":"first","13":"instock","14":"shipping-taxable","15":"product-type-simple"},"acf":[],"_links":{"self":[{"href":"https:\/\/olemosaic.com\/pt-pt\/wp-json\/wp\/v2\/product\/31897","targetHints":{"allow":["GET"]}}],"collection":[{"href":"https:\/\/olemosaic.com\/pt-pt\/wp-json\/wp\/v2\/product"}],"about":[{"href":"https:\/\/olemosaic.com\/pt-pt\/wp-json\/wp\/v2\/types\/product"}],"wp:featuredmedia":[{"embeddable":true,"href":"https:\/\/olemosaic.com\/pt-pt\/wp-json\/wp\/v2\/media\/12881"}],"wp:attachment":[{"href":"https:\/\/olemosaic.com\/pt-pt\/wp-json\/wp\/v2\/media?parent=31897"}],"wp:term":[{"taxonomy":"product_brand","embeddable":true,"href":"https:\/\/olemosaic.com\/pt-pt\/wp-json\/wp\/v2\/product_brand?post=31897"},{"taxonomy":"product_cat","embeddable":true,"href":"https:\/\/olemosaic.com\/pt-pt\/wp-json\/wp\/v2\/product_cat?post=31897"},{"taxonomy":"product_tag","embeddable":true,"href":"https:\/\/olemosaic.com\/pt-pt\/wp-json\/wp\/v2\/product_tag?post=31897"}],"curies":[{"name":"wp","href":"https:\/\/api.w.org\/{rel}","templated":true}]}}