{"id":31896,"date":"2025-02-20T22:32:09","date_gmt":"2025-02-20T22:32:09","guid":{"rendered":"http:\/\/olemosaic.com\/producto\/iman-de-metal-mariposa-barcelona-plata-8-cm\/"},"modified":"2025-07-25T23:32:04","modified_gmt":"2025-07-25T21:32:04","slug":"iman-de-metal-borboleta-barcelona-prata-8-cm","status":"publish","type":"product","link":"https:\/\/olemosaic.com\/pt-pt\/produto\/iman-de-metal-borboleta-barcelona-prata-8-cm\/","title":{"rendered":"\u00cdman de metal. Borboleta. Barcelona. Prata. 8 cm."},"content":{"rendered":"<p>Este \u00edman met\u00e1lico com design de borboletas \u00e9 um souvenir atraente inspirado no esp\u00edrito vibrante de Barcelona. Com um tamanho de 8 cm, este \u00edman capta a ess\u00eancia da cidade atrav\u00e9s de um design art\u00edstico que apresenta borboletas decoradas com cores vivas e um elegante acabamento prateado. As chamativas borboletas est\u00e3o rodeadas de flores, tudo sobre um fundo de mosaico que evoca a rica tradi\u00e7\u00e3o cultural de Barcelona, famosa pela sua arquitetura modernista e pelo seu estilo de vida colorido. Este \u00edman n\u00e3o \u00e9 apenas um acess\u00f3rio decorativo ideal para adicionar um toque art\u00edstico e colorido a qualquer superf\u00edcie, mas tamb\u00e9m representa uma recorda\u00e7\u00e3o t\u00edpica e aut\u00eantica da energia \u00fanica da cidade.<\/p>\n<p>A liga\u00e7\u00e3o cultural deste produto com Barcelona \u00e9 evidente, uma vez que as borboletas simbolizam a transforma\u00e7\u00e3o e a liberdade, conceitos que ressoam com o esp\u00edrito inovador da cidade. Os souvenirs de Barcelona, como este \u00edman, s\u00e3o perfeitos para turistas que procuram levar um peda\u00e7o da cidade, uma recorda\u00e7\u00e3o da sua beleza e diversidade. Na Ol\u00e9 Mosaic, distribu\u00edmos \u00edmanes por grosso que destacam o artesanato e a autenticidade, tornando este \u00edman de borboletas uma excelente op\u00e7\u00e3o para lojas de presentes tur\u00edsticos que desejem oferecer produtos representativos e de qualidade.<\/p>\n","protected":false},"excerpt":{"rendered":"<p>\u00cdman de metal com design de borboletas inspirado no esp\u00edrito vibrante de Barcelona. Este atraente \u00edman de 8 cm apresenta borboletas decoradas com cores vivas e um acabamento prateado, sobre um fundo de mosaico com flores que evoca a riqueza cultural da cidade. Ideal para adicionar um toque art\u00edstico e colorido a qualquer superf\u00edcie, \u00e9 uma recorda\u00e7\u00e3o perfeita de um dos destinos mais emblem\u00e1ticos de Espanha.<\/p>\n","protected":false},"featured_media":11451,"template":"","meta":{"_acf_changed":false},"product_brand":[],"product_cat":[699],"product_tag":[516],"class_list":{"0":"post-31896","1":"product","2":"type-product","3":"status-publish","4":"has-post-thumbnail","6":"product_cat-imanes","7":"product_tag-animais","8":"pa_ciudad-barcelona","9":"pa_motivo-borboletas","10":"pa_pais-espana","12":"first","13":"instock","14":"shipping-taxable","15":"product-type-simple"},"acf":[],"_links":{"self":[{"href":"https:\/\/olemosaic.com\/pt-pt\/wp-json\/wp\/v2\/product\/31896","targetHints":{"allow":["GET"]}}],"collection":[{"href":"https:\/\/olemosaic.com\/pt-pt\/wp-json\/wp\/v2\/product"}],"about":[{"href":"https:\/\/olemosaic.com\/pt-pt\/wp-json\/wp\/v2\/types\/product"}],"wp:featuredmedia":[{"embeddable":true,"href":"https:\/\/olemosaic.com\/pt-pt\/wp-json\/wp\/v2\/media\/11451"}],"wp:attachment":[{"href":"https:\/\/olemosaic.com\/pt-pt\/wp-json\/wp\/v2\/media?parent=31896"}],"wp:term":[{"taxonomy":"product_brand","embeddable":true,"href":"https:\/\/olemosaic.com\/pt-pt\/wp-json\/wp\/v2\/product_brand?post=31896"},{"taxonomy":"product_cat","embeddable":true,"href":"https:\/\/olemosaic.com\/pt-pt\/wp-json\/wp\/v2\/product_cat?post=31896"},{"taxonomy":"product_tag","embeddable":true,"href":"https:\/\/olemosaic.com\/pt-pt\/wp-json\/wp\/v2\/product_tag?post=31896"}],"curies":[{"name":"wp","href":"https:\/\/api.w.org\/{rel}","templated":true}]}}