{"id":31895,"date":"2025-02-20T22:32:09","date_gmt":"2025-02-20T22:32:09","guid":{"rendered":"http:\/\/olemosaic.com\/producto\/iman-de-metal-la-giralda-sevilla-negro-8-cm\/"},"modified":"2025-07-25T18:43:50","modified_gmt":"2025-07-25T16:43:50","slug":"iman-de-metal-la-giralda-sevilha-preto-8-cm","status":"publish","type":"product","link":"https:\/\/olemosaic.com\/pt-pt\/produto\/iman-de-metal-la-giralda-sevilha-preto-8-cm\/","title":{"rendered":"\u00cdman de metal. La Giralda. Sevilha. Preto. 8 cm."},"content":{"rendered":"<p>Este \u00edman met\u00e1lico com a Giralda \u00e9 uma recorda\u00e7\u00e3o emblem\u00e1tica de Sevilha, ideal para quem procura um souvenir aut\u00eantico que capte a ess\u00eancia desta vibrante cidade andaluza. Com dimens\u00f5es de 8 cm, apresenta um design atraente inspirado nos tradicionais azulejos, destacando-se pelo uso de cores brilhantes como o amarelo, vermelho e verde, sobre um elegante fundo preto. A Giralda, a famosa torre da catedral de Sevilha, est\u00e1 representada com grande detalhe, conseguindo uma est\u00e9tica visual que evoca as majestosas vistas da cidade.<\/p>\n<p>A palavra &#8220;Sevilla&#8221; integra-se harmoniosamente no design, com cores apelativas que atraem o olhar, tornando este \u00edman numa pe\u00e7a decorativa perfeita para qualquer lugar, seja em casa, no escrit\u00f3rio ou como parte de uma cole\u00e7\u00e3o de recorda\u00e7\u00f5es. Este \u00edman n\u00e3o \u00e9 apenas funcional, mas tamb\u00e9m uma excelente homenagem \u00e0 heran\u00e7a cultural sevilhana e \u00e0 arte dos seus azulejos, elementos fundamentais que enriquecem a identidade local.<\/p>\n<p>Na Ol\u00e9 Mosaic, somos especialistas na distribui\u00e7\u00e3o de souvenirs por grosso, e este \u00edman da Giralda \u00e9 um magn\u00edfico exemplo do nosso compromisso com a qualidade e a autenticidade. \u00c9 uma op\u00e7\u00e3o excecional para lojas de presentes tur\u00edsticos que desejem oferecer produtos que n\u00e3o s\u00f3 representem Sevilha, mas que tamb\u00e9m reforcem a experi\u00eancia cultural dos seus visitantes.<\/p>\n","protected":false},"excerpt":{"rendered":"<p>\u00cdman met\u00e1lico com design da Giralda, o emblem\u00e1tico s\u00edmbolo de Sevilha. Este \u00edman mede 8 cm e apresenta um design vibrante inspirado nos azulejos, mostrando a famosa torre com detalhes em amarelo, vermelho e verde, sobre um fundo preto. A palavra &#8220;Sevilla&#8221; destaca-se em cores brilhantes, acrescentando um toque apelativo. Perfeito para recordar a beleza da cidade andaluza e adornar qualquer espa\u00e7o.<\/p>\n","protected":false},"featured_media":7110,"template":"","meta":{"_acf_changed":false},"product_brand":[],"product_cat":[699],"product_tag":[],"class_list":{"0":"post-31895","1":"product","2":"type-product","3":"status-publish","4":"has-post-thumbnail","6":"product_cat-imanes","7":"pa_ciudad-sevilla","8":"pa_motivo-a-giralda","9":"pa_pais-espana","11":"first","12":"instock","13":"shipping-taxable","14":"product-type-simple"},"acf":[],"_links":{"self":[{"href":"https:\/\/olemosaic.com\/pt-pt\/wp-json\/wp\/v2\/product\/31895","targetHints":{"allow":["GET"]}}],"collection":[{"href":"https:\/\/olemosaic.com\/pt-pt\/wp-json\/wp\/v2\/product"}],"about":[{"href":"https:\/\/olemosaic.com\/pt-pt\/wp-json\/wp\/v2\/types\/product"}],"wp:featuredmedia":[{"embeddable":true,"href":"https:\/\/olemosaic.com\/pt-pt\/wp-json\/wp\/v2\/media\/7110"}],"wp:attachment":[{"href":"https:\/\/olemosaic.com\/pt-pt\/wp-json\/wp\/v2\/media?parent=31895"}],"wp:term":[{"taxonomy":"product_brand","embeddable":true,"href":"https:\/\/olemosaic.com\/pt-pt\/wp-json\/wp\/v2\/product_brand?post=31895"},{"taxonomy":"product_cat","embeddable":true,"href":"https:\/\/olemosaic.com\/pt-pt\/wp-json\/wp\/v2\/product_cat?post=31895"},{"taxonomy":"product_tag","embeddable":true,"href":"https:\/\/olemosaic.com\/pt-pt\/wp-json\/wp\/v2\/product_tag?post=31895"}],"curies":[{"name":"wp","href":"https:\/\/api.w.org\/{rel}","templated":true}]}}