{"id":31894,"date":"2025-02-20T22:32:09","date_gmt":"2025-02-20T22:32:09","guid":{"rendered":"http:\/\/olemosaic.com\/producto\/iman-de-metal-sagrada-familia-barcelona-plata-8-cm\/"},"modified":"2025-07-25T20:22:26","modified_gmt":"2025-07-25T18:22:26","slug":"iman-de-metal-sagrada-familia-barcelona-prata-8-cm","status":"publish","type":"product","link":"https:\/\/olemosaic.com\/pt-pt\/produto\/iman-de-metal-sagrada-familia-barcelona-prata-8-cm\/","title":{"rendered":"\u00cdman de metal. Sagrada Fam\u00edlia. Barcelona. Prata. 8 cm."},"content":{"rendered":"<p>Este \u00edman met\u00e1lico, com o design da emblem\u00e1tica Sagrada Fam\u00edlia de Barcelona, \u00e9 a recorda\u00e7\u00e3o perfeita para quem deseja levar um pedacinho da arquitetura catal\u00e3. Com dimens\u00f5es de 8 cm, este atraente \u00edman destaca-se pela sua ilustra\u00e7\u00e3o vibrante e detalhada, que capta a magnific\u00eancia deste c\u00e9lebre monumento, desenhado pelo reconhecido arquiteto Antoni Gaud\u00ed. Os tons dourados e alaranjados predominam na sua representa\u00e7\u00e3o, evocando as qualidades da luz mediterr\u00e2nica que banha a Bas\u00edlica, e s\u00e3o complementados por uma moldura multicolorida que recorda o famoso trencad\u00eds, uma t\u00e9cnica de mosaico utilizada por Gaud\u00ed que simboliza a criatividade e a inova\u00e7\u00e3o do modernismo catal\u00e3o.<\/p>\n<p>Este souvenir n\u00e3o \u00e9 apenas um elemento decorativo, mas tamb\u00e9m uma celebra\u00e7\u00e3o da riqueza cultural e art\u00edstica de Barcelona, ideal para amantes da arte e da arquitetura que procuram uma recorda\u00e7\u00e3o aut\u00eantica. O \u00edman da Sagrada Fam\u00edlia \u00e9 uma excelente ideia de presente para turistas que queiram recordar a sua visita a esta ic\u00f3nica cidade. Na Ol\u00e9 Mosaic, somos distribuidores de souvenirs de qualidade por grosso, o que nos permite oferecer produtos aut\u00eanticos e representativos como este \u00edman, concebido para captar a ess\u00eancia de Barcelona e o seu patrim\u00f3nio arquitet\u00f3nico.<\/p>\n","protected":false},"excerpt":{"rendered":"<p>\u00cdman met\u00e1lico com o design da emblem\u00e1tica Sagrada Fam\u00edlia de Barcelona, de 8 cm. Este atraente \u00edman apresenta uma ilustra\u00e7\u00e3o colorida e detalhada do famoso monumento, destacando as suas caracter\u00edsticas arquitet\u00f3nicas \u00fanicas e ornamentais. Predominam os tons dourados e alaranjados, complementados por uma moldura multicolorida que evoca o famoso trencad\u00eds de Gaud\u00ed. Ideal para recordar a beleza de Barcelona e como presente para os amantes da arte e da arquitetura.<\/p>\n","protected":false},"featured_media":11381,"template":"","meta":{"_acf_changed":false},"product_brand":[],"product_cat":[699],"product_tag":[],"class_list":{"0":"post-31894","1":"product","2":"type-product","3":"status-publish","4":"has-post-thumbnail","6":"product_cat-imanes","7":"pa_ciudad-barcelona","8":"pa_motivo-sagrada-familia","9":"pa_pais-espana","11":"first","12":"instock","13":"shipping-taxable","14":"product-type-simple"},"acf":[],"_links":{"self":[{"href":"https:\/\/olemosaic.com\/pt-pt\/wp-json\/wp\/v2\/product\/31894","targetHints":{"allow":["GET"]}}],"collection":[{"href":"https:\/\/olemosaic.com\/pt-pt\/wp-json\/wp\/v2\/product"}],"about":[{"href":"https:\/\/olemosaic.com\/pt-pt\/wp-json\/wp\/v2\/types\/product"}],"wp:featuredmedia":[{"embeddable":true,"href":"https:\/\/olemosaic.com\/pt-pt\/wp-json\/wp\/v2\/media\/11381"}],"wp:attachment":[{"href":"https:\/\/olemosaic.com\/pt-pt\/wp-json\/wp\/v2\/media?parent=31894"}],"wp:term":[{"taxonomy":"product_brand","embeddable":true,"href":"https:\/\/olemosaic.com\/pt-pt\/wp-json\/wp\/v2\/product_brand?post=31894"},{"taxonomy":"product_cat","embeddable":true,"href":"https:\/\/olemosaic.com\/pt-pt\/wp-json\/wp\/v2\/product_cat?post=31894"},{"taxonomy":"product_tag","embeddable":true,"href":"https:\/\/olemosaic.com\/pt-pt\/wp-json\/wp\/v2\/product_tag?post=31894"}],"curies":[{"name":"wp","href":"https:\/\/api.w.org\/{rel}","templated":true}]}}