{"id":31875,"date":"2025-02-20T22:32:08","date_gmt":"2025-02-20T22:32:08","guid":{"rendered":"http:\/\/olemosaic.com\/producto\/iman-de-metal-buho-plata-8-cm\/"},"modified":"2025-07-25T20:12:53","modified_gmt":"2025-07-25T18:12:53","slug":"iman-de-metal-coruja-prata-8-cm","status":"publish","type":"product","link":"https:\/\/olemosaic.com\/pt-pt\/produto\/iman-de-metal-coruja-prata-8-cm\/","title":{"rendered":"\u00cdman de metal. Coruja. Prata. 8 cm."},"content":{"rendered":"<p>Este \u00edman met\u00e1lico com design de coruja colorida \u00e9 uma recorda\u00e7\u00e3o encantadora que capta a ess\u00eancia da arte do mosaico espanhol. Com dimens\u00f5es de 8 cm, destaca-se pelas suas cores vivas em tons de azul, amarelo, vermelho e verde, que d\u00e3o vida \u00e0 figura de uma coruja, s\u00edmbolo universal de sabedoria e conhecimento. A t\u00e9cnica utilizada emula o vitral, criando um fundo texturizado que recorda os vitrais tradicionais, conferindo profundidade e car\u00e1cter a esta pe\u00e7a.<\/p>\n<p>A coruja oferece uma representa\u00e7\u00e3o art\u00edstica que evoca a rica heran\u00e7a cultural da Pen\u00ednsula Ib\u00e9rica, ideal para quem procura uma recorda\u00e7\u00e3o aut\u00eantica e cheia de significado. O seu design vibrante torna-o um objeto decorativo para qualquer superf\u00edcie met\u00e1lica, e tamb\u00e9m um pedacinho da cultura espanhola que se pode levar para casa.<\/p>\n<p>Na Ol\u00e9 Mosaic, dedicamo-nos \u00e0 distribui\u00e7\u00e3o de souvenirs por grosso, e este \u00edman \u00e9 uma excelente op\u00e7\u00e3o para lojas de presentes tur\u00edsticos que procuram produtos \u00fanicos e de qualidade. Ao escolher este \u00edman de coruja como recorda\u00e7\u00e3o, os turistas n\u00e3o s\u00f3 adquirem um acess\u00f3rio funcional, como tamb\u00e9m uma pe\u00e7a que celebra a riqueza do patrim\u00f3nio espanhol, perfeita para recordar a sua visita a Espanha.<\/p>\n","protected":false},"excerpt":{"rendered":"<p>\u00cdman met\u00e1lico com o design de uma coruja colorida, inspirado na arte do mosaico. Este \u00edman de 8 cm destaca-se pelas suas cores vibrantes em tons de azul, amarelo, vermelho e verde, que d\u00e3o vida \u00e0 figura da coruja, s\u00edmbolo de sabedoria. A t\u00e9cnica emula o estilo dos vitrais, com um fundo texturizado que recorda os tradicionais. Ideal para decorar qualquer superf\u00edcie met\u00e1lica e adicionar um toque de cultura espanhola ao seu lar.<\/p>\n","protected":false},"featured_media":11436,"template":"","meta":{"_acf_changed":false},"product_brand":[],"product_cat":[699],"product_tag":[516],"class_list":{"0":"post-31875","1":"product","2":"type-product","3":"status-publish","4":"has-post-thumbnail","6":"product_cat-imanes","7":"product_tag-animais","8":"pa_motivo-corujas","10":"first","11":"instock","12":"shipping-taxable","13":"product-type-simple"},"acf":[],"_links":{"self":[{"href":"https:\/\/olemosaic.com\/pt-pt\/wp-json\/wp\/v2\/product\/31875","targetHints":{"allow":["GET"]}}],"collection":[{"href":"https:\/\/olemosaic.com\/pt-pt\/wp-json\/wp\/v2\/product"}],"about":[{"href":"https:\/\/olemosaic.com\/pt-pt\/wp-json\/wp\/v2\/types\/product"}],"wp:featuredmedia":[{"embeddable":true,"href":"https:\/\/olemosaic.com\/pt-pt\/wp-json\/wp\/v2\/media\/11436"}],"wp:attachment":[{"href":"https:\/\/olemosaic.com\/pt-pt\/wp-json\/wp\/v2\/media?parent=31875"}],"wp:term":[{"taxonomy":"product_brand","embeddable":true,"href":"https:\/\/olemosaic.com\/pt-pt\/wp-json\/wp\/v2\/product_brand?post=31875"},{"taxonomy":"product_cat","embeddable":true,"href":"https:\/\/olemosaic.com\/pt-pt\/wp-json\/wp\/v2\/product_cat?post=31875"},{"taxonomy":"product_tag","embeddable":true,"href":"https:\/\/olemosaic.com\/pt-pt\/wp-json\/wp\/v2\/product_tag?post=31875"}],"curies":[{"name":"wp","href":"https:\/\/api.w.org\/{rel}","templated":true}]}}