{"id":31874,"date":"2025-02-20T22:32:08","date_gmt":"2025-02-20T22:32:08","guid":{"rendered":"http:\/\/olemosaic.com\/producto\/iman-de-metal-toro-sevilla-plata-8-cm\/"},"modified":"2025-07-25T18:57:58","modified_gmt":"2025-07-25T16:57:58","slug":"iman-de-metal-touro-sevilha-prata-8-cm","status":"publish","type":"product","link":"https:\/\/olemosaic.com\/pt-pt\/produto\/iman-de-metal-touro-sevilha-prata-8-cm\/","title":{"rendered":"\u00cdman de metal. Touro. Sevilha. Prata. 8 cm."},"content":{"rendered":"<p>Este \u00edman met\u00e1lico, com o seu design colorido de um touro, \u00e9 uma recorda\u00e7\u00e3o emblem\u00e1tica que capta a ess\u00eancia vibrante de Sevilha e da cultura espanhola. Com os seus 8 cm de tamanho, este \u00edman n\u00e3o \u00e9 apenas funcional, mas tamb\u00e9m uma representa\u00e7\u00e3o art\u00edstica de um dos s\u00edmbolos mais ic\u00f3nicos do pa\u00eds. O touro, com o seu acabamento brilhante e tonalidades que variam do azul ao amarelo, imita um mosaico que evoca as tradi\u00e7\u00f5es art\u00edsticas e a paix\u00e3o da regi\u00e3o andaluza. O fundo branco do \u00edman real\u00e7a o motivo principal, enquanto a palavra &#8220;SEVILLA&#8221; confere um toque distintivo e reconhec\u00edvel.<\/p>\n<p>Este artigo n\u00e3o \u00e9 apenas ideal para decorar o seu frigor\u00edfico ou qualquer superf\u00edcie met\u00e1lica, mas tamb\u00e9m serve como uma recorda\u00e7\u00e3o tang\u00edvel da sua passagem por esta cidade hist\u00f3rica. O seu design colorido e moderno torna-o um excelente presente para turistas que procuram levar um peda\u00e7o da tradi\u00e7\u00e3o andaluza para casa. Na Ol\u00e9 Mosaic, somos distribuidores de souvenirs aut\u00eanticos e culturais, oferecendo este \u00edman de touro como uma op\u00e7\u00e3o perfeita para lojas de presentes tur\u00edsticos que desejem oferecer produtos representativos de Sevilha. Este \u00edman \u00e9 um testemunho da rica cultura espanhola e um excelente exemplo de como um simples objeto pode encapsular a beleza de uma regi\u00e3o.<\/p>\n","protected":false},"excerpt":{"rendered":"<p>\u00cdman de metal com um design colorido de um touro, s\u00edmbolo da cultura espanhola, que representa a ess\u00eancia de Sevilha. Com um tamanho de 8 cm, apresenta um acabamento brilhante e vibrante em tonalidades que v\u00e3o do azul ao amarelo, imitando um mosaico art\u00edstico. O fundo branco destaca o motivo principal e a palavra &#8220;SEVILLA&#8221;, conferindo um toque distintivo. Ideal para levar um peda\u00e7o da tradi\u00e7\u00e3o andaluza para o seu lar.<\/p>\n","protected":false},"featured_media":10013,"template":"","meta":{"_acf_changed":false},"product_brand":[],"product_cat":[699],"product_tag":[516],"class_list":{"0":"post-31874","1":"product","2":"type-product","3":"status-publish","4":"has-post-thumbnail","6":"product_cat-imanes","7":"product_tag-animais","8":"pa_ciudad-sevilla","9":"pa_motivo-touros","10":"pa_pais-espana","12":"first","13":"instock","14":"shipping-taxable","15":"product-type-simple"},"acf":[],"_links":{"self":[{"href":"https:\/\/olemosaic.com\/pt-pt\/wp-json\/wp\/v2\/product\/31874","targetHints":{"allow":["GET"]}}],"collection":[{"href":"https:\/\/olemosaic.com\/pt-pt\/wp-json\/wp\/v2\/product"}],"about":[{"href":"https:\/\/olemosaic.com\/pt-pt\/wp-json\/wp\/v2\/types\/product"}],"wp:featuredmedia":[{"embeddable":true,"href":"https:\/\/olemosaic.com\/pt-pt\/wp-json\/wp\/v2\/media\/10013"}],"wp:attachment":[{"href":"https:\/\/olemosaic.com\/pt-pt\/wp-json\/wp\/v2\/media?parent=31874"}],"wp:term":[{"taxonomy":"product_brand","embeddable":true,"href":"https:\/\/olemosaic.com\/pt-pt\/wp-json\/wp\/v2\/product_brand?post=31874"},{"taxonomy":"product_cat","embeddable":true,"href":"https:\/\/olemosaic.com\/pt-pt\/wp-json\/wp\/v2\/product_cat?post=31874"},{"taxonomy":"product_tag","embeddable":true,"href":"https:\/\/olemosaic.com\/pt-pt\/wp-json\/wp\/v2\/product_tag?post=31874"}],"curies":[{"name":"wp","href":"https:\/\/api.w.org\/{rel}","templated":true}]}}