{"id":31867,"date":"2025-02-20T22:32:08","date_gmt":"2025-02-20T22:32:08","guid":{"rendered":"http:\/\/olemosaic.com\/producto\/iman-de-metal-panoramica-barcelona-8-cm-2\/"},"modified":"2025-07-25T20:34:00","modified_gmt":"2025-07-25T18:34:00","slug":"iman-de-metal-panoramica-barcelona-8-cm-2-pt-pt","status":"publish","type":"product","link":"https:\/\/olemosaic.com\/pt-pt\/produto\/iman-de-metal-panoramica-barcelona-8-cm-2-pt-pt\/","title":{"rendered":"\u00cdman de metal. Panor\u00e2mica. Barcelona. 8 cm."},"content":{"rendered":"<p>Este \u00edman met\u00e1lico capta a ess\u00eancia vibrante de Barcelona num atraente design de 8 cm. Com uma espl\u00eandida panor\u00e2mica que inclui a ic\u00f3nica Sagrada Fam\u00edlia e o famoso mosaico do Parque G\u00fcell, este \u00edman torna-se uma recorda\u00e7\u00e3o visual indispens\u00e1vel para os visitantes desta emblem\u00e1tica cidade. A colorida representa\u00e7\u00e3o apresenta uma rica paleta de tons, onde o azul profundo, o vermelho ardente e o dourado brilhante real\u00e7am os detalhes arquitet\u00f3nicos e art\u00edsticos, oferecendo uma janela para a magia de Barcelona. Na parte superior, o texto &#8220;Barcelona&#8221; destaca-se com eleg\u00e2ncia, assegurando que este souvenir se distinga como um s\u00edmbolo reconhec\u00edvel desta metr\u00f3pole catal\u00e3. Este \u00edman n\u00e3o \u00e9 apenas um objeto decorativo, mas um fragmento da rica heran\u00e7a cultural de Barcelona que pode levar para casa. A sua autenticidade como recorda\u00e7\u00e3o t\u00edpica torna-o uma excelente op\u00e7\u00e3o para turistas que procuram levar um peda\u00e7o da cidade. Na Ol\u00e9 Mosaic, como distribuidores de souvenirs por grosso, garantimos a qualidade e o design de todos os nossos produtos, assegurando que cada \u00edman de Barcelona represente fielmente a beleza e singularidade desta incr\u00edvel cidade.<\/p>\n","protected":false},"excerpt":{"rendered":"<p>\u00cdman met\u00e1lico com uma vibrante panor\u00e2mica de Barcelona, de 8 cm. Este atraente \u00edman apresenta uma colorida representa\u00e7\u00e3o da Sagrada Fam\u00edlia e do famoso mosaico do Parque G\u00fcell, fundindo elementos culturais num design que evoca a ess\u00eancia da cidade. Os tons brilhantes de azul, vermelho e dourado real\u00e7am os detalhes arquitet\u00f3nicos, enquanto o texto &#8220;Barcelona&#8221; se destaca na parte superior, tornando este \u00edman numa recorda\u00e7\u00e3o perfeita para os amantes desta emblem\u00e1tica cidade.<\/p>\n","protected":false},"featured_media":11404,"template":"","meta":{"_acf_changed":false},"product_brand":[],"product_cat":[699],"product_tag":[],"class_list":{"0":"post-31867","1":"product","2":"type-product","3":"status-publish","4":"has-post-thumbnail","6":"product_cat-imanes","7":"pa_ciudad-barcelona","8":"pa_motivo-panoramas","9":"pa_pais-espana","11":"first","12":"instock","13":"shipping-taxable","14":"product-type-simple"},"acf":[],"_links":{"self":[{"href":"https:\/\/olemosaic.com\/pt-pt\/wp-json\/wp\/v2\/product\/31867","targetHints":{"allow":["GET"]}}],"collection":[{"href":"https:\/\/olemosaic.com\/pt-pt\/wp-json\/wp\/v2\/product"}],"about":[{"href":"https:\/\/olemosaic.com\/pt-pt\/wp-json\/wp\/v2\/types\/product"}],"wp:featuredmedia":[{"embeddable":true,"href":"https:\/\/olemosaic.com\/pt-pt\/wp-json\/wp\/v2\/media\/11404"}],"wp:attachment":[{"href":"https:\/\/olemosaic.com\/pt-pt\/wp-json\/wp\/v2\/media?parent=31867"}],"wp:term":[{"taxonomy":"product_brand","embeddable":true,"href":"https:\/\/olemosaic.com\/pt-pt\/wp-json\/wp\/v2\/product_brand?post=31867"},{"taxonomy":"product_cat","embeddable":true,"href":"https:\/\/olemosaic.com\/pt-pt\/wp-json\/wp\/v2\/product_cat?post=31867"},{"taxonomy":"product_tag","embeddable":true,"href":"https:\/\/olemosaic.com\/pt-pt\/wp-json\/wp\/v2\/product_tag?post=31867"}],"curies":[{"name":"wp","href":"https:\/\/api.w.org\/{rel}","templated":true}]}}