{"id":31866,"date":"2025-02-20T22:32:08","date_gmt":"2025-02-20T22:32:08","guid":{"rendered":"http:\/\/olemosaic.com\/producto\/iman-de-madera-cordoba\/"},"modified":"2025-07-25T20:12:42","modified_gmt":"2025-07-25T18:12:42","slug":"iman-de-madeira-cordova","status":"publish","type":"product","link":"https:\/\/olemosaic.com\/pt-pt\/produto\/iman-de-madeira-cordova\/","title":{"rendered":"\u00cdman de madeira. C\u00f3rdova."},"content":{"rendered":"<p>Este \u00edman de madeira, que representa a preciosa cidade de C\u00f3rdova, \u00e9 uma recorda\u00e7\u00e3o vibrante e aut\u00eantica, ideal para quem deseja levar um peda\u00e7o desta cidade andaluza cheia de hist\u00f3ria. O design detalhado mostra a impressionante Mesquita-Catedral, famosa pelas suas ic\u00f3nicas arcadas que evocam s\u00e9culos de hist\u00f3ria e cultura. A cena completa-se com palmeiras que adicionam um toque tropical e um sol radiante que brilha no horizonte, tudo isto disposto com uma paleta de cores que real\u00e7a a beleza do ambiente.<\/p>\n<p>A palavra &#8220;C\u00d3RDOVA&#8221; aparece numa tipografia chamativa, decorada com um acabamento em mosaico que recorda os azulejos tradicionais da regi\u00e3o. Este elemento n\u00e3o s\u00f3 torna o \u00edman visualmente atraente, como tamb\u00e9m real\u00e7a a riqueza cultural de C\u00f3rdova, um lugar onde se entrela\u00e7am diversas influ\u00eancias hist\u00f3ricas, desde a \u00e9poca romana at\u00e9 \u00e0 atualidade.<\/p>\n<p>Este \u00edman n\u00e3o \u00e9 apenas um objeto decorativo, mas uma aut\u00eantica recorda\u00e7\u00e3o da ess\u00eancia de C\u00f3rdova, perfeito para os turistas que procuram uma lembran\u00e7a significativa da sua visita. Na Ol\u00e9 Mosaic, orgulhamo-nos de oferecer produtos como este \u00edman de madeira, que n\u00e3o s\u00f3 captam a beleza dos seus locais de origem, mas tamb\u00e9m refletem a autenticidade e o valor cultural que procuram aqueles que desejam levar uma recorda\u00e7\u00e3o representativa de Espanha. Confiamos que este \u00edman de C\u00f3rdova ser\u00e1 uma excelente op\u00e7\u00e3o para lojas de presentes tur\u00edsticos que desejem oferecer souvenirs de qualidade aos seus clientes.<\/p>\n","protected":false},"excerpt":{"rendered":"<p>\u00cdman de madeira que representa a bela cidade de C\u00f3rdova. Este colorido \u00edman inclui um design detalhado que mostra a famosa Mesquita-Catedral com as suas ic\u00f3nicas arcadas e uma vibrante panor\u00e2mica do ambiente, complementada por palmeiras e um sol radiante. A palavra &#8220;C\u00d3RDOVA&#8221; destaca-se numa tipografia chamativa com um acabamento em mosaico, evocando a rica cultura e o patrim\u00f3nio art\u00edstico desta hist\u00f3rica cidade andaluza.<\/p>\n","protected":false},"featured_media":9554,"template":"","meta":{"_acf_changed":false},"product_brand":[],"product_cat":[699],"product_tag":[],"class_list":{"0":"post-31866","1":"product","2":"type-product","3":"status-publish","4":"has-post-thumbnail","6":"product_cat-imanes","7":"pa_ciudad-cordoba","8":"pa_pais-espana","10":"first","11":"instock","12":"shipping-taxable","13":"product-type-simple"},"acf":[],"_links":{"self":[{"href":"https:\/\/olemosaic.com\/pt-pt\/wp-json\/wp\/v2\/product\/31866","targetHints":{"allow":["GET"]}}],"collection":[{"href":"https:\/\/olemosaic.com\/pt-pt\/wp-json\/wp\/v2\/product"}],"about":[{"href":"https:\/\/olemosaic.com\/pt-pt\/wp-json\/wp\/v2\/types\/product"}],"wp:featuredmedia":[{"embeddable":true,"href":"https:\/\/olemosaic.com\/pt-pt\/wp-json\/wp\/v2\/media\/9554"}],"wp:attachment":[{"href":"https:\/\/olemosaic.com\/pt-pt\/wp-json\/wp\/v2\/media?parent=31866"}],"wp:term":[{"taxonomy":"product_brand","embeddable":true,"href":"https:\/\/olemosaic.com\/pt-pt\/wp-json\/wp\/v2\/product_brand?post=31866"},{"taxonomy":"product_cat","embeddable":true,"href":"https:\/\/olemosaic.com\/pt-pt\/wp-json\/wp\/v2\/product_cat?post=31866"},{"taxonomy":"product_tag","embeddable":true,"href":"https:\/\/olemosaic.com\/pt-pt\/wp-json\/wp\/v2\/product_tag?post=31866"}],"curies":[{"name":"wp","href":"https:\/\/api.w.org\/{rel}","templated":true}]}}