{"id":31865,"date":"2025-02-20T23:32:07","date_gmt":"2025-02-20T22:32:07","guid":{"rendered":"http:\/\/olemosaic.com\/producto\/iman-de-madera-panoramica-barcelona-2\/"},"modified":"2025-07-25T18:52:37","modified_gmt":"2025-07-25T16:52:37","slug":"iman-de-madeira-panoramica-barcelona-2","status":"publish","type":"product","link":"https:\/\/olemosaic.com\/pt-pt\/produto\/iman-de-madeira-panoramica-barcelona-2\/","title":{"rendered":"\u00cdman de madeira. Panor\u00e2mica. Casa Batll\u00f3. Barcelona."},"content":{"rendered":"<p>Este \u00edman de madeira apresenta uma vibrante panor\u00e2mica de Barcelona, captando a ess\u00eancia \u00fanica da capital catal\u00e3 atrav\u00e9s dos seus \u00edcones mais emblem\u00e1ticos, como a majestosa Sagrada Fam\u00edlia e a colorida Casa Batll\u00f3. Pintado \u00e0 m\u00e3o com uma paleta de cores vivas, o design inclui um sol radiante que brilha sobre um horizonte aqu\u00e1tico, real\u00e7ando as tonalidades intensas e alegres que caracterizam a cidade. A palavra &#8220;Barcelona&#8221;, em letras multicoloridas, destaca-se na parte inferior, simbolizando o esp\u00edrito art\u00edstico e moderno que envolve a metr\u00f3pole.<\/p>\n<p>Este \u00edman n\u00e3o \u00e9 apenas uma pe\u00e7a decorativa, mas uma aut\u00eantica recorda\u00e7\u00e3o da rica cultura e da arquitetura inovadora de Barcelona. Como s\u00edmbolo da criatividade de artistas como Antoni Gaud\u00ed, este souvenir de madeira \u00e9 perfeito para aqueles que desejam levar um pedacinho da cidade para casa. \u00c9 um presente ideal e um souvenir atraente para turistas que procuram produtos aut\u00eanticos e representativos.<\/p>\n<p>Na Ol\u00e9 Mosaic, somos especialistas na distribui\u00e7\u00e3o de souvenirs por grosso, e este \u00edman de Barcelona \u00e9 uma excelente op\u00e7\u00e3o para lojas de presentes tur\u00edsticos que procuram oferecer produtos de grande qualidade e singularidade. Com a sua combina\u00e7\u00e3o de arte e cultura, este \u00edman de panor\u00e2mica de Barcelona torna-se uma recorda\u00e7\u00e3o inesquec\u00edvel.<\/p>\n","protected":false},"excerpt":{"rendered":"<p>\u00cdman de madeira com uma vibrante panor\u00e2mica de Barcelona, que inclui \u00edcones emblem\u00e1ticos como a Sagrada Fam\u00edlia e a Casa Batll\u00f3. Este \u00edman, de design artesanal e pintado \u00e0 m\u00e3o, reflete o ambiente colorido da cidade, com um sol brilhante e um fundo aqu\u00e1tico que real\u00e7a as vivas tonalidades do design. A palavra &#8220;Barcelona&#8221; aparece em letras multicoloridas, captando a ess\u00eancia art\u00edstica e moderna da capital catal\u00e3. Ideal para recordar a sua visita a esta magn\u00edfica cidade.<\/p>\n","protected":false},"featured_media":9060,"template":"","meta":{"_acf_changed":false},"product_brand":[],"product_cat":[699],"product_tag":[],"class_list":{"0":"post-31865","1":"product","2":"type-product","3":"status-publish","4":"has-post-thumbnail","6":"product_cat-imanes","7":"pa_ciudad-barcelona","8":"pa_motivo-panoramas","9":"pa_pais-espana","11":"first","12":"instock","13":"shipping-taxable","14":"product-type-simple"},"acf":[],"_links":{"self":[{"href":"https:\/\/olemosaic.com\/pt-pt\/wp-json\/wp\/v2\/product\/31865","targetHints":{"allow":["GET"]}}],"collection":[{"href":"https:\/\/olemosaic.com\/pt-pt\/wp-json\/wp\/v2\/product"}],"about":[{"href":"https:\/\/olemosaic.com\/pt-pt\/wp-json\/wp\/v2\/types\/product"}],"wp:featuredmedia":[{"embeddable":true,"href":"https:\/\/olemosaic.com\/pt-pt\/wp-json\/wp\/v2\/media\/9060"}],"wp:attachment":[{"href":"https:\/\/olemosaic.com\/pt-pt\/wp-json\/wp\/v2\/media?parent=31865"}],"wp:term":[{"taxonomy":"product_brand","embeddable":true,"href":"https:\/\/olemosaic.com\/pt-pt\/wp-json\/wp\/v2\/product_brand?post=31865"},{"taxonomy":"product_cat","embeddable":true,"href":"https:\/\/olemosaic.com\/pt-pt\/wp-json\/wp\/v2\/product_cat?post=31865"},{"taxonomy":"product_tag","embeddable":true,"href":"https:\/\/olemosaic.com\/pt-pt\/wp-json\/wp\/v2\/product_tag?post=31865"}],"curies":[{"name":"wp","href":"https:\/\/api.w.org\/{rel}","templated":true}]}}