{"id":31826,"date":"2025-02-20T23:32:07","date_gmt":"2025-02-20T22:32:07","guid":{"rendered":"http:\/\/olemosaic.com\/producto\/iman-de-madera-salamandra-y-flores-lanzarote\/"},"modified":"2025-07-25T18:41:55","modified_gmt":"2025-07-25T16:41:55","slug":"iman-de-madeira-salamandra-e-flores-lanzarote","status":"publish","type":"product","link":"https:\/\/olemosaic.com\/pt-pt\/produto\/iman-de-madeira-salamandra-e-flores-lanzarote\/","title":{"rendered":"\u00cdman de madeira. Salamandra e flores. Lanzarote."},"content":{"rendered":"<p>Este \u00edman de madeira, inspirado na vibrante fauna e flora de Lanzarote, \u00e9 uma recorda\u00e7\u00e3o imprescind\u00edvel para quem deseja levar um pedacinho das Ilhas Can\u00e1rias. Decorado com duas salamandras em cores vivas, vermelhas e azuis, este \u00edman real\u00e7a a diversidade e o colorido da natureza local. As salamandras est\u00e3o rodeadas por uma moldura exuberante de flores em tons brilhantes, como rosa, amarelo e verde, que acrescentam um toque tropical \u00e0 pe\u00e7a. O design, pintado \u00e0 m\u00e3o com aten\u00e7\u00e3o ao detalhe, inclui a palavra &#8220;Lanzarote&#8221; em letras coloridas, captando na perfei\u00e7\u00e3o a ess\u00eancia alegre e relaxada do destino.<\/p>\n<p>Este \u00edman n\u00e3o \u00e9 apenas decorativo, mas tamb\u00e9m reflete a rica biodiversidade de Lanzarote, uma ilha conhecida pelo seu ambiente natural \u00fanico e pelas suas paisagens vulc\u00e2nicas. \u00c9 uma recorda\u00e7\u00e3o aut\u00eantica, ideal para quem procura uma lembran\u00e7a da sua passagem pelas Can\u00e1rias, representando a vida selvagem e a cultura insular. Na Ol\u00e9 Mosaic, somos distribuidores de recorda\u00e7\u00f5es por grosso, e este \u00edman de salamandras \u00e9 uma op\u00e7\u00e3o perfeita para lojas de presentes tur\u00edsticos que querem oferecer produtos singulares e representativos da ilha. Com a sua autenticidade e encanto, este \u00edman torna-se um presente ideal para turistas que desejam recordar as suas f\u00e9rias em Lanzarote.<\/p>\n","protected":false},"excerpt":{"rendered":"<p>\u00cdman de madeira inspirado na vibrante fauna e flora de Lanzarote, decorado com duas salamandras de cores vivas rodeadas de flores. Este \u00edman apresenta um design artesanal, pintado \u00e0 m\u00e3o, que se destaca pela sua riqueza crom\u00e1tica, com detalhes em azul, rosa, amarelo e verde, criando um ambiente alegre e tropical. No centro, a palavra &#8220;Lanzarote&#8221; em letras coloridas capta a ess\u00eancia do destino. Uma recorda\u00e7\u00e3o perfeita para levar um peda\u00e7o das Ilhas Can\u00e1rias para casa.<\/p>\n","protected":false},"featured_media":10018,"template":"","meta":{"_acf_changed":false},"product_brand":[],"product_cat":[699],"product_tag":[516],"class_list":{"0":"post-31826","1":"product","2":"type-product","3":"status-publish","4":"has-post-thumbnail","6":"product_cat-imanes","7":"product_tag-animais","8":"pa_ciudad-lanzarote","9":"pa_motivo-salamandras","10":"pa_pais-espana","12":"first","13":"instock","14":"shipping-taxable","15":"product-type-simple"},"acf":[],"_links":{"self":[{"href":"https:\/\/olemosaic.com\/pt-pt\/wp-json\/wp\/v2\/product\/31826","targetHints":{"allow":["GET"]}}],"collection":[{"href":"https:\/\/olemosaic.com\/pt-pt\/wp-json\/wp\/v2\/product"}],"about":[{"href":"https:\/\/olemosaic.com\/pt-pt\/wp-json\/wp\/v2\/types\/product"}],"wp:featuredmedia":[{"embeddable":true,"href":"https:\/\/olemosaic.com\/pt-pt\/wp-json\/wp\/v2\/media\/10018"}],"wp:attachment":[{"href":"https:\/\/olemosaic.com\/pt-pt\/wp-json\/wp\/v2\/media?parent=31826"}],"wp:term":[{"taxonomy":"product_brand","embeddable":true,"href":"https:\/\/olemosaic.com\/pt-pt\/wp-json\/wp\/v2\/product_brand?post=31826"},{"taxonomy":"product_cat","embeddable":true,"href":"https:\/\/olemosaic.com\/pt-pt\/wp-json\/wp\/v2\/product_cat?post=31826"},{"taxonomy":"product_tag","embeddable":true,"href":"https:\/\/olemosaic.com\/pt-pt\/wp-json\/wp\/v2\/product_tag?post=31826"}],"curies":[{"name":"wp","href":"https:\/\/api.w.org\/{rel}","templated":true}]}}