{"id":31824,"date":"2025-02-20T22:32:06","date_gmt":"2025-02-20T22:32:06","guid":{"rendered":"http:\/\/olemosaic.com\/producto\/iman-de-madera-salamandra\/"},"modified":"2025-07-25T20:39:48","modified_gmt":"2025-07-25T18:39:48","slug":"iman-de-madeira-salamandra","status":"publish","type":"product","link":"https:\/\/olemosaic.com\/pt-pt\/produto\/iman-de-madeira-salamandra\/","title":{"rendered":"\u00cdman de madeira. Salamandra."},"content":{"rendered":"<p>Este \u00edman de madeira com forma de salamandra \u00e9 uma representa\u00e7\u00e3o vibrante da fauna mediterr\u00e2nica, ideal para quem procura recorda\u00e7\u00f5es aut\u00eanticas que encapsulem a ess\u00eancia de Espanha. Elaborado com madeira de alta qualidade, este \u00edman destaca-se pelo seu design colorido e art\u00edstico, onde uma mistura harmoniosa de azuis, verdes, laranjas e pretos se combinam para criar um efeito de mosaico cativante. Cada detalhe \u00e9 meticulosamente sombreado, o que acrescenta profundidade e textura \u00e0 figura da salamandra, evocando a diversidade da natureza mediterr\u00e2nica.<\/p>\n<p>Este \u00edman n\u00e3o s\u00f3 \u00e9 perfeito para adornar qualquer superf\u00edcie met\u00e1lica, como tamb\u00e9m \u00e9 uma recorda\u00e7\u00e3o cultural que honra as coloridas tradi\u00e7\u00f5es art\u00edsticas do pa\u00eds. A salamandra, s\u00edmbolo de adapta\u00e7\u00e3o e resist\u00eancia no seu habitat natural, reflete a rica biodiversidade da regi\u00e3o e associa-se a lendas locais que a enaltecem no folclore mediterr\u00e2nico.<\/p>\n<p>Na Ol\u00e9 Mosaic, especializamo-nos na distribui\u00e7\u00e3o de recorda\u00e7\u00f5es por grosso, e este \u00edman de salamandra \u00e9 uma excelente escolha para lojas de presentes tur\u00edsticos que procuram oferecer produtos aut\u00eanticos e representativos. Com o seu design atraente e liga\u00e7\u00e3o cultural, este \u00edman de madeira torna-se uma recorda\u00e7\u00e3o ideal que encantar\u00e1 os turistas que procuram levar consigo um peda\u00e7o da aut\u00eantica Espanha.<\/p>\n","protected":false},"excerpt":{"rendered":"<p>\u00cdman de madeira com forma de salamandra, inspirado na fauna mediterr\u00e2nica. Este colorido \u00edman apresenta um design vibrante, com uma mistura de azuis, verdes, laranjas e pretos que cria um efeito de mosaico, destacando-se pelo seu sombreado detalhado. Perfeito para adornar qualquer superf\u00edcie met\u00e1lica, esta recorda\u00e7\u00e3o \u00e9 um tributo \u00e0 diversidade da natureza e uma lembran\u00e7a das coloridas tradi\u00e7\u00f5es art\u00edsticas de Espanha.<\/p>\n","protected":false},"featured_media":9541,"template":"","meta":{"_acf_changed":false},"product_brand":[],"product_cat":[699],"product_tag":[516],"class_list":{"0":"post-31824","1":"product","2":"type-product","3":"status-publish","4":"has-post-thumbnail","6":"product_cat-imanes","7":"product_tag-animais","8":"pa_motivo-salamandras","10":"first","11":"instock","12":"shipping-taxable","13":"product-type-simple"},"acf":[],"_links":{"self":[{"href":"https:\/\/olemosaic.com\/pt-pt\/wp-json\/wp\/v2\/product\/31824","targetHints":{"allow":["GET"]}}],"collection":[{"href":"https:\/\/olemosaic.com\/pt-pt\/wp-json\/wp\/v2\/product"}],"about":[{"href":"https:\/\/olemosaic.com\/pt-pt\/wp-json\/wp\/v2\/types\/product"}],"wp:featuredmedia":[{"embeddable":true,"href":"https:\/\/olemosaic.com\/pt-pt\/wp-json\/wp\/v2\/media\/9541"}],"wp:attachment":[{"href":"https:\/\/olemosaic.com\/pt-pt\/wp-json\/wp\/v2\/media?parent=31824"}],"wp:term":[{"taxonomy":"product_brand","embeddable":true,"href":"https:\/\/olemosaic.com\/pt-pt\/wp-json\/wp\/v2\/product_brand?post=31824"},{"taxonomy":"product_cat","embeddable":true,"href":"https:\/\/olemosaic.com\/pt-pt\/wp-json\/wp\/v2\/product_cat?post=31824"},{"taxonomy":"product_tag","embeddable":true,"href":"https:\/\/olemosaic.com\/pt-pt\/wp-json\/wp\/v2\/product_tag?post=31824"}],"curies":[{"name":"wp","href":"https:\/\/api.w.org\/{rel}","templated":true}]}}