{"id":31808,"date":"2025-02-20T22:32:06","date_gmt":"2025-02-20T22:32:06","guid":{"rendered":"http:\/\/olemosaic.com\/producto\/iman-de-madera-salamandra-mosaico\/"},"modified":"2025-07-25T20:32:49","modified_gmt":"2025-07-25T18:32:49","slug":"iman-de-madeira-salamandra-mosaico","status":"publish","type":"product","link":"https:\/\/olemosaic.com\/pt-pt\/produto\/iman-de-madeira-salamandra-mosaico\/","title":{"rendered":"\u00cdman de madeira. Salamandra. Mosaico."},"content":{"rendered":"<p>Este \u00edman de madeira com forma de salamandra \u00e9 uma cativante representa\u00e7\u00e3o da rica tradi\u00e7\u00e3o art\u00edstica espanhola, que evoca especialmente a beleza dos mosaicos andaluzes. Com um design intrincado que combina vibrantes tons azuis, vermelhos e amarelos, este \u00edman n\u00e3o \u00e9 apenas um objeto decorativo, mas uma aut\u00eantica pe\u00e7a de arte popular. A salamandra, s\u00edmbolo de transforma\u00e7\u00e3o e resili\u00eancia, ganha vida atrav\u00e9s de um mosaico cuidadosamente elaborado, que reflete a heran\u00e7a cultural da cer\u00e2mica espanhola.<\/p>\n<p>Cada detalhe do design real\u00e7a a mestria artesanal, onde as cores vibrantes se entrela\u00e7am em padr\u00f5es geom\u00e9tricos que recordam os tradicionais azulejos andaluzes, famosos pela sua beleza e legado hist\u00f3rico. Este \u00edman n\u00e3o s\u00f3 acrescenta um toque de cor a qualquer frigor\u00edfico ou superf\u00edcie met\u00e1lica, como tamb\u00e9m funciona como uma recorda\u00e7\u00e3o constante das tradi\u00e7\u00f5es e da vibrante cultura que caracterizam a Espanha.<\/p>\n<p>Na Ol\u00e9 Mosaic, especializamo-nos na distribui\u00e7\u00e3o de lembran\u00e7as de qualidade por grosso, e este \u00edman de salamandra \u00e9 uma op\u00e7\u00e3o ideal para lojas de presentes tur\u00edsticos que procuram oferecer recorda\u00e7\u00f5es aut\u00eanticas. Perfeito para turistas que desejam levar um peda\u00e7o da cultura espanhola para casa, este \u00edman n\u00e3o \u00e9 apenas decorativo, mas tamb\u00e9m um s\u00edmbolo representativo das nossas ricas tradi\u00e7\u00f5es art\u00edsticas. Como grossistas de lembran\u00e7as, garantimos que cada pe\u00e7a reflita a autenticidade e a beleza de Espanha.<\/p>\n","protected":false},"excerpt":{"rendered":"<p>\u00cdman de madeira com forma de salamandra decorado em vibrantes tons azuis, vermelhos e amarelos, que evoca um mosaico t\u00edpico. Este encantador \u00edman, elaborado com t\u00e9cnicas artesanais, reflete a rica heran\u00e7a cultural da cer\u00e2mica espanhola. O seu intrincado design evoca a beleza dos mosaicos andaluzes, tornando-o uma atraente lembran\u00e7a que trar\u00e1 um toque de cor e tradi\u00e7\u00e3o a qualquer espa\u00e7o. Ideal para amantes da decora\u00e7\u00e3o e da cultura.<\/p>\n","protected":false},"featured_media":9544,"template":"","meta":{"_acf_changed":false},"product_brand":[],"product_cat":[699],"product_tag":[516],"class_list":{"0":"post-31808","1":"product","2":"type-product","3":"status-publish","4":"has-post-thumbnail","6":"product_cat-imanes","7":"product_tag-animais","8":"pa_motivo-salamandras","10":"first","11":"instock","12":"shipping-taxable","13":"product-type-simple"},"acf":[],"_links":{"self":[{"href":"https:\/\/olemosaic.com\/pt-pt\/wp-json\/wp\/v2\/product\/31808","targetHints":{"allow":["GET"]}}],"collection":[{"href":"https:\/\/olemosaic.com\/pt-pt\/wp-json\/wp\/v2\/product"}],"about":[{"href":"https:\/\/olemosaic.com\/pt-pt\/wp-json\/wp\/v2\/types\/product"}],"wp:featuredmedia":[{"embeddable":true,"href":"https:\/\/olemosaic.com\/pt-pt\/wp-json\/wp\/v2\/media\/9544"}],"wp:attachment":[{"href":"https:\/\/olemosaic.com\/pt-pt\/wp-json\/wp\/v2\/media?parent=31808"}],"wp:term":[{"taxonomy":"product_brand","embeddable":true,"href":"https:\/\/olemosaic.com\/pt-pt\/wp-json\/wp\/v2\/product_brand?post=31808"},{"taxonomy":"product_cat","embeddable":true,"href":"https:\/\/olemosaic.com\/pt-pt\/wp-json\/wp\/v2\/product_cat?post=31808"},{"taxonomy":"product_tag","embeddable":true,"href":"https:\/\/olemosaic.com\/pt-pt\/wp-json\/wp\/v2\/product_tag?post=31808"}],"curies":[{"name":"wp","href":"https:\/\/api.w.org\/{rel}","templated":true}]}}