{"id":31804,"date":"2025-02-20T23:32:05","date_gmt":"2025-02-20T22:32:05","guid":{"rendered":"http:\/\/olemosaic.com\/producto\/iman-de-madera-guitarra-madrid-2\/"},"modified":"2025-07-25T18:46:38","modified_gmt":"2025-07-25T16:46:38","slug":"iman-de-madeira-guitarra-madrid-2","status":"publish","type":"product","link":"https:\/\/olemosaic.com\/pt-pt\/produto\/iman-de-madeira-guitarra-madrid-2\/","title":{"rendered":"\u00cdman de madeira. Guitarra. Paco de Lucia. Madrid."},"content":{"rendered":"<p>Este \u00edman de madeira com forma de guitarra \u00e9 uma recorda\u00e7\u00e3o vibrante que capta a ess\u00eancia do folclore madrileno. Desenhado com um estilo moderno e colorido, apresenta uma combina\u00e7\u00e3o radiante de tons azuis, verdes e vermelhos que atrai a aten\u00e7\u00e3o instantaneamente. Na parte superior do \u00edman, a palavra &#8220;Madrid&#8221; est\u00e1 elegantemente impressa, acrescentando um toque distintivo que recorda a cidade. A ilustra\u00e7\u00e3o inclui personagens tradicionais que evocam a rica cultura e as tradi\u00e7\u00f5es espanholas, o que torna este produto uma excelente recorda\u00e7\u00e3o de uma visita inesquec\u00edvel.<\/p>\n<p>A guitarra, s\u00edmbolo universal da m\u00fasica, torna-se uma representa\u00e7\u00e3o visual impactante do amor pela arte em Madrid. Cada detalhe ilustrado reflete as cores e padr\u00f5es da vida quotidiana na cidade, criando uma liga\u00e7\u00e3o cultural que \u00e9 simultaneamente nost\u00e1lgica e festiva. Este \u00edman n\u00e3o \u00e9 apenas um objeto decorativo, mas uma pe\u00e7a que celebra a heran\u00e7a art\u00edstica de Espanha, perfeita para quem valoriza tanto a est\u00e9tica como o significado por tr\u00e1s das suas recorda\u00e7\u00f5es.<\/p>\n<p>Na Ol\u00e9 Mosaic, especializamo-nos na distribui\u00e7\u00e3o de lembran\u00e7as por grosso, e este \u00edman de guitarra \u00e9 ideal para lojas de presentes tur\u00edsticos que procuram produtos aut\u00eanticos e relevantes. Com o seu design atraente e a sua liga\u00e7\u00e3o cultural, \u00e9 uma excelente op\u00e7\u00e3o para quem procura recorda\u00e7\u00f5es de Madrid que realmente captem a ess\u00eancia da cidade.<\/p>\n","protected":false},"excerpt":{"rendered":"<p>\u00cdman de madeira com forma de guitarra, decorado com alegres ilustra\u00e7\u00f5es que representam o folclore madrileno. Este colorido \u00edman apresenta uma vibrante combina\u00e7\u00e3o de tons azuis, verdes e vermelhos, com personagens tradicionais que evocam a cultura espanhola. A palavra &#8220;Madrid&#8221; est\u00e1 elegantemente impressa na parte superior do design, capturando a ess\u00eancia da cidade. Ideal para recordar a sua visita ou para os amantes da m\u00fasica e da arte.<\/p>\n","protected":false},"featured_media":9548,"template":"","meta":{"_acf_changed":false},"product_brand":[],"product_cat":[699],"product_tag":[],"class_list":{"0":"post-31804","1":"product","2":"type-product","3":"status-publish","4":"has-post-thumbnail","6":"product_cat-imanes","7":"pa_ciudad-madrid","8":"pa_motivo-guitarras","9":"pa_pais-espana","11":"first","12":"instock","13":"shipping-taxable","14":"product-type-simple"},"acf":[],"_links":{"self":[{"href":"https:\/\/olemosaic.com\/pt-pt\/wp-json\/wp\/v2\/product\/31804","targetHints":{"allow":["GET"]}}],"collection":[{"href":"https:\/\/olemosaic.com\/pt-pt\/wp-json\/wp\/v2\/product"}],"about":[{"href":"https:\/\/olemosaic.com\/pt-pt\/wp-json\/wp\/v2\/types\/product"}],"wp:featuredmedia":[{"embeddable":true,"href":"https:\/\/olemosaic.com\/pt-pt\/wp-json\/wp\/v2\/media\/9548"}],"wp:attachment":[{"href":"https:\/\/olemosaic.com\/pt-pt\/wp-json\/wp\/v2\/media?parent=31804"}],"wp:term":[{"taxonomy":"product_brand","embeddable":true,"href":"https:\/\/olemosaic.com\/pt-pt\/wp-json\/wp\/v2\/product_brand?post=31804"},{"taxonomy":"product_cat","embeddable":true,"href":"https:\/\/olemosaic.com\/pt-pt\/wp-json\/wp\/v2\/product_cat?post=31804"},{"taxonomy":"product_tag","embeddable":true,"href":"https:\/\/olemosaic.com\/pt-pt\/wp-json\/wp\/v2\/product_tag?post=31804"}],"curies":[{"name":"wp","href":"https:\/\/api.w.org\/{rel}","templated":true}]}}