{"id":31778,"date":"2025-02-20T22:32:05","date_gmt":"2025-02-20T22:32:05","guid":{"rendered":"http:\/\/olemosaic.com\/producto\/iman-de-madera-guitarra-madrid\/"},"modified":"2025-07-25T19:02:13","modified_gmt":"2025-07-25T17:02:13","slug":"iman-de-madeira-guitarra-madrid","status":"publish","type":"product","link":"https:\/\/olemosaic.com\/pt-pt\/produto\/iman-de-madeira-guitarra-madrid\/","title":{"rendered":"\u00cdman de madeira. Guitarra. Madrid."},"content":{"rendered":"<p>Este \u00edman de madeira com forma de guitarra \u00e9 uma recorda\u00e7\u00e3o aut\u00eantica que capta a vibrante ess\u00eancia de Madrid. Com um design colorido e detalhado, este souvenir destaca-se pela sua ilustra\u00e7\u00e3o, que representa fielmente um monumento emblem\u00e1tico da capital espanhola e uma figura vestida com traje tradicional, evocando a rica tradi\u00e7\u00e3o cultural da cidade. A guitarra, elaborada em madeira de alta qualidade, apresenta um acabamento liso que real\u00e7a o seu apelo visual. O colorido mosaico decorativo caracteriza-se por uma paleta de tonalidades vivas, fundindo vermelhos, amarelos e azuis numa composi\u00e7\u00e3o harm\u00f3nica que atrai o olhar.<\/p>\n<p>Na parte superior, a inscri\u00e7\u00e3o \u00abMADRID\u00bb \u00e9 incorporada de forma estilizada, refor\u00e7ando a identidade da cidade e a sua liga\u00e7\u00e3o com a cultura musical. Este \u00edman n\u00e3o \u00e9 apenas funcional, mas tamb\u00e9m um elemento decorativo encantador que pode ser exibido num frigor\u00edfico ou em qualquer superf\u00edcie magn\u00e9tica, recordando constantemente as memor\u00e1veis viv\u00eancias na capital. Como produto representativo da tradi\u00e7\u00e3o espanhola, este \u00edman de guitarra torna-se um souvenir imprescind\u00edvel para os turistas que desejam levar um peda\u00e7o de Madrid para casa. Na Ol\u00e9 Mosaic, como grossista de souvenirs, oferecemos esta pe\u00e7a \u00fanica que celebra a riqueza cultural e art\u00edstica de Madrid, ideal para lojas de presentes tur\u00edsticos que procuram produtos aut\u00eanticos e de qualidade.<\/p>\n","protected":false},"excerpt":{"rendered":"<p>\u00cdman de madeira com forma de guitarra, que representa a ess\u00eancia de Madrid. Este original souvenir \u00e9 decorado com um vibrante mosaico que inclui a ilustra\u00e7\u00e3o de um monumento emblem\u00e1tico e uma figura vestida com trajes tradicionais. O design apresenta cores vivas e detalhes distintivos na parte superior, com a inscri\u00e7\u00e3o \u00abMADRID\u00bb, capturando a identidade cultural da cidade de forma \u00fanica. Perfeito para recordar a sua visita \u00e0 capital espanhola.<\/p>\n","protected":false},"featured_media":9549,"template":"","meta":{"_acf_changed":false},"product_brand":[],"product_cat":[699],"product_tag":[],"class_list":{"0":"post-31778","1":"product","2":"type-product","3":"status-publish","4":"has-post-thumbnail","6":"product_cat-imanes","7":"pa_ciudad-madrid","8":"pa_motivo-guitarras","9":"pa_pais-espana","11":"first","12":"instock","13":"shipping-taxable","14":"product-type-simple"},"acf":[],"_links":{"self":[{"href":"https:\/\/olemosaic.com\/pt-pt\/wp-json\/wp\/v2\/product\/31778","targetHints":{"allow":["GET"]}}],"collection":[{"href":"https:\/\/olemosaic.com\/pt-pt\/wp-json\/wp\/v2\/product"}],"about":[{"href":"https:\/\/olemosaic.com\/pt-pt\/wp-json\/wp\/v2\/types\/product"}],"wp:featuredmedia":[{"embeddable":true,"href":"https:\/\/olemosaic.com\/pt-pt\/wp-json\/wp\/v2\/media\/9549"}],"wp:attachment":[{"href":"https:\/\/olemosaic.com\/pt-pt\/wp-json\/wp\/v2\/media?parent=31778"}],"wp:term":[{"taxonomy":"product_brand","embeddable":true,"href":"https:\/\/olemosaic.com\/pt-pt\/wp-json\/wp\/v2\/product_brand?post=31778"},{"taxonomy":"product_cat","embeddable":true,"href":"https:\/\/olemosaic.com\/pt-pt\/wp-json\/wp\/v2\/product_cat?post=31778"},{"taxonomy":"product_tag","embeddable":true,"href":"https:\/\/olemosaic.com\/pt-pt\/wp-json\/wp\/v2\/product_tag?post=31778"}],"curies":[{"name":"wp","href":"https:\/\/api.w.org\/{rel}","templated":true}]}}