{"id":31777,"date":"2025-02-20T22:32:05","date_gmt":"2025-02-20T22:32:05","guid":{"rendered":"http:\/\/olemosaic.com\/producto\/iman-de-madera-guitarra-valencia\/"},"modified":"2025-07-25T19:17:47","modified_gmt":"2025-07-25T17:17:47","slug":"iman-de-madeira-guitarra-valencia","status":"publish","type":"product","link":"https:\/\/olemosaic.com\/pt-pt\/produto\/iman-de-madeira-guitarra-valencia\/","title":{"rendered":"\u00cdman de madeira. Guitarra. Val\u00eancia."},"content":{"rendered":"<p>Este \u00edman de madeira com forma de guitarra \u00e9 uma recorda\u00e7\u00e3o encantadora que capta a ess\u00eancia cultural de Val\u00eancia. O seu design vibrante \u00e9 inspirado na colorida arte do mosaico, prestando homenagem a dois dos monumentos mais emblem\u00e1ticos da cidade: a ic\u00f3nica Cidade das Artes e das Ci\u00eancias e a hist\u00f3rica Lota da Seda. O \u00edman apresenta uma representa\u00e7\u00e3o art\u00edstica destes marcos, onde as tonalidades brilhantes de azul, vermelho e amarelo se combinam num padr\u00e3o original que evoca a vitalidade desta regi\u00e3o.<\/p>\n<p>O design da guitarra, al\u00e9m de ser um s\u00edmbolo da m\u00fasica e do folclore espanhol, destaca a palavra &#8220;Val\u00eancia&#8221; impressa com um estilo atrativo na parte superior, oferecendo um toque distintivo que real\u00e7a a autenticidade da recorda\u00e7\u00e3o. Este \u00edman n\u00e3o \u00e9 apenas ideal para decorar a casa, mas tamb\u00e9m serve como uma recorda\u00e7\u00e3o perfeita da rica heran\u00e7a cultural de Val\u00eancia.<\/p>\n<p>Como distribuidor de recorda\u00e7\u00f5es por grosso, a Ol\u00e9 Mosaic orgulha-se de oferecer este \u00edman de guitarra como uma op\u00e7\u00e3o excecional para lojas de presentes tur\u00edsticos que procuram produtos representativos e aut\u00eanticos. Este \u00edman de madeira \u00e9 uma excelente escolha para os turistas que desejam levar um pedacinho de Val\u00eancia, tornando-o um presente ideal e uma recorda\u00e7\u00e3o significativa da sua visita.<\/p>\n","protected":false},"excerpt":{"rendered":"<p>\u00cdman de madeira com forma de guitarra, que representa os monumentos emblem\u00e1ticos de Val\u00eancia. Esta atrativa recorda\u00e7\u00e3o destaca-se pelo seu colorido design inspirado na arte do mosaico, repleto de tons vibrantes que evocam a Cidade das Artes e das Ci\u00eancias e a Lota da Seda. A palavra &#8220;Val\u00eancia&#8221; est\u00e1 impressa com estilo na parte superior, acrescentando um toque distintivo a este \u00edman que celebra a cultura e o patrim\u00f3nio da cidade.<\/p>\n","protected":false},"featured_media":9566,"template":"","meta":{"_acf_changed":false},"product_brand":[],"product_cat":[699],"product_tag":[],"class_list":{"0":"post-31777","1":"product","2":"type-product","3":"status-publish","4":"has-post-thumbnail","6":"product_cat-imanes","7":"pa_ciudad-valencia","8":"pa_motivo-guitarras","9":"pa_pais-espana","11":"first","12":"instock","13":"shipping-taxable","14":"product-type-simple"},"acf":[],"_links":{"self":[{"href":"https:\/\/olemosaic.com\/pt-pt\/wp-json\/wp\/v2\/product\/31777","targetHints":{"allow":["GET"]}}],"collection":[{"href":"https:\/\/olemosaic.com\/pt-pt\/wp-json\/wp\/v2\/product"}],"about":[{"href":"https:\/\/olemosaic.com\/pt-pt\/wp-json\/wp\/v2\/types\/product"}],"wp:featuredmedia":[{"embeddable":true,"href":"https:\/\/olemosaic.com\/pt-pt\/wp-json\/wp\/v2\/media\/9566"}],"wp:attachment":[{"href":"https:\/\/olemosaic.com\/pt-pt\/wp-json\/wp\/v2\/media?parent=31777"}],"wp:term":[{"taxonomy":"product_brand","embeddable":true,"href":"https:\/\/olemosaic.com\/pt-pt\/wp-json\/wp\/v2\/product_brand?post=31777"},{"taxonomy":"product_cat","embeddable":true,"href":"https:\/\/olemosaic.com\/pt-pt\/wp-json\/wp\/v2\/product_cat?post=31777"},{"taxonomy":"product_tag","embeddable":true,"href":"https:\/\/olemosaic.com\/pt-pt\/wp-json\/wp\/v2\/product_tag?post=31777"}],"curies":[{"name":"wp","href":"https:\/\/api.w.org\/{rel}","templated":true}]}}