{"id":31775,"date":"2025-02-20T22:32:05","date_gmt":"2025-02-20T22:32:05","guid":{"rendered":"http:\/\/olemosaic.com\/producto\/iman-de-madera-camino-de-santiago\/"},"modified":"2025-07-25T19:36:46","modified_gmt":"2025-07-25T17:36:46","slug":"iman-de-madeira-caminho-de-santiago","status":"publish","type":"product","link":"https:\/\/olemosaic.com\/pt-pt\/produto\/iman-de-madeira-caminho-de-santiago\/","title":{"rendered":"\u00cdman de madeira. Caminho de Santiago."},"content":{"rendered":"<p>Este \u00edman de madeira decorado \u00e9 uma recorda\u00e7\u00e3o vibrante do Caminho de Santiago, uma das rotas de peregrina\u00e7\u00e3o mais emblem\u00e1ticas de Espanha. Este atrativo souvenir apresenta ilustra\u00e7\u00f5es imaginativas que representam elementos ic\u00f3nicos do caminho: a concha do peregrino, integrada com uma mochila de caminhada e um painel que assinala a dire\u00e7\u00e3o do percurso, evocando a experi\u00eancia \u00fanica desta viagem espiritual. A frase &#8220;CAMINHO DE SANTIAGO&#8221; aparece em letras coloridas e chamativas, capturando a ess\u00eancia desta aventura milenar.<\/p>\n<p>O \u00edman, elaborado em madeira resistente, n\u00e3o \u00e9 apenas um elemento decorativo, mas tamb\u00e9m um s\u00edmbolo que recorda a travessia e o crescimento pessoal que os peregrinos experimentam. O seu design ilustrativo destaca, al\u00e9m dos objetos, a atmosfera de camaradagem e reflex\u00e3o que caracteriza o Caminho. Al\u00e9m disso, o uso de cores vibrantes e um estilo divertido torna-o um objeto que acrescenta car\u00e1cter e alegria a qualquer frigor\u00edfico ou espa\u00e7o da casa.<\/p>\n<p>Na Ol\u00e9 Mosaic, especializamo-nos na distribui\u00e7\u00e3o de souvenirs por grosso e este \u00edman apresenta-se como uma op\u00e7\u00e3o perfeita para lojas de presentes tur\u00edsticos que procuram oferecer artigos representativos da cultura espanhola. Ideal para turistas que desejam levar um fragmento da riqueza cultural do Caminho, este \u00edman \u00e9 um presente aut\u00eantico que celebra a tradi\u00e7\u00e3o e as viv\u00eancias de um caminho cheio de hist\u00f3ria e espiritualidade.<\/p>\n","protected":false},"excerpt":{"rendered":"<p>\u00cdman de madeira decorado com elementos representativos do Caminho de Santiago. Este colorido \u00edman inclui uma concha, s\u00edmbolo do peregrino, uma mochila e um painel com o sinal de dire\u00e7\u00e3o do percurso, tudo com um estilo ilustrativo. A frase &#8220;CAMINHO DE SANTIAGO&#8221; destaca-se com letras vibrantes, fazendo alus\u00e3o a esta emblem\u00e1tica rota religiosa. Ideal para recordar a experi\u00eancia do caminho e acrescentar um toque de car\u00e1cter a qualquer frigor\u00edfico.<\/p>\n","protected":false},"featured_media":9563,"template":"","meta":{"_acf_changed":false},"product_brand":[],"product_cat":[699],"product_tag":[],"class_list":{"0":"post-31775","1":"product","2":"type-product","3":"status-publish","4":"has-post-thumbnail","6":"product_cat-imanes","7":"pa_motivo-caminho-de-santiago","9":"first","10":"instock","11":"shipping-taxable","12":"product-type-simple"},"acf":[],"_links":{"self":[{"href":"https:\/\/olemosaic.com\/pt-pt\/wp-json\/wp\/v2\/product\/31775","targetHints":{"allow":["GET"]}}],"collection":[{"href":"https:\/\/olemosaic.com\/pt-pt\/wp-json\/wp\/v2\/product"}],"about":[{"href":"https:\/\/olemosaic.com\/pt-pt\/wp-json\/wp\/v2\/types\/product"}],"wp:featuredmedia":[{"embeddable":true,"href":"https:\/\/olemosaic.com\/pt-pt\/wp-json\/wp\/v2\/media\/9563"}],"wp:attachment":[{"href":"https:\/\/olemosaic.com\/pt-pt\/wp-json\/wp\/v2\/media?parent=31775"}],"wp:term":[{"taxonomy":"product_brand","embeddable":true,"href":"https:\/\/olemosaic.com\/pt-pt\/wp-json\/wp\/v2\/product_brand?post=31775"},{"taxonomy":"product_cat","embeddable":true,"href":"https:\/\/olemosaic.com\/pt-pt\/wp-json\/wp\/v2\/product_cat?post=31775"},{"taxonomy":"product_tag","embeddable":true,"href":"https:\/\/olemosaic.com\/pt-pt\/wp-json\/wp\/v2\/product_tag?post=31775"}],"curies":[{"name":"wp","href":"https:\/\/api.w.org\/{rel}","templated":true}]}}