{"id":31774,"date":"2025-02-20T23:32:05","date_gmt":"2025-02-20T22:32:05","guid":{"rendered":"http:\/\/olemosaic.com\/producto\/iman-de-madera-salamandra-y-flores-gran-canaria\/"},"modified":"2025-07-25T19:14:27","modified_gmt":"2025-07-25T17:14:27","slug":"iman-de-madeira-salamandra-e-flores-gran-canaria","status":"publish","type":"product","link":"https:\/\/olemosaic.com\/pt-pt\/produto\/iman-de-madeira-salamandra-e-flores-gran-canaria\/","title":{"rendered":"\u00cdman de madeira. Salamandra e flores. Gran Canaria."},"content":{"rendered":"<p>Este \u00edman de madeira, decorado com vibrantes salamandras e flores, \u00e9 a recorda\u00e7\u00e3o perfeita que capta a ess\u00eancia da bela Gran Canaria. Pintado \u00e0 m\u00e3o com um estilo alegre e colorido, este \u00edman destaca duas fascinantes salamandras em tons de azul e vermelho, que acrescentam um toque de vida e movimento \u00e0 pe\u00e7a. Rodeadas de flores numa explos\u00e3o de cores, o design reflete a rica fauna e flora das Ilhas Can\u00e1rias, simbolizando a biodiversidade do seu ambiente natural.<\/p>\n<p>O texto &#8220;Gran Canaria&#8221; apresenta-se de forma amig\u00e1vel e exuberante, complementando a obra e real\u00e7ando a liga\u00e7\u00e3o com esta ilha paradis\u00edaca. Este \u00edman n\u00e3o \u00e9 apenas um acess\u00f3rio decorativo ideal para qualquer frigor\u00edfico, mas tamb\u00e9m um s\u00edmbolo da autenticidade da cultura can\u00e1ria. O seu fabrico artesanal garante que cada \u00edman \u00e9 \u00fanico, tornando-o um souvenir representativo da heran\u00e7a natural e cultural de Gran Canaria.<\/p>\n<p>Na Ol\u00e9 Mosaic, l\u00edderes na distribui\u00e7\u00e3o de souvenirs por grosso, oferecemos este \u00edman como uma excelente op\u00e7\u00e3o para lojas de presentes tur\u00edsticos que procuram produtos aut\u00eanticos e coloridos. Um \u00edman que cativar\u00e1 os turistas e lhes recordar\u00e1 a beleza de Gran Canaria cada vez que o virem. \u00c9 um imprescind\u00edvel para quem procura souvenirs de Gran Canaria que captem a alegria e a singularidade das ilhas.<\/p>\n","protected":false},"excerpt":{"rendered":"<p>\u00cdman de madeira decorado com vibrantes salamandras e flores, que representam a fauna e flora de Gran Canaria. Este colorido \u00edman, de design artesanal e pintado \u00e0 m\u00e3o, mostra duas salamandras em tons de azul e vermelho, rodeadas de flores numa variedade de cores que evocam a beleza natural das ilhas. O texto &#8220;Gran Canaria&#8221; apresenta-se de forma alegre, o que torna este \u00edman numa recorda\u00e7\u00e3o perfeita e num atrativo decorativo para qualquer frigor\u00edfico.<\/p>\n","protected":false},"featured_media":9967,"template":"","meta":{"_acf_changed":false},"product_brand":[],"product_cat":[699],"product_tag":[516],"class_list":{"0":"post-31774","1":"product","2":"type-product","3":"status-publish","4":"has-post-thumbnail","6":"product_cat-imanes","7":"product_tag-animais","8":"pa_ciudad-gran-canaria","9":"pa_motivo-salamandras","10":"pa_pais-espana","12":"first","13":"instock","14":"shipping-taxable","15":"product-type-simple"},"acf":[],"_links":{"self":[{"href":"https:\/\/olemosaic.com\/pt-pt\/wp-json\/wp\/v2\/product\/31774","targetHints":{"allow":["GET"]}}],"collection":[{"href":"https:\/\/olemosaic.com\/pt-pt\/wp-json\/wp\/v2\/product"}],"about":[{"href":"https:\/\/olemosaic.com\/pt-pt\/wp-json\/wp\/v2\/types\/product"}],"wp:featuredmedia":[{"embeddable":true,"href":"https:\/\/olemosaic.com\/pt-pt\/wp-json\/wp\/v2\/media\/9967"}],"wp:attachment":[{"href":"https:\/\/olemosaic.com\/pt-pt\/wp-json\/wp\/v2\/media?parent=31774"}],"wp:term":[{"taxonomy":"product_brand","embeddable":true,"href":"https:\/\/olemosaic.com\/pt-pt\/wp-json\/wp\/v2\/product_brand?post=31774"},{"taxonomy":"product_cat","embeddable":true,"href":"https:\/\/olemosaic.com\/pt-pt\/wp-json\/wp\/v2\/product_cat?post=31774"},{"taxonomy":"product_tag","embeddable":true,"href":"https:\/\/olemosaic.com\/pt-pt\/wp-json\/wp\/v2\/product_tag?post=31774"}],"curies":[{"name":"wp","href":"https:\/\/api.w.org\/{rel}","templated":true}]}}